{"id":981,"date":"2025-01-14T10:06:50","date_gmt":"2025-01-14T10:06:50","guid":{"rendered":"https:\/\/info.learnlab.net\/sv\/?page_id=981"},"modified":"2025-09-05T13:43:51","modified_gmt":"2025-09-05T13:43:51","slug":"foretag","status":"publish","type":"page","link":"https:\/\/info.learnlab.net\/sv\/foretag\/","title":{"rendered":"F\u00f6retag"},"content":{"rendered":"","protected":false},"excerpt":{"rendered":"","protected":false},"author":6,"featured_media":1352,"parent":0,"menu_order":0,"comment_status":"closed","ping_status":"closed","template":"page-templates\/campaign.php","meta":{"_acf_changed":false,"footnotes":""},"class_list":["post-981","page","type-page","status-publish","has-post-thumbnail","hentry"],"acf":[],"yoast_head":"<!-- This site is optimized with the Yoast SEO plugin v24.9 - https:\/\/yoast.com\/wordpress\/plugins\/seo\/ -->\n<title>F\u00f6retag - Learnlab SV<\/title>\n<meta name=\"robots\" content=\"index, follow, max-snippet:-1, max-image-preview:large, max-video-preview:-1\" \/>\n<link rel=\"canonical\" href=\"https:\/\/info.learnlab.net\/sv\/foretag\/\" \/>\n<meta property=\"og:locale\" content=\"en_US\" \/>\n<meta property=\"og:type\" content=\"article\" \/>\n<meta property=\"og:title\" content=\"F\u00f6retag - Learnlab SV\" \/>\n<meta property=\"og:url\" content=\"https:\/\/info.learnlab.net\/sv\/foretag\/\" \/>\n<meta property=\"og:site_name\" content=\"Learnlab SV\" \/>\n<meta property=\"article:modified_time\" content=\"2025-09-05T13:43:51+00:00\" \/>\n<meta property=\"og:image\" content=\"https:\/\/info.learnlab.net\/sv\/wp-content\/uploads\/sites\/17\/2025\/05\/learnlab_business.png\" \/>\n\t<meta property=\"og:image:width\" content=\"705\" \/>\n\t<meta property=\"og:image:height\" content=\"475\" \/>\n\t<meta property=\"og:image:type\" content=\"image\/png\" \/>\n<meta name=\"twitter:card\" content=\"summary_large_image\" \/>\n<meta name=\"twitter:label1\" content=\"Est. reading time\" \/>\n\t<meta name=\"twitter:data1\" content=\"1 minute\" \/>\n<script type=\"application\/ld+json\" class=\"yoast-schema-graph\">{\"@context\":\"https:\/\/schema.org\",\"@graph\":[{\"@type\":\"WebPage\",\"@id\":\"https:\/\/info.learnlab.net\/sv\/foretag\/\",\"url\":\"https:\/\/info.learnlab.net\/sv\/foretag\/\",\"name\":\"F\u00f6retag - Learnlab SV\",\"isPartOf\":{\"@id\":\"https:\/\/info.learnlab.net\/sv\/#website\"},\"primaryImageOfPage\":{\"@id\":\"https:\/\/info.learnlab.net\/sv\/foretag\/#primaryimage\"},\"image\":{\"@id\":\"https:\/\/info.learnlab.net\/sv\/foretag\/#primaryimage\"},\"thumbnailUrl\":\"https:\/\/info.learnlab.net\/sv\/wp-content\/uploads\/sites\/17\/2025\/05\/learnlab_business.png\",\"datePublished\":\"2025-01-14T10:06:50+00:00\",\"dateModified\":\"2025-09-05T13:43:51+00:00\",\"breadcrumb\":{\"@id\":\"https:\/\/info.learnlab.net\/sv\/foretag\/#breadcrumb\"},\"inLanguage\":\"en-US\",\"potentialAction\":[{\"@type\":\"ReadAction\",\"target\":[\"https:\/\/info.learnlab.net\/sv\/foretag\/\"]}]},{\"@type\":\"ImageObject\",\"inLanguage\":\"en-US\",\"@id\":\"https:\/\/info.learnlab.net\/sv\/foretag\/#primaryimage\",\"url\":\"https:\/\/info.learnlab.net\/sv\/wp-content\/uploads\/sites\/17\/2025\/05\/learnlab_business.png\",\"contentUrl\":\"https:\/\/info.learnlab.net\/sv\/wp-content\/uploads\/sites\/17\/2025\/05\/learnlab_business.png\",\"width\":705,\"height\":475,\"caption\":\"Learnlab aff\u00e4rsikon som visar ett segmenterat cirkeldiagram, vilket representerar datadrivet l\u00e4rande, analysverktyg och samarbetsplanering inom utbildning och f\u00f6retagsutbildning.\"},{\"@type\":\"BreadcrumbList\",\"@id\":\"https:\/\/info.learnlab.net\/sv\/foretag\/#breadcrumb\",\"itemListElement\":[{\"@type\":\"ListItem\",\"position\":1,\"name\":\"Home\",\"item\":\"https:\/\/info.learnlab.net\/sv\/\"},{\"@type\":\"ListItem\",\"position\":2,\"name\":\"F\u00f6retag\"}]},{\"@type\":\"WebSite\",\"@id\":\"https:\/\/info.learnlab.net\/sv\/#website\",\"url\":\"https:\/\/info.learnlab.net\/sv\/\",\"name\":\"Learnlab SV\",\"description\":\"Digital tools for teachers and students\",\"publisher\":{\"@id\":\"https:\/\/info.learnlab.net\/sv\/#organization\"},\"potentialAction\":[{\"@type\":\"SearchAction\",\"target\":{\"@type\":\"EntryPoint\",\"urlTemplate\":\"https:\/\/info.learnlab.net\/sv\/?s={search_term_string}\"},\"query-input\":{\"@type\":\"PropertyValueSpecification\",\"valueRequired\":true,\"valueName\":\"search_term_string\"}}],\"inLanguage\":\"en-US\"},{\"@type\":\"Organization\",\"@id\":\"https:\/\/info.learnlab.net\/sv\/#organization\",\"name\":\"Learnlab SV\",\"url\":\"https:\/\/info.learnlab.net\/sv\/\",\"logo\":{\"@type\":\"ImageObject\",\"inLanguage\":\"en-US\",\"@id\":\"https:\/\/info.learnlab.net\/sv\/#\/schema\/logo\/image\/\",\"url\":\"https:\/\/info.learnlab.net\/sv\/wp-content\/uploads\/sites\/17\/2024\/07\/learnlab-logo.svg\",\"contentUrl\":\"https:\/\/info.learnlab.net\/sv\/wp-content\/uploads\/sites\/17\/2024\/07\/learnlab-logo.svg\",\"caption\":\"Learnlab SV\"},\"image\":{\"@id\":\"https:\/\/info.learnlab.net\/sv\/#\/schema\/logo\/image\/\"}}]}<\/script>\n<!-- \/ Yoast SEO plugin. -->","yoast_head_json":{"title":"F\u00f6retag - Learnlab SV","robots":{"index":"index","follow":"follow","max-snippet":"max-snippet:-1","max-image-preview":"max-image-preview:large","max-video-preview":"max-video-preview:-1"},"canonical":"https:\/\/info.learnlab.net\/sv\/foretag\/","og_locale":"en_US","og_type":"article","og_title":"F\u00f6retag - Learnlab SV","og_url":"https:\/\/info.learnlab.net\/sv\/foretag\/","og_site_name":"Learnlab SV","article_modified_time":"2025-09-05T13:43:51+00:00","og_image":[{"width":705,"height":475,"url":"https:\/\/info.learnlab.net\/sv\/wp-content\/uploads\/sites\/17\/2025\/05\/learnlab_business.png","type":"image\/png"}],"twitter_card":"summary_large_image","twitter_misc":{"Est. reading time":"1 minute"},"schema":{"@context":"https:\/\/schema.org","@graph":[{"@type":"WebPage","@id":"https:\/\/info.learnlab.net\/sv\/foretag\/","url":"https:\/\/info.learnlab.net\/sv\/foretag\/","name":"F\u00f6retag - Learnlab SV","isPartOf":{"@id":"https:\/\/info.learnlab.net\/sv\/#website"},"primaryImageOfPage":{"@id":"https:\/\/info.learnlab.net\/sv\/foretag\/#primaryimage"},"image":{"@id":"https:\/\/info.learnlab.net\/sv\/foretag\/#primaryimage"},"thumbnailUrl":"https:\/\/info.learnlab.net\/sv\/wp-content\/uploads\/sites\/17\/2025\/05\/learnlab_business.png","datePublished":"2025-01-14T10:06:50+00:00","dateModified":"2025-09-05T13:43:51+00:00","breadcrumb":{"@id":"https:\/\/info.learnlab.net\/sv\/foretag\/#breadcrumb"},"inLanguage":"en-US","potentialAction":[{"@type":"ReadAction","target":["https:\/\/info.learnlab.net\/sv\/foretag\/"]}]},{"@type":"ImageObject","inLanguage":"en-US","@id":"https:\/\/info.learnlab.net\/sv\/foretag\/#primaryimage","url":"https:\/\/info.learnlab.net\/sv\/wp-content\/uploads\/sites\/17\/2025\/05\/learnlab_business.png","contentUrl":"https:\/\/info.learnlab.net\/sv\/wp-content\/uploads\/sites\/17\/2025\/05\/learnlab_business.png","width":705,"height":475,"caption":"Learnlab aff\u00e4rsikon som visar ett segmenterat cirkeldiagram, vilket representerar datadrivet l\u00e4rande, analysverktyg och samarbetsplanering inom utbildning och f\u00f6retagsutbildning."},{"@type":"BreadcrumbList","@id":"https:\/\/info.learnlab.net\/sv\/foretag\/#breadcrumb","itemListElement":[{"@type":"ListItem","position":1,"name":"Home","item":"https:\/\/info.learnlab.net\/sv\/"},{"@type":"ListItem","position":2,"name":"F\u00f6retag"}]},{"@type":"WebSite","@id":"https:\/\/info.learnlab.net\/sv\/#website","url":"https:\/\/info.learnlab.net\/sv\/","name":"Learnlab SV","description":"Digital tools for teachers and students","publisher":{"@id":"https:\/\/info.learnlab.net\/sv\/#organization"},"potentialAction":[{"@type":"SearchAction","target":{"@type":"EntryPoint","urlTemplate":"https:\/\/info.learnlab.net\/sv\/?s={search_term_string}"},"query-input":{"@type":"PropertyValueSpecification","valueRequired":true,"valueName":"search_term_string"}}],"inLanguage":"en-US"},{"@type":"Organization","@id":"https:\/\/info.learnlab.net\/sv\/#organization","name":"Learnlab SV","url":"https:\/\/info.learnlab.net\/sv\/","logo":{"@type":"ImageObject","inLanguage":"en-US","@id":"https:\/\/info.learnlab.net\/sv\/#\/schema\/logo\/image\/","url":"https:\/\/info.learnlab.net\/sv\/wp-content\/uploads\/sites\/17\/2024\/07\/learnlab-logo.svg","contentUrl":"https:\/\/info.learnlab.net\/sv\/wp-content\/uploads\/sites\/17\/2024\/07\/learnlab-logo.svg","caption":"Learnlab SV"},"image":{"@id":"https:\/\/info.learnlab.net\/sv\/#\/schema\/logo\/image\/"}}]}},"_links":{"self":[{"href":"https:\/\/info.learnlab.net\/sv\/wp-json\/wp\/v2\/pages\/981","targetHints":{"allow":["GET"]}}],"collection":[{"href":"https:\/\/info.learnlab.net\/sv\/wp-json\/wp\/v2\/pages"}],"about":[{"href":"https:\/\/info.learnlab.net\/sv\/wp-json\/wp\/v2\/types\/page"}],"author":[{"embeddable":true,"href":"https:\/\/info.learnlab.net\/sv\/wp-json\/wp\/v2\/users\/6"}],"replies":[{"embeddable":true,"href":"https:\/\/info.learnlab.net\/sv\/wp-json\/wp\/v2\/comments?post=981"}],"version-history":[{"count":30,"href":"https:\/\/info.learnlab.net\/sv\/wp-json\/wp\/v2\/pages\/981\/revisions"}],"predecessor-version":[{"id":1451,"href":"https:\/\/info.learnlab.net\/sv\/wp-json\/wp\/v2\/pages\/981\/revisions\/1451"}],"wp:featuredmedia":[{"embeddable":true,"href":"https:\/\/info.learnlab.net\/sv\/wp-json\/wp\/v2\/media\/1352"}],"wp:attachment":[{"href":"https:\/\/info.learnlab.net\/sv\/wp-json\/wp\/v2\/media?parent=981"}],"curies":[{"name":"wp","href":"https:\/\/api.w.org\/{rel}","templated":true}]}}