{"id":27,"date":"2024-07-09T12:51:07","date_gmt":"2024-07-09T12:51:07","guid":{"rendered":"https:\/\/info.learnlab.net\/sme\/?page_id=27"},"modified":"2024-08-13T13:02:14","modified_gmt":"2024-08-13T13:02:14","slug":"policy-inkludering-tilgjengelighet","status":"publish","type":"page","link":"https:\/\/info.learnlab.net\/sme\/policy-inkludering-tilgjengelighet\/","title":{"rendered":"Policy for inkludering og tilgjengelighet"},"content":{"rendered":"<p>Denne policyen representerer synspunktene som Learnlab AS (heretter referert til som \u00abvi\u00bb) har n\u00e5r det gjelder mangfold, tilgjengelighet, inkludering og likestilling i forbindelse med bruk og l\u00e6ring gjennom v\u00e5r utdanningsplattform.<\/p>\n<p><strong>M\u00e5l med Policyen<\/strong><br \/>\nDenne teksten beskriver Learnlabs m\u00e5l ang\u00e5ende tilgjengelighet uten \u00e5 v\u00e6re juridisk bindende. Dokumentet utgj\u00f8r ikke en teknisk eller funksjonell spesifikasjon for noen del av LearnLabs produkt.<\/p>\n<p><strong>Prinsipper for Mangfold og Inkludering<\/strong><br \/>\nVi mener:<\/p>\n<ul>\n<li>at dyp l\u00e6ring og velv\u00e6re b\u00f8r inkludere alle.<\/li>\n<li>i \u00e5 heve standarden og lukke gapet i utdanning.<\/li>\n<li>at mangfold er en ressurs som gj\u00f8r at vi kan l\u00e6re av hverandre, og b\u00f8r derfor oppmuntres positivt.<\/li>\n<\/ul>\n<p>Vi diskriminerer eller ekskluderer ikke basert p\u00e5 individuelle kjennetegn eller omstendigheter, inkludert, men ikke begrenset til, alder, funksjonshemming, kj\u00f8nn, kj\u00f8nnsidentitet, seksuell orientering, sivilstatus, politisk oppfatning, graviditet\/m\u00f8dre\/fedre, rase, hudfarge, kaste, nasjonalitet, etnisk eller nasjonal opprinnelse, religion eller tro, sosio\u00f8konomisk bakgrunn, fagforeningsmedlemskap eller utdanningsniv\u00e5 \u2014 i samsvar med, men ikke begrenset til, lovens omfang.<\/p>\n<p><strong>M\u00e5l for tilgjengelighet<\/strong><br \/>\nVi har som m\u00e5l \u00e5 v\u00e6re i samsvar med retningslinjene for webinnholdets tilgjengelighet <a href=\"http:\/\/www.w3.org\/TR\/WCAG20\/\">(WCAG) versjon 2.0<\/a>, til et AA-overensstemmelsesniv\u00e5.<\/p>\n<p>Vi har som m\u00e5l \u00e5 vise frem beste praksis innen tilgjengelighet gjennom v\u00e5re redaksjonelle og sosiale kanaler fra Learnlab-samfunnet.<\/p>\n","protected":false},"excerpt":{"rendered":"<p>Denne policyen representerer synspunktene som Learnlab AS (heretter referert til som \u00abvi\u00bb) har n\u00e5r det gjelder mangfold, tilgjengelighet, inkludering og likestilling i forbindelse med bruk og l\u00e6ring gjennom v\u00e5r utdanningsplattform. M\u00e5l med Policyen Denne teksten beskriver Learnlabs m\u00e5l ang\u00e5ende tilgjengelighet uten \u00e5 v\u00e6re juridisk bindende. Dokumentet utgj\u00f8r ikke en teknisk eller funksjonell spesifikasjon for noen [&hellip;]<\/p>\n","protected":false},"author":1,"featured_media":0,"parent":0,"menu_order":0,"comment_status":"closed","ping_status":"closed","template":"page-templates\/text.php","meta":{"_acf_changed":false,"footnotes":""},"class_list":["post-27","page","type-page","status-publish","hentry"],"acf":[],"yoast_head":"<!-- This site is optimized with the Yoast SEO plugin v24.9 - https:\/\/yoast.com\/wordpress\/plugins\/seo\/ -->\n<title>Policy for inkludering og tilgjengelighet - Learnlab Nordsamisk<\/title>\n<meta name=\"robots\" content=\"index, follow, max-snippet:-1, max-image-preview:large, max-video-preview:-1\" \/>\n<link rel=\"canonical\" href=\"https:\/\/info.learnlab.net\/sme\/policy-inkludering-tilgjengelighet\/\" \/>\n<meta property=\"og:locale\" content=\"en_US\" \/>\n<meta property=\"og:type\" content=\"article\" \/>\n<meta property=\"og:title\" content=\"Policy for inkludering og tilgjengelighet - Learnlab Nordsamisk\" \/>\n<meta property=\"og:description\" content=\"Denne policyen representerer synspunktene som Learnlab AS (heretter referert til som \u00abvi\u00bb) har n\u00e5r det gjelder mangfold, tilgjengelighet, inkludering og likestilling i forbindelse med bruk og l\u00e6ring gjennom v\u00e5r utdanningsplattform. M\u00e5l med Policyen Denne teksten beskriver Learnlabs m\u00e5l ang\u00e5ende tilgjengelighet uten \u00e5 v\u00e6re juridisk bindende. Dokumentet utgj\u00f8r ikke en teknisk eller funksjonell spesifikasjon for noen [&hellip;]\" \/>\n<meta property=\"og:url\" content=\"https:\/\/info.learnlab.net\/sme\/policy-inkludering-tilgjengelighet\/\" \/>\n<meta property=\"og:site_name\" content=\"Learnlab Nordsamisk\" \/>\n<meta property=\"article:modified_time\" content=\"2024-08-13T13:02:14+00:00\" \/>\n<meta name=\"twitter:card\" content=\"summary_large_image\" \/>\n<meta name=\"twitter:label1\" content=\"Est. reading time\" \/>\n\t<meta name=\"twitter:data1\" content=\"1 minute\" \/>\n<script type=\"application\/ld+json\" class=\"yoast-schema-graph\">{\"@context\":\"https:\/\/schema.org\",\"@graph\":[{\"@type\":\"WebPage\",\"@id\":\"https:\/\/info.learnlab.net\/sme\/policy-inkludering-tilgjengelighet\/\",\"url\":\"https:\/\/info.learnlab.net\/sme\/policy-inkludering-tilgjengelighet\/\",\"name\":\"Policy for inkludering og tilgjengelighet - Learnlab Nordsamisk\",\"isPartOf\":{\"@id\":\"https:\/\/info.learnlab.net\/sme\/#website\"},\"datePublished\":\"2024-07-09T12:51:07+00:00\",\"dateModified\":\"2024-08-13T13:02:14+00:00\",\"breadcrumb\":{\"@id\":\"https:\/\/info.learnlab.net\/sme\/policy-inkludering-tilgjengelighet\/#breadcrumb\"},\"inLanguage\":\"en-US\",\"potentialAction\":[{\"@type\":\"ReadAction\",\"target\":[\"https:\/\/info.learnlab.net\/sme\/policy-inkludering-tilgjengelighet\/\"]}]},{\"@type\":\"BreadcrumbList\",\"@id\":\"https:\/\/info.learnlab.net\/sme\/policy-inkludering-tilgjengelighet\/#breadcrumb\",\"itemListElement\":[{\"@type\":\"ListItem\",\"position\":1,\"name\":\"Home\",\"item\":\"https:\/\/info.learnlab.net\/sme\/\"},{\"@type\":\"ListItem\",\"position\":2,\"name\":\"Policy for inkludering og tilgjengelighet\"}]},{\"@type\":\"WebSite\",\"@id\":\"https:\/\/info.learnlab.net\/sme\/#website\",\"url\":\"https:\/\/info.learnlab.net\/sme\/\",\"name\":\"Learnlab Nordsamisk\",\"description\":\"Digitale verkt\u00f8y for l\u00e6rere og elever\",\"publisher\":{\"@id\":\"https:\/\/info.learnlab.net\/sme\/#organization\"},\"potentialAction\":[{\"@type\":\"SearchAction\",\"target\":{\"@type\":\"EntryPoint\",\"urlTemplate\":\"https:\/\/info.learnlab.net\/sme\/?s={search_term_string}\"},\"query-input\":{\"@type\":\"PropertyValueSpecification\",\"valueRequired\":true,\"valueName\":\"search_term_string\"}}],\"inLanguage\":\"en-US\"},{\"@type\":\"Organization\",\"@id\":\"https:\/\/info.learnlab.net\/sme\/#organization\",\"name\":\"Learnlab Nordsamisk\",\"url\":\"https:\/\/info.learnlab.net\/sme\/\",\"logo\":{\"@type\":\"ImageObject\",\"inLanguage\":\"en-US\",\"@id\":\"https:\/\/info.learnlab.net\/sme\/#\/schema\/logo\/image\/\",\"url\":\"https:\/\/info.learnlab.net\/sme\/wp-content\/uploads\/sites\/22\/2024\/07\/learnlab-logo.svg\",\"contentUrl\":\"https:\/\/info.learnlab.net\/sme\/wp-content\/uploads\/sites\/22\/2024\/07\/learnlab-logo.svg\",\"caption\":\"Learnlab Nordsamisk\"},\"image\":{\"@id\":\"https:\/\/info.learnlab.net\/sme\/#\/schema\/logo\/image\/\"}}]}<\/script>\n<!-- \/ Yoast SEO plugin. -->","yoast_head_json":{"title":"Policy for inkludering og tilgjengelighet - Learnlab Nordsamisk","robots":{"index":"index","follow":"follow","max-snippet":"max-snippet:-1","max-image-preview":"max-image-preview:large","max-video-preview":"max-video-preview:-1"},"canonical":"https:\/\/info.learnlab.net\/sme\/policy-inkludering-tilgjengelighet\/","og_locale":"en_US","og_type":"article","og_title":"Policy for inkludering og tilgjengelighet - Learnlab Nordsamisk","og_description":"Denne policyen representerer synspunktene som Learnlab AS (heretter referert til som \u00abvi\u00bb) har n\u00e5r det gjelder mangfold, tilgjengelighet, inkludering og likestilling i forbindelse med bruk og l\u00e6ring gjennom v\u00e5r utdanningsplattform. M\u00e5l med Policyen Denne teksten beskriver Learnlabs m\u00e5l ang\u00e5ende tilgjengelighet uten \u00e5 v\u00e6re juridisk bindende. Dokumentet utgj\u00f8r ikke en teknisk eller funksjonell spesifikasjon for noen [&hellip;]","og_url":"https:\/\/info.learnlab.net\/sme\/policy-inkludering-tilgjengelighet\/","og_site_name":"Learnlab Nordsamisk","article_modified_time":"2024-08-13T13:02:14+00:00","twitter_card":"summary_large_image","twitter_misc":{"Est. reading time":"1 minute"},"schema":{"@context":"https:\/\/schema.org","@graph":[{"@type":"WebPage","@id":"https:\/\/info.learnlab.net\/sme\/policy-inkludering-tilgjengelighet\/","url":"https:\/\/info.learnlab.net\/sme\/policy-inkludering-tilgjengelighet\/","name":"Policy for inkludering og tilgjengelighet - Learnlab Nordsamisk","isPartOf":{"@id":"https:\/\/info.learnlab.net\/sme\/#website"},"datePublished":"2024-07-09T12:51:07+00:00","dateModified":"2024-08-13T13:02:14+00:00","breadcrumb":{"@id":"https:\/\/info.learnlab.net\/sme\/policy-inkludering-tilgjengelighet\/#breadcrumb"},"inLanguage":"en-US","potentialAction":[{"@type":"ReadAction","target":["https:\/\/info.learnlab.net\/sme\/policy-inkludering-tilgjengelighet\/"]}]},{"@type":"BreadcrumbList","@id":"https:\/\/info.learnlab.net\/sme\/policy-inkludering-tilgjengelighet\/#breadcrumb","itemListElement":[{"@type":"ListItem","position":1,"name":"Home","item":"https:\/\/info.learnlab.net\/sme\/"},{"@type":"ListItem","position":2,"name":"Policy for inkludering og tilgjengelighet"}]},{"@type":"WebSite","@id":"https:\/\/info.learnlab.net\/sme\/#website","url":"https:\/\/info.learnlab.net\/sme\/","name":"Learnlab Nordsamisk","description":"Digitale verkt\u00f8y for l\u00e6rere og elever","publisher":{"@id":"https:\/\/info.learnlab.net\/sme\/#organization"},"potentialAction":[{"@type":"SearchAction","target":{"@type":"EntryPoint","urlTemplate":"https:\/\/info.learnlab.net\/sme\/?s={search_term_string}"},"query-input":{"@type":"PropertyValueSpecification","valueRequired":true,"valueName":"search_term_string"}}],"inLanguage":"en-US"},{"@type":"Organization","@id":"https:\/\/info.learnlab.net\/sme\/#organization","name":"Learnlab Nordsamisk","url":"https:\/\/info.learnlab.net\/sme\/","logo":{"@type":"ImageObject","inLanguage":"en-US","@id":"https:\/\/info.learnlab.net\/sme\/#\/schema\/logo\/image\/","url":"https:\/\/info.learnlab.net\/sme\/wp-content\/uploads\/sites\/22\/2024\/07\/learnlab-logo.svg","contentUrl":"https:\/\/info.learnlab.net\/sme\/wp-content\/uploads\/sites\/22\/2024\/07\/learnlab-logo.svg","caption":"Learnlab Nordsamisk"},"image":{"@id":"https:\/\/info.learnlab.net\/sme\/#\/schema\/logo\/image\/"}}]}},"_links":{"self":[{"href":"https:\/\/info.learnlab.net\/sme\/wp-json\/wp\/v2\/pages\/27","targetHints":{"allow":["GET"]}}],"collection":[{"href":"https:\/\/info.learnlab.net\/sme\/wp-json\/wp\/v2\/pages"}],"about":[{"href":"https:\/\/info.learnlab.net\/sme\/wp-json\/wp\/v2\/types\/page"}],"author":[{"embeddable":true,"href":"https:\/\/info.learnlab.net\/sme\/wp-json\/wp\/v2\/users\/1"}],"replies":[{"embeddable":true,"href":"https:\/\/info.learnlab.net\/sme\/wp-json\/wp\/v2\/comments?post=27"}],"version-history":[{"count":5,"href":"https:\/\/info.learnlab.net\/sme\/wp-json\/wp\/v2\/pages\/27\/revisions"}],"predecessor-version":[{"id":1296,"href":"https:\/\/info.learnlab.net\/sme\/wp-json\/wp\/v2\/pages\/27\/revisions\/1296"}],"wp:attachment":[{"href":"https:\/\/info.learnlab.net\/sme\/wp-json\/wp\/v2\/media?parent=27"}],"curies":[{"name":"wp","href":"https:\/\/api.w.org\/{rel}","templated":true}]}}