{"id":46,"date":"2024-07-10T14:42:04","date_gmt":"2024-07-10T14:42:04","guid":{"rendered":"https:\/\/info.learnlab.net\/sma\/?page_id=46"},"modified":"2025-11-26T11:47:36","modified_gmt":"2025-11-26T11:47:36","slug":"mijjen-bijre","status":"publish","type":"page","link":"https:\/\/info.learnlab.net\/sma\/mijjen-bijre\/","title":{"rendered":"Mijjen b\u00efjre"},"content":{"rendered":"","protected":false},"excerpt":{"rendered":"","protected":false},"author":1,"featured_media":0,"parent":0,"menu_order":0,"comment_status":"closed","ping_status":"closed","template":"","meta":{"_acf_changed":false,"footnotes":""},"class_list":["post-46","page","type-page","status-publish","hentry"],"acf":[],"yoast_head":"<!-- This site is optimized with the Yoast SEO plugin v24.9 - https:\/\/yoast.com\/wordpress\/plugins\/seo\/ -->\n<title>Mijjen b\u00efjre - Learnlab S\u00f8rsamisk<\/title>\n<meta name=\"description\" content=\"Learnlab er et norsk selskap grunnlagt i 2017, med kontorer i Oslo. Grunnleggerne har mer enn 25 \u00e5rs erfaring innen utdanningsutvikling og teknologi.\" \/>\n<meta name=\"robots\" content=\"index, follow, max-snippet:-1, max-image-preview:large, max-video-preview:-1\" \/>\n<link rel=\"canonical\" href=\"https:\/\/info.learnlab.net\/sma\/mijjen-bijre\/\" \/>\n<meta property=\"og:locale\" content=\"en_US\" \/>\n<meta property=\"og:type\" content=\"article\" \/>\n<meta property=\"og:title\" content=\"Mijjen b\u00efjre - Learnlab S\u00f8rsamisk\" \/>\n<meta property=\"og:description\" content=\"Learnlab er et norsk selskap grunnlagt i 2017, med kontorer i Oslo. Grunnleggerne har mer enn 25 \u00e5rs erfaring innen utdanningsutvikling og teknologi.\" \/>\n<meta property=\"og:url\" content=\"https:\/\/info.learnlab.net\/sma\/mijjen-bijre\/\" \/>\n<meta property=\"og:site_name\" content=\"Learnlab S\u00f8rsamisk\" \/>\n<meta property=\"article:modified_time\" content=\"2025-11-26T11:47:36+00:00\" \/>\n<meta name=\"twitter:card\" content=\"summary_large_image\" \/>\n<script type=\"application\/ld+json\" class=\"yoast-schema-graph\">{\"@context\":\"https:\/\/schema.org\",\"@graph\":[{\"@type\":\"WebPage\",\"@id\":\"https:\/\/info.learnlab.net\/sma\/mijjen-bijre\/\",\"url\":\"https:\/\/info.learnlab.net\/sma\/mijjen-bijre\/\",\"name\":\"Mijjen b\u00efjre - Learnlab S\u00f8rsamisk\",\"isPartOf\":{\"@id\":\"https:\/\/info.learnlab.net\/sma\/#website\"},\"datePublished\":\"2024-07-10T14:42:04+00:00\",\"dateModified\":\"2025-11-26T11:47:36+00:00\",\"description\":\"Learnlab er et norsk selskap grunnlagt i 2017, med kontorer i Oslo. Grunnleggerne har mer enn 25 \u00e5rs erfaring innen utdanningsutvikling og teknologi.\",\"breadcrumb\":{\"@id\":\"https:\/\/info.learnlab.net\/sma\/mijjen-bijre\/#breadcrumb\"},\"inLanguage\":\"en-US\",\"potentialAction\":[{\"@type\":\"ReadAction\",\"target\":[\"https:\/\/info.learnlab.net\/sma\/mijjen-bijre\/\"]}]},{\"@type\":\"BreadcrumbList\",\"@id\":\"https:\/\/info.learnlab.net\/sma\/mijjen-bijre\/#breadcrumb\",\"itemListElement\":[{\"@type\":\"ListItem\",\"position\":1,\"name\":\"Home\",\"item\":\"https:\/\/info.learnlab.net\/sma\/\"},{\"@type\":\"ListItem\",\"position\":2,\"name\":\"Mijjen b\u00efjre\"}]},{\"@type\":\"WebSite\",\"@id\":\"https:\/\/info.learnlab.net\/sma\/#website\",\"url\":\"https:\/\/info.learnlab.net\/sma\/\",\"name\":\"Learnlab S\u00f8rsamisk\",\"description\":\"Digitale verkt\u00f8y for l\u00e6rere og elever\",\"publisher\":{\"@id\":\"https:\/\/info.learnlab.net\/sma\/#organization\"},\"potentialAction\":[{\"@type\":\"SearchAction\",\"target\":{\"@type\":\"EntryPoint\",\"urlTemplate\":\"https:\/\/info.learnlab.net\/sma\/?s={search_term_string}\"},\"query-input\":{\"@type\":\"PropertyValueSpecification\",\"valueRequired\":true,\"valueName\":\"search_term_string\"}}],\"inLanguage\":\"en-US\"},{\"@type\":\"Organization\",\"@id\":\"https:\/\/info.learnlab.net\/sma\/#organization\",\"name\":\"Learnlab S\u00f8rsamisk\",\"url\":\"https:\/\/info.learnlab.net\/sma\/\",\"logo\":{\"@type\":\"ImageObject\",\"inLanguage\":\"en-US\",\"@id\":\"https:\/\/info.learnlab.net\/sma\/#\/schema\/logo\/image\/\",\"url\":\"https:\/\/info.learnlab.net\/sma\/wp-content\/uploads\/sites\/21\/2024\/07\/learnlab-logo.svg\",\"contentUrl\":\"https:\/\/info.learnlab.net\/sma\/wp-content\/uploads\/sites\/21\/2024\/07\/learnlab-logo.svg\",\"caption\":\"Learnlab S\u00f8rsamisk\"},\"image\":{\"@id\":\"https:\/\/info.learnlab.net\/sma\/#\/schema\/logo\/image\/\"}}]}<\/script>\n<!-- \/ Yoast SEO plugin. -->","yoast_head_json":{"title":"Mijjen b\u00efjre - Learnlab S\u00f8rsamisk","description":"Learnlab er et norsk selskap grunnlagt i 2017, med kontorer i Oslo. Grunnleggerne har mer enn 25 \u00e5rs erfaring innen utdanningsutvikling og teknologi.","robots":{"index":"index","follow":"follow","max-snippet":"max-snippet:-1","max-image-preview":"max-image-preview:large","max-video-preview":"max-video-preview:-1"},"canonical":"https:\/\/info.learnlab.net\/sma\/mijjen-bijre\/","og_locale":"en_US","og_type":"article","og_title":"Mijjen b\u00efjre - Learnlab S\u00f8rsamisk","og_description":"Learnlab er et norsk selskap grunnlagt i 2017, med kontorer i Oslo. Grunnleggerne har mer enn 25 \u00e5rs erfaring innen utdanningsutvikling og teknologi.","og_url":"https:\/\/info.learnlab.net\/sma\/mijjen-bijre\/","og_site_name":"Learnlab S\u00f8rsamisk","article_modified_time":"2025-11-26T11:47:36+00:00","twitter_card":"summary_large_image","schema":{"@context":"https:\/\/schema.org","@graph":[{"@type":"WebPage","@id":"https:\/\/info.learnlab.net\/sma\/mijjen-bijre\/","url":"https:\/\/info.learnlab.net\/sma\/mijjen-bijre\/","name":"Mijjen b\u00efjre - Learnlab S\u00f8rsamisk","isPartOf":{"@id":"https:\/\/info.learnlab.net\/sma\/#website"},"datePublished":"2024-07-10T14:42:04+00:00","dateModified":"2025-11-26T11:47:36+00:00","description":"Learnlab er et norsk selskap grunnlagt i 2017, med kontorer i Oslo. Grunnleggerne har mer enn 25 \u00e5rs erfaring innen utdanningsutvikling og teknologi.","breadcrumb":{"@id":"https:\/\/info.learnlab.net\/sma\/mijjen-bijre\/#breadcrumb"},"inLanguage":"en-US","potentialAction":[{"@type":"ReadAction","target":["https:\/\/info.learnlab.net\/sma\/mijjen-bijre\/"]}]},{"@type":"BreadcrumbList","@id":"https:\/\/info.learnlab.net\/sma\/mijjen-bijre\/#breadcrumb","itemListElement":[{"@type":"ListItem","position":1,"name":"Home","item":"https:\/\/info.learnlab.net\/sma\/"},{"@type":"ListItem","position":2,"name":"Mijjen b\u00efjre"}]},{"@type":"WebSite","@id":"https:\/\/info.learnlab.net\/sma\/#website","url":"https:\/\/info.learnlab.net\/sma\/","name":"Learnlab S\u00f8rsamisk","description":"Digitale verkt\u00f8y for l\u00e6rere og elever","publisher":{"@id":"https:\/\/info.learnlab.net\/sma\/#organization"},"potentialAction":[{"@type":"SearchAction","target":{"@type":"EntryPoint","urlTemplate":"https:\/\/info.learnlab.net\/sma\/?s={search_term_string}"},"query-input":{"@type":"PropertyValueSpecification","valueRequired":true,"valueName":"search_term_string"}}],"inLanguage":"en-US"},{"@type":"Organization","@id":"https:\/\/info.learnlab.net\/sma\/#organization","name":"Learnlab S\u00f8rsamisk","url":"https:\/\/info.learnlab.net\/sma\/","logo":{"@type":"ImageObject","inLanguage":"en-US","@id":"https:\/\/info.learnlab.net\/sma\/#\/schema\/logo\/image\/","url":"https:\/\/info.learnlab.net\/sma\/wp-content\/uploads\/sites\/21\/2024\/07\/learnlab-logo.svg","contentUrl":"https:\/\/info.learnlab.net\/sma\/wp-content\/uploads\/sites\/21\/2024\/07\/learnlab-logo.svg","caption":"Learnlab S\u00f8rsamisk"},"image":{"@id":"https:\/\/info.learnlab.net\/sma\/#\/schema\/logo\/image\/"}}]}},"_links":{"self":[{"href":"https:\/\/info.learnlab.net\/sma\/wp-json\/wp\/v2\/pages\/46","targetHints":{"allow":["GET"]}}],"collection":[{"href":"https:\/\/info.learnlab.net\/sma\/wp-json\/wp\/v2\/pages"}],"about":[{"href":"https:\/\/info.learnlab.net\/sma\/wp-json\/wp\/v2\/types\/page"}],"author":[{"embeddable":true,"href":"https:\/\/info.learnlab.net\/sma\/wp-json\/wp\/v2\/users\/1"}],"replies":[{"embeddable":true,"href":"https:\/\/info.learnlab.net\/sma\/wp-json\/wp\/v2\/comments?post=46"}],"version-history":[{"count":18,"href":"https:\/\/info.learnlab.net\/sma\/wp-json\/wp\/v2\/pages\/46\/revisions"}],"predecessor-version":[{"id":3470,"href":"https:\/\/info.learnlab.net\/sma\/wp-json\/wp\/v2\/pages\/46\/revisions\/3470"}],"wp:attachment":[{"href":"https:\/\/info.learnlab.net\/sma\/wp-json\/wp\/v2\/media?parent=46"}],"curies":[{"name":"wp","href":"https:\/\/api.w.org\/{rel}","templated":true}]}}