{"id":2221,"date":"2025-01-15T14:02:27","date_gmt":"2025-01-15T14:02:27","guid":{"rendered":"https:\/\/info.learnlab.net\/sma\/?page_id=2221"},"modified":"2025-11-13T15:14:34","modified_gmt":"2025-11-13T15:14:34","slug":"healsoe","status":"publish","type":"page","link":"https:\/\/info.learnlab.net\/sma\/healsoe\/","title":{"rendered":"Healsoe"},"content":{"rendered":"","protected":false},"excerpt":{"rendered":"","protected":false},"author":6,"featured_media":3008,"parent":0,"menu_order":0,"comment_status":"closed","ping_status":"closed","template":"page-templates\/campaign.php","meta":{"_acf_changed":false,"footnotes":""},"class_list":["post-2221","page","type-page","status-publish","has-post-thumbnail","hentry"],"acf":[],"yoast_head":"<!-- This site is optimized with the Yoast SEO plugin v24.9 - https:\/\/yoast.com\/wordpress\/plugins\/seo\/ -->\n<title>Healsoe - Learnlab S\u00f8rsamisk<\/title>\n<meta name=\"robots\" content=\"index, follow, max-snippet:-1, max-image-preview:large, max-video-preview:-1\" \/>\n<link rel=\"canonical\" href=\"https:\/\/info.learnlab.net\/sma\/healsoe\/\" \/>\n<meta property=\"og:locale\" content=\"en_US\" \/>\n<meta property=\"og:type\" content=\"article\" \/>\n<meta property=\"og:title\" content=\"Healsoe - Learnlab S\u00f8rsamisk\" \/>\n<meta property=\"og:url\" content=\"https:\/\/info.learnlab.net\/sma\/healsoe\/\" \/>\n<meta property=\"og:site_name\" content=\"Learnlab S\u00f8rsamisk\" \/>\n<meta property=\"article:modified_time\" content=\"2025-11-13T15:14:34+00:00\" \/>\n<meta name=\"twitter:card\" content=\"summary_large_image\" \/>\n<meta name=\"twitter:label1\" content=\"Est. reading time\" \/>\n\t<meta name=\"twitter:data1\" content=\"1 minute\" \/>\n<script type=\"application\/ld+json\" class=\"yoast-schema-graph\">{\"@context\":\"https:\/\/schema.org\",\"@graph\":[{\"@type\":\"WebPage\",\"@id\":\"https:\/\/info.learnlab.net\/sma\/healsoe\/\",\"url\":\"https:\/\/info.learnlab.net\/sma\/healsoe\/\",\"name\":\"Healsoe - Learnlab S\u00f8rsamisk\",\"isPartOf\":{\"@id\":\"https:\/\/info.learnlab.net\/sma\/#website\"},\"primaryImageOfPage\":{\"@id\":\"https:\/\/info.learnlab.net\/sma\/healsoe\/#primaryimage\"},\"image\":{\"@id\":\"https:\/\/info.learnlab.net\/sma\/healsoe\/#primaryimage\"},\"thumbnailUrl\":\"https:\/\/info.learnlab.net\/sma\/wp-content\/uploads\/sites\/21\/2025\/07\/Group-46.svg\",\"datePublished\":\"2025-01-15T14:02:27+00:00\",\"dateModified\":\"2025-11-13T15:14:34+00:00\",\"breadcrumb\":{\"@id\":\"https:\/\/info.learnlab.net\/sma\/healsoe\/#breadcrumb\"},\"inLanguage\":\"en-US\",\"potentialAction\":[{\"@type\":\"ReadAction\",\"target\":[\"https:\/\/info.learnlab.net\/sma\/healsoe\/\"]}]},{\"@type\":\"ImageObject\",\"inLanguage\":\"en-US\",\"@id\":\"https:\/\/info.learnlab.net\/sma\/healsoe\/#primaryimage\",\"url\":\"https:\/\/info.learnlab.net\/sma\/wp-content\/uploads\/sites\/21\/2025\/07\/Group-46.svg\",\"contentUrl\":\"https:\/\/info.learnlab.net\/sma\/wp-content\/uploads\/sites\/21\/2025\/07\/Group-46.svg\"},{\"@type\":\"BreadcrumbList\",\"@id\":\"https:\/\/info.learnlab.net\/sma\/healsoe\/#breadcrumb\",\"itemListElement\":[{\"@type\":\"ListItem\",\"position\":1,\"name\":\"Home\",\"item\":\"https:\/\/info.learnlab.net\/sma\/\"},{\"@type\":\"ListItem\",\"position\":2,\"name\":\"Healsoe\"}]},{\"@type\":\"WebSite\",\"@id\":\"https:\/\/info.learnlab.net\/sma\/#website\",\"url\":\"https:\/\/info.learnlab.net\/sma\/\",\"name\":\"Learnlab S\u00f8rsamisk\",\"description\":\"Digitale verkt\u00f8y for l\u00e6rere og elever\",\"publisher\":{\"@id\":\"https:\/\/info.learnlab.net\/sma\/#organization\"},\"potentialAction\":[{\"@type\":\"SearchAction\",\"target\":{\"@type\":\"EntryPoint\",\"urlTemplate\":\"https:\/\/info.learnlab.net\/sma\/?s={search_term_string}\"},\"query-input\":{\"@type\":\"PropertyValueSpecification\",\"valueRequired\":true,\"valueName\":\"search_term_string\"}}],\"inLanguage\":\"en-US\"},{\"@type\":\"Organization\",\"@id\":\"https:\/\/info.learnlab.net\/sma\/#organization\",\"name\":\"Learnlab S\u00f8rsamisk\",\"url\":\"https:\/\/info.learnlab.net\/sma\/\",\"logo\":{\"@type\":\"ImageObject\",\"inLanguage\":\"en-US\",\"@id\":\"https:\/\/info.learnlab.net\/sma\/#\/schema\/logo\/image\/\",\"url\":\"https:\/\/info.learnlab.net\/sma\/wp-content\/uploads\/sites\/21\/2024\/07\/learnlab-logo.svg\",\"contentUrl\":\"https:\/\/info.learnlab.net\/sma\/wp-content\/uploads\/sites\/21\/2024\/07\/learnlab-logo.svg\",\"caption\":\"Learnlab S\u00f8rsamisk\"},\"image\":{\"@id\":\"https:\/\/info.learnlab.net\/sma\/#\/schema\/logo\/image\/\"}}]}<\/script>\n<!-- \/ Yoast SEO plugin. -->","yoast_head_json":{"title":"Healsoe - Learnlab S\u00f8rsamisk","robots":{"index":"index","follow":"follow","max-snippet":"max-snippet:-1","max-image-preview":"max-image-preview:large","max-video-preview":"max-video-preview:-1"},"canonical":"https:\/\/info.learnlab.net\/sma\/healsoe\/","og_locale":"en_US","og_type":"article","og_title":"Healsoe - Learnlab S\u00f8rsamisk","og_url":"https:\/\/info.learnlab.net\/sma\/healsoe\/","og_site_name":"Learnlab S\u00f8rsamisk","article_modified_time":"2025-11-13T15:14:34+00:00","twitter_card":"summary_large_image","twitter_misc":{"Est. reading time":"1 minute"},"schema":{"@context":"https:\/\/schema.org","@graph":[{"@type":"WebPage","@id":"https:\/\/info.learnlab.net\/sma\/healsoe\/","url":"https:\/\/info.learnlab.net\/sma\/healsoe\/","name":"Healsoe - Learnlab S\u00f8rsamisk","isPartOf":{"@id":"https:\/\/info.learnlab.net\/sma\/#website"},"primaryImageOfPage":{"@id":"https:\/\/info.learnlab.net\/sma\/healsoe\/#primaryimage"},"image":{"@id":"https:\/\/info.learnlab.net\/sma\/healsoe\/#primaryimage"},"thumbnailUrl":"https:\/\/info.learnlab.net\/sma\/wp-content\/uploads\/sites\/21\/2025\/07\/Group-46.svg","datePublished":"2025-01-15T14:02:27+00:00","dateModified":"2025-11-13T15:14:34+00:00","breadcrumb":{"@id":"https:\/\/info.learnlab.net\/sma\/healsoe\/#breadcrumb"},"inLanguage":"en-US","potentialAction":[{"@type":"ReadAction","target":["https:\/\/info.learnlab.net\/sma\/healsoe\/"]}]},{"@type":"ImageObject","inLanguage":"en-US","@id":"https:\/\/info.learnlab.net\/sma\/healsoe\/#primaryimage","url":"https:\/\/info.learnlab.net\/sma\/wp-content\/uploads\/sites\/21\/2025\/07\/Group-46.svg","contentUrl":"https:\/\/info.learnlab.net\/sma\/wp-content\/uploads\/sites\/21\/2025\/07\/Group-46.svg"},{"@type":"BreadcrumbList","@id":"https:\/\/info.learnlab.net\/sma\/healsoe\/#breadcrumb","itemListElement":[{"@type":"ListItem","position":1,"name":"Home","item":"https:\/\/info.learnlab.net\/sma\/"},{"@type":"ListItem","position":2,"name":"Healsoe"}]},{"@type":"WebSite","@id":"https:\/\/info.learnlab.net\/sma\/#website","url":"https:\/\/info.learnlab.net\/sma\/","name":"Learnlab S\u00f8rsamisk","description":"Digitale verkt\u00f8y for l\u00e6rere og elever","publisher":{"@id":"https:\/\/info.learnlab.net\/sma\/#organization"},"potentialAction":[{"@type":"SearchAction","target":{"@type":"EntryPoint","urlTemplate":"https:\/\/info.learnlab.net\/sma\/?s={search_term_string}"},"query-input":{"@type":"PropertyValueSpecification","valueRequired":true,"valueName":"search_term_string"}}],"inLanguage":"en-US"},{"@type":"Organization","@id":"https:\/\/info.learnlab.net\/sma\/#organization","name":"Learnlab S\u00f8rsamisk","url":"https:\/\/info.learnlab.net\/sma\/","logo":{"@type":"ImageObject","inLanguage":"en-US","@id":"https:\/\/info.learnlab.net\/sma\/#\/schema\/logo\/image\/","url":"https:\/\/info.learnlab.net\/sma\/wp-content\/uploads\/sites\/21\/2024\/07\/learnlab-logo.svg","contentUrl":"https:\/\/info.learnlab.net\/sma\/wp-content\/uploads\/sites\/21\/2024\/07\/learnlab-logo.svg","caption":"Learnlab S\u00f8rsamisk"},"image":{"@id":"https:\/\/info.learnlab.net\/sma\/#\/schema\/logo\/image\/"}}]}},"_links":{"self":[{"href":"https:\/\/info.learnlab.net\/sma\/wp-json\/wp\/v2\/pages\/2221","targetHints":{"allow":["GET"]}}],"collection":[{"href":"https:\/\/info.learnlab.net\/sma\/wp-json\/wp\/v2\/pages"}],"about":[{"href":"https:\/\/info.learnlab.net\/sma\/wp-json\/wp\/v2\/types\/page"}],"author":[{"embeddable":true,"href":"https:\/\/info.learnlab.net\/sma\/wp-json\/wp\/v2\/users\/6"}],"replies":[{"embeddable":true,"href":"https:\/\/info.learnlab.net\/sma\/wp-json\/wp\/v2\/comments?post=2221"}],"version-history":[{"count":16,"href":"https:\/\/info.learnlab.net\/sma\/wp-json\/wp\/v2\/pages\/2221\/revisions"}],"predecessor-version":[{"id":3448,"href":"https:\/\/info.learnlab.net\/sma\/wp-json\/wp\/v2\/pages\/2221\/revisions\/3448"}],"wp:featuredmedia":[{"embeddable":true,"href":"https:\/\/info.learnlab.net\/sma\/wp-json\/wp\/v2\/media\/3008"}],"wp:attachment":[{"href":"https:\/\/info.learnlab.net\/sma\/wp-json\/wp\/v2\/media?parent=2221"}],"curies":[{"name":"wp","href":"https:\/\/api.w.org\/{rel}","templated":true}]}}