{"id":2,"date":"2024-07-08T12:10:53","date_gmt":"2024-07-08T12:10:53","guid":{"rendered":"https:\/\/info.learnlab.net\/sma\/?page_id=2"},"modified":"2025-11-28T12:08:38","modified_gmt":"2025-11-28T12:08:38","slug":"viehkie","status":"publish","type":"page","link":"https:\/\/info.learnlab.net\/sma\/viehkie\/","title":{"rendered":"Viehkie"},"content":{"rendered":"","protected":false},"excerpt":{"rendered":"","protected":false},"author":1,"featured_media":3207,"parent":0,"menu_order":0,"comment_status":"closed","ping_status":"open","template":"","meta":{"_acf_changed":false,"footnotes":""},"class_list":["post-2","page","type-page","status-publish","has-post-thumbnail","hentry"],"acf":[],"yoast_head":"<!-- This site is optimized with the Yoast SEO plugin v24.9 - https:\/\/yoast.com\/wordpress\/plugins\/seo\/ -->\n<title>Viehkie - Learnlab S\u00f8rsamisk<\/title>\n<meta name=\"description\" content=\"Her finner du svar p\u00e5 ofte stilte sp\u00f8rsm\u00e5l om Learnlab.\" \/>\n<meta name=\"robots\" content=\"index, follow, max-snippet:-1, max-image-preview:large, max-video-preview:-1\" \/>\n<link rel=\"canonical\" href=\"https:\/\/info.learnlab.net\/sma\/viehkie\/\" \/>\n<meta property=\"og:locale\" content=\"en_US\" \/>\n<meta property=\"og:type\" content=\"article\" \/>\n<meta property=\"og:title\" content=\"Viehkie - Learnlab S\u00f8rsamisk\" \/>\n<meta property=\"og:description\" content=\"Her finner du svar p\u00e5 ofte stilte sp\u00f8rsm\u00e5l om Learnlab.\" \/>\n<meta property=\"og:url\" content=\"https:\/\/info.learnlab.net\/sma\/viehkie\/\" \/>\n<meta property=\"og:site_name\" content=\"Learnlab S\u00f8rsamisk\" \/>\n<meta property=\"article:modified_time\" content=\"2025-11-28T12:08:38+00:00\" \/>\n<meta property=\"og:image\" content=\"https:\/\/info.learnlab.net\/sma\/wp-content\/uploads\/sites\/21\/2025\/08\/Learnlab-devices.png\" \/>\n\t<meta property=\"og:image:width\" content=\"1080\" \/>\n\t<meta property=\"og:image:height\" content=\"1080\" \/>\n\t<meta property=\"og:image:type\" content=\"image\/png\" \/>\n<meta name=\"twitter:card\" content=\"summary_large_image\" \/>\n<meta name=\"twitter:label1\" content=\"Est. reading time\" \/>\n\t<meta name=\"twitter:data1\" content=\"1 minute\" \/>\n<script type=\"application\/ld+json\" class=\"yoast-schema-graph\">{\"@context\":\"https:\/\/schema.org\",\"@graph\":[{\"@type\":\"WebPage\",\"@id\":\"https:\/\/info.learnlab.net\/sma\/viehkie\/\",\"url\":\"https:\/\/info.learnlab.net\/sma\/viehkie\/\",\"name\":\"Viehkie - Learnlab S\u00f8rsamisk\",\"isPartOf\":{\"@id\":\"https:\/\/info.learnlab.net\/sma\/#website\"},\"primaryImageOfPage\":{\"@id\":\"https:\/\/info.learnlab.net\/sma\/viehkie\/#primaryimage\"},\"image\":{\"@id\":\"https:\/\/info.learnlab.net\/sma\/viehkie\/#primaryimage\"},\"thumbnailUrl\":\"https:\/\/info.learnlab.net\/sma\/wp-content\/uploads\/sites\/21\/2025\/08\/Learnlab-devices.png\",\"datePublished\":\"2024-07-08T12:10:53+00:00\",\"dateModified\":\"2025-11-28T12:08:38+00:00\",\"description\":\"Her finner du svar p\u00e5 ofte stilte sp\u00f8rsm\u00e5l om Learnlab.\",\"breadcrumb\":{\"@id\":\"https:\/\/info.learnlab.net\/sma\/viehkie\/#breadcrumb\"},\"inLanguage\":\"en-US\",\"potentialAction\":[{\"@type\":\"ReadAction\",\"target\":[\"https:\/\/info.learnlab.net\/sma\/viehkie\/\"]}]},{\"@type\":\"ImageObject\",\"inLanguage\":\"en-US\",\"@id\":\"https:\/\/info.learnlab.net\/sma\/viehkie\/#primaryimage\",\"url\":\"https:\/\/info.learnlab.net\/sma\/wp-content\/uploads\/sites\/21\/2025\/08\/Learnlab-devices.png\",\"contentUrl\":\"https:\/\/info.learnlab.net\/sma\/wp-content\/uploads\/sites\/21\/2025\/08\/Learnlab-devices.png\",\"width\":1080,\"height\":1080},{\"@type\":\"BreadcrumbList\",\"@id\":\"https:\/\/info.learnlab.net\/sma\/viehkie\/#breadcrumb\",\"itemListElement\":[{\"@type\":\"ListItem\",\"position\":1,\"name\":\"Home\",\"item\":\"https:\/\/info.learnlab.net\/sma\/\"},{\"@type\":\"ListItem\",\"position\":2,\"name\":\"Viehkie\"}]},{\"@type\":\"WebSite\",\"@id\":\"https:\/\/info.learnlab.net\/sma\/#website\",\"url\":\"https:\/\/info.learnlab.net\/sma\/\",\"name\":\"Learnlab S\u00f8rsamisk\",\"description\":\"Digitale verkt\u00f8y for l\u00e6rere og elever\",\"publisher\":{\"@id\":\"https:\/\/info.learnlab.net\/sma\/#organization\"},\"potentialAction\":[{\"@type\":\"SearchAction\",\"target\":{\"@type\":\"EntryPoint\",\"urlTemplate\":\"https:\/\/info.learnlab.net\/sma\/?s={search_term_string}\"},\"query-input\":{\"@type\":\"PropertyValueSpecification\",\"valueRequired\":true,\"valueName\":\"search_term_string\"}}],\"inLanguage\":\"en-US\"},{\"@type\":\"Organization\",\"@id\":\"https:\/\/info.learnlab.net\/sma\/#organization\",\"name\":\"Learnlab S\u00f8rsamisk\",\"url\":\"https:\/\/info.learnlab.net\/sma\/\",\"logo\":{\"@type\":\"ImageObject\",\"inLanguage\":\"en-US\",\"@id\":\"https:\/\/info.learnlab.net\/sma\/#\/schema\/logo\/image\/\",\"url\":\"https:\/\/info.learnlab.net\/sma\/wp-content\/uploads\/sites\/21\/2024\/07\/learnlab-logo.svg\",\"contentUrl\":\"https:\/\/info.learnlab.net\/sma\/wp-content\/uploads\/sites\/21\/2024\/07\/learnlab-logo.svg\",\"caption\":\"Learnlab S\u00f8rsamisk\"},\"image\":{\"@id\":\"https:\/\/info.learnlab.net\/sma\/#\/schema\/logo\/image\/\"}}]}<\/script>\n<!-- \/ Yoast SEO plugin. -->","yoast_head_json":{"title":"Viehkie - Learnlab S\u00f8rsamisk","description":"Her finner du svar p\u00e5 ofte stilte sp\u00f8rsm\u00e5l om Learnlab.","robots":{"index":"index","follow":"follow","max-snippet":"max-snippet:-1","max-image-preview":"max-image-preview:large","max-video-preview":"max-video-preview:-1"},"canonical":"https:\/\/info.learnlab.net\/sma\/viehkie\/","og_locale":"en_US","og_type":"article","og_title":"Viehkie - Learnlab S\u00f8rsamisk","og_description":"Her finner du svar p\u00e5 ofte stilte sp\u00f8rsm\u00e5l om Learnlab.","og_url":"https:\/\/info.learnlab.net\/sma\/viehkie\/","og_site_name":"Learnlab S\u00f8rsamisk","article_modified_time":"2025-11-28T12:08:38+00:00","og_image":[{"width":1080,"height":1080,"url":"https:\/\/info.learnlab.net\/sma\/wp-content\/uploads\/sites\/21\/2025\/08\/Learnlab-devices.png","type":"image\/png"}],"twitter_card":"summary_large_image","twitter_misc":{"Est. reading time":"1 minute"},"schema":{"@context":"https:\/\/schema.org","@graph":[{"@type":"WebPage","@id":"https:\/\/info.learnlab.net\/sma\/viehkie\/","url":"https:\/\/info.learnlab.net\/sma\/viehkie\/","name":"Viehkie - Learnlab S\u00f8rsamisk","isPartOf":{"@id":"https:\/\/info.learnlab.net\/sma\/#website"},"primaryImageOfPage":{"@id":"https:\/\/info.learnlab.net\/sma\/viehkie\/#primaryimage"},"image":{"@id":"https:\/\/info.learnlab.net\/sma\/viehkie\/#primaryimage"},"thumbnailUrl":"https:\/\/info.learnlab.net\/sma\/wp-content\/uploads\/sites\/21\/2025\/08\/Learnlab-devices.png","datePublished":"2024-07-08T12:10:53+00:00","dateModified":"2025-11-28T12:08:38+00:00","description":"Her finner du svar p\u00e5 ofte stilte sp\u00f8rsm\u00e5l om Learnlab.","breadcrumb":{"@id":"https:\/\/info.learnlab.net\/sma\/viehkie\/#breadcrumb"},"inLanguage":"en-US","potentialAction":[{"@type":"ReadAction","target":["https:\/\/info.learnlab.net\/sma\/viehkie\/"]}]},{"@type":"ImageObject","inLanguage":"en-US","@id":"https:\/\/info.learnlab.net\/sma\/viehkie\/#primaryimage","url":"https:\/\/info.learnlab.net\/sma\/wp-content\/uploads\/sites\/21\/2025\/08\/Learnlab-devices.png","contentUrl":"https:\/\/info.learnlab.net\/sma\/wp-content\/uploads\/sites\/21\/2025\/08\/Learnlab-devices.png","width":1080,"height":1080},{"@type":"BreadcrumbList","@id":"https:\/\/info.learnlab.net\/sma\/viehkie\/#breadcrumb","itemListElement":[{"@type":"ListItem","position":1,"name":"Home","item":"https:\/\/info.learnlab.net\/sma\/"},{"@type":"ListItem","position":2,"name":"Viehkie"}]},{"@type":"WebSite","@id":"https:\/\/info.learnlab.net\/sma\/#website","url":"https:\/\/info.learnlab.net\/sma\/","name":"Learnlab S\u00f8rsamisk","description":"Digitale verkt\u00f8y for l\u00e6rere og elever","publisher":{"@id":"https:\/\/info.learnlab.net\/sma\/#organization"},"potentialAction":[{"@type":"SearchAction","target":{"@type":"EntryPoint","urlTemplate":"https:\/\/info.learnlab.net\/sma\/?s={search_term_string}"},"query-input":{"@type":"PropertyValueSpecification","valueRequired":true,"valueName":"search_term_string"}}],"inLanguage":"en-US"},{"@type":"Organization","@id":"https:\/\/info.learnlab.net\/sma\/#organization","name":"Learnlab S\u00f8rsamisk","url":"https:\/\/info.learnlab.net\/sma\/","logo":{"@type":"ImageObject","inLanguage":"en-US","@id":"https:\/\/info.learnlab.net\/sma\/#\/schema\/logo\/image\/","url":"https:\/\/info.learnlab.net\/sma\/wp-content\/uploads\/sites\/21\/2024\/07\/learnlab-logo.svg","contentUrl":"https:\/\/info.learnlab.net\/sma\/wp-content\/uploads\/sites\/21\/2024\/07\/learnlab-logo.svg","caption":"Learnlab S\u00f8rsamisk"},"image":{"@id":"https:\/\/info.learnlab.net\/sma\/#\/schema\/logo\/image\/"}}]}},"_links":{"self":[{"href":"https:\/\/info.learnlab.net\/sma\/wp-json\/wp\/v2\/pages\/2","targetHints":{"allow":["GET"]}}],"collection":[{"href":"https:\/\/info.learnlab.net\/sma\/wp-json\/wp\/v2\/pages"}],"about":[{"href":"https:\/\/info.learnlab.net\/sma\/wp-json\/wp\/v2\/types\/page"}],"author":[{"embeddable":true,"href":"https:\/\/info.learnlab.net\/sma\/wp-json\/wp\/v2\/users\/1"}],"replies":[{"embeddable":true,"href":"https:\/\/info.learnlab.net\/sma\/wp-json\/wp\/v2\/comments?post=2"}],"version-history":[{"count":32,"href":"https:\/\/info.learnlab.net\/sma\/wp-json\/wp\/v2\/pages\/2\/revisions"}],"predecessor-version":[{"id":3474,"href":"https:\/\/info.learnlab.net\/sma\/wp-json\/wp\/v2\/pages\/2\/revisions\/3474"}],"wp:featuredmedia":[{"embeddable":true,"href":"https:\/\/info.learnlab.net\/sma\/wp-json\/wp\/v2\/media\/3207"}],"wp:attachment":[{"href":"https:\/\/info.learnlab.net\/sma\/wp-json\/wp\/v2\/media?parent=2"}],"curies":[{"name":"wp","href":"https:\/\/api.w.org\/{rel}","templated":true}]}}