{"id":46,"date":"2024-07-10T14:42:04","date_gmt":"2024-07-10T14:42:04","guid":{"rendered":"https:\/\/info.learnlab.net\/no\/?page_id=46"},"modified":"2026-04-10T13:14:22","modified_gmt":"2026-04-10T13:14:22","slug":"om-oss","status":"publish","type":"page","link":"https:\/\/info.learnlab.net\/no\/om-oss\/","title":{"rendered":"Om oss"},"content":{"rendered":"<p>&nbsp;<\/p>\n<p><span data-contrast=\"auto\">Learnlab\u00a0er et norsk selskap\u00a0som ble\u00a0etablert i 2017.\u00a0<\/span><span data-contrast=\"auto\">Vi har\u00a0kontorer i\u00a0Oslo, K\u00f8benhavn og Berlin.\u00a0<\/span><span data-contrast=\"auto\">V\u00e5re gr\u00fcndere, som\u00a0har mer enn 25 \u00e5rs erfaring innen utdanningsutvikling og\u00a0-teknologi, s\u00e5 et\u00a0behov\u00a0for \u00e5\u00a0skape en mer komplett l\u00e6ringsplattform. Dette med\u00a0verkt\u00f8y\u00a0som\u00a0skaper\u00a0engasjerende l\u00e6ringsopplevelser,\u00a0\u00f8ker motivasjon og gir dypere forst\u00e5else, for den som l\u00e6rer og den som l\u00e6rer bort.<\/span><span data-ccp-props=\"{&quot;134233117&quot;:true,&quot;134233118&quot;:true,&quot;201341983&quot;:2,&quot;335559740&quot;:432}\">\u00a0<\/span><\/p>\n<p><span data-contrast=\"auto\">Learnlab\u00a0gir deg\u00a0alt du tre<\/span><span data-contrast=\"auto\">nger p\u00e5 ett sted.\u00a0Det\u00a0gir\u00a0bedre\u00a0l\u00e6ringsopplevelser\u00a0og\u00a0mer<\/span><span data-contrast=\"auto\">\u00a0effektiv l\u00e6ring. V\u00e5r digitale l\u00e6ringsplattform fremmer aktiv l\u00e6ring, inkludering, samarbeid og kreativitet.\u00a0Alt st\u00f8ttet av pedagogisk og ansvarlig\u00a0bruk av kunstig intelligens.\u00a0<\/span><span data-ccp-props=\"{&quot;134233117&quot;:true,&quot;134233118&quot;:true,&quot;201341983&quot;:2,&quot;335559740&quot;:432}\">\u00a0<\/span><\/p>\n<p><span data-contrast=\"auto\">Vi tilbyr ogs\u00e5 innholdsdistribusjon, organisasjonsutvikling, kurs og workshops.<\/span><span data-ccp-props=\"{&quot;134233117&quot;:true,&quot;134233118&quot;:true,&quot;201341983&quot;:2,&quot;335559740&quot;:432}\">\u00a0<\/span><\/p>\n<p><span data-contrast=\"auto\"><strong>Ta kontakt, s\u00e5 finner vi ut hvordan vi kan hjelpe deg med ditt behov!<\/strong><\/span><\/p>\n<p class=\"text-left\"><a href=\"https:\/\/info.learnlab.net\/no\/kontakt-oss\/\" class=\"btn  btn-open-icon\" target=\"_blank\">Ta kontakt<\/a><\/p>\n","protected":false},"excerpt":{"rendered":"<p>&nbsp; Learnlab\u00a0er et norsk selskap\u00a0som ble\u00a0etablert i 2017.\u00a0Vi har\u00a0kontorer i\u00a0Oslo, K\u00f8benhavn og Berlin.\u00a0V\u00e5re gr\u00fcndere, som\u00a0har mer enn 25 \u00e5rs erfaring innen utdanningsutvikling og\u00a0-teknologi, s\u00e5 et\u00a0behov\u00a0for \u00e5\u00a0skape en mer komplett l\u00e6ringsplattform. Dette med\u00a0verkt\u00f8y\u00a0som\u00a0skaper\u00a0engasjerende l\u00e6ringsopplevelser,\u00a0\u00f8ker motivasjon og gir dypere forst\u00e5else, for den som l\u00e6rer og den som l\u00e6rer bort.\u00a0 Learnlab\u00a0gir deg\u00a0alt du trenger p\u00e5 ett sted.\u00a0Det\u00a0gir\u00a0bedre\u00a0l\u00e6ringsopplevelser\u00a0og\u00a0mer\u00a0effektiv l\u00e6ring. [&hellip;]<\/p>\n","protected":false},"author":1,"featured_media":0,"parent":0,"menu_order":0,"comment_status":"closed","ping_status":"closed","template":"","meta":{"_acf_changed":false,"footnotes":""},"class_list":["post-46","page","type-page","status-publish","hentry"],"acf":[],"yoast_head":"<!-- This site is optimized with the Yoast SEO plugin v24.9 - https:\/\/yoast.com\/wordpress\/plugins\/seo\/ -->\n<title>Om oss - Learnlab NO<\/title>\n<meta name=\"description\" content=\"Learnlab er et norsk selskap grunnlagt i 2017, med kontorer i Oslo. Grunnleggerne har mer enn 25 \u00e5rs erfaring innen utdanningsutvikling og teknologi.\" \/>\n<meta name=\"robots\" content=\"index, follow, max-snippet:-1, max-image-preview:large, max-video-preview:-1\" \/>\n<link rel=\"canonical\" href=\"https:\/\/info.learnlab.net\/no\/om-oss\/\" \/>\n<meta property=\"og:locale\" content=\"en_US\" \/>\n<meta property=\"og:type\" content=\"article\" \/>\n<meta property=\"og:title\" content=\"Om oss - Learnlab NO\" \/>\n<meta property=\"og:description\" content=\"Learnlab er et norsk selskap grunnlagt i 2017, med kontorer i Oslo. Grunnleggerne har mer enn 25 \u00e5rs erfaring innen utdanningsutvikling og teknologi.\" \/>\n<meta property=\"og:url\" content=\"https:\/\/info.learnlab.net\/no\/om-oss\/\" \/>\n<meta property=\"og:site_name\" content=\"Learnlab NO\" \/>\n<meta property=\"article:modified_time\" content=\"2026-04-10T13:14:22+00:00\" \/>\n<meta name=\"twitter:card\" content=\"summary_large_image\" \/>\n<meta name=\"twitter:label1\" content=\"Est. reading time\" \/>\n\t<meta name=\"twitter:data1\" content=\"1 minute\" \/>\n<script type=\"application\/ld+json\" class=\"yoast-schema-graph\">{\"@context\":\"https:\/\/schema.org\",\"@graph\":[{\"@type\":\"WebPage\",\"@id\":\"https:\/\/info.learnlab.net\/no\/om-oss\/\",\"url\":\"https:\/\/info.learnlab.net\/no\/om-oss\/\",\"name\":\"Om oss - Learnlab NO\",\"isPartOf\":{\"@id\":\"https:\/\/info.learnlab.net\/no\/#website\"},\"datePublished\":\"2024-07-10T14:42:04+00:00\",\"dateModified\":\"2026-04-10T13:14:22+00:00\",\"description\":\"Learnlab er et norsk selskap grunnlagt i 2017, med kontorer i Oslo. Grunnleggerne har mer enn 25 \u00e5rs erfaring innen utdanningsutvikling og teknologi.\",\"breadcrumb\":{\"@id\":\"https:\/\/info.learnlab.net\/no\/om-oss\/#breadcrumb\"},\"inLanguage\":\"en-US\",\"potentialAction\":[{\"@type\":\"ReadAction\",\"target\":[\"https:\/\/info.learnlab.net\/no\/om-oss\/\"]}]},{\"@type\":\"BreadcrumbList\",\"@id\":\"https:\/\/info.learnlab.net\/no\/om-oss\/#breadcrumb\",\"itemListElement\":[{\"@type\":\"ListItem\",\"position\":1,\"name\":\"Home\",\"item\":\"https:\/\/info.learnlab.net\/no\/\"},{\"@type\":\"ListItem\",\"position\":2,\"name\":\"Om oss\"}]},{\"@type\":\"WebSite\",\"@id\":\"https:\/\/info.learnlab.net\/no\/#website\",\"url\":\"https:\/\/info.learnlab.net\/no\/\",\"name\":\"Learnlab NO\",\"description\":\"Digitale verkt\u00f8y for l\u00e6rere og elever\",\"publisher\":{\"@id\":\"https:\/\/info.learnlab.net\/no\/#organization\"},\"potentialAction\":[{\"@type\":\"SearchAction\",\"target\":{\"@type\":\"EntryPoint\",\"urlTemplate\":\"https:\/\/info.learnlab.net\/no\/?s={search_term_string}\"},\"query-input\":{\"@type\":\"PropertyValueSpecification\",\"valueRequired\":true,\"valueName\":\"search_term_string\"}}],\"inLanguage\":\"en-US\"},{\"@type\":\"Organization\",\"@id\":\"https:\/\/info.learnlab.net\/no\/#organization\",\"name\":\"Learnlab NO\",\"url\":\"https:\/\/info.learnlab.net\/no\/\",\"logo\":{\"@type\":\"ImageObject\",\"inLanguage\":\"en-US\",\"@id\":\"https:\/\/info.learnlab.net\/no\/#\/schema\/logo\/image\/\",\"url\":\"https:\/\/info.learnlab.net\/no\/wp-content\/uploads\/sites\/2\/2024\/07\/learnlab-logo.svg\",\"contentUrl\":\"https:\/\/info.learnlab.net\/no\/wp-content\/uploads\/sites\/2\/2024\/07\/learnlab-logo.svg\",\"caption\":\"Learnlab NO\"},\"image\":{\"@id\":\"https:\/\/info.learnlab.net\/no\/#\/schema\/logo\/image\/\"}}]}<\/script>\n<!-- \/ Yoast SEO plugin. -->","yoast_head_json":{"title":"Om oss - Learnlab NO","description":"Learnlab er et norsk selskap grunnlagt i 2017, med kontorer i Oslo. Grunnleggerne har mer enn 25 \u00e5rs erfaring innen utdanningsutvikling og teknologi.","robots":{"index":"index","follow":"follow","max-snippet":"max-snippet:-1","max-image-preview":"max-image-preview:large","max-video-preview":"max-video-preview:-1"},"canonical":"https:\/\/info.learnlab.net\/no\/om-oss\/","og_locale":"en_US","og_type":"article","og_title":"Om oss - Learnlab NO","og_description":"Learnlab er et norsk selskap grunnlagt i 2017, med kontorer i Oslo. Grunnleggerne har mer enn 25 \u00e5rs erfaring innen utdanningsutvikling og teknologi.","og_url":"https:\/\/info.learnlab.net\/no\/om-oss\/","og_site_name":"Learnlab NO","article_modified_time":"2026-04-10T13:14:22+00:00","twitter_card":"summary_large_image","twitter_misc":{"Est. reading time":"1 minute"},"schema":{"@context":"https:\/\/schema.org","@graph":[{"@type":"WebPage","@id":"https:\/\/info.learnlab.net\/no\/om-oss\/","url":"https:\/\/info.learnlab.net\/no\/om-oss\/","name":"Om oss - Learnlab NO","isPartOf":{"@id":"https:\/\/info.learnlab.net\/no\/#website"},"datePublished":"2024-07-10T14:42:04+00:00","dateModified":"2026-04-10T13:14:22+00:00","description":"Learnlab er et norsk selskap grunnlagt i 2017, med kontorer i Oslo. Grunnleggerne har mer enn 25 \u00e5rs erfaring innen utdanningsutvikling og teknologi.","breadcrumb":{"@id":"https:\/\/info.learnlab.net\/no\/om-oss\/#breadcrumb"},"inLanguage":"en-US","potentialAction":[{"@type":"ReadAction","target":["https:\/\/info.learnlab.net\/no\/om-oss\/"]}]},{"@type":"BreadcrumbList","@id":"https:\/\/info.learnlab.net\/no\/om-oss\/#breadcrumb","itemListElement":[{"@type":"ListItem","position":1,"name":"Home","item":"https:\/\/info.learnlab.net\/no\/"},{"@type":"ListItem","position":2,"name":"Om oss"}]},{"@type":"WebSite","@id":"https:\/\/info.learnlab.net\/no\/#website","url":"https:\/\/info.learnlab.net\/no\/","name":"Learnlab NO","description":"Digitale verkt\u00f8y for l\u00e6rere og elever","publisher":{"@id":"https:\/\/info.learnlab.net\/no\/#organization"},"potentialAction":[{"@type":"SearchAction","target":{"@type":"EntryPoint","urlTemplate":"https:\/\/info.learnlab.net\/no\/?s={search_term_string}"},"query-input":{"@type":"PropertyValueSpecification","valueRequired":true,"valueName":"search_term_string"}}],"inLanguage":"en-US"},{"@type":"Organization","@id":"https:\/\/info.learnlab.net\/no\/#organization","name":"Learnlab NO","url":"https:\/\/info.learnlab.net\/no\/","logo":{"@type":"ImageObject","inLanguage":"en-US","@id":"https:\/\/info.learnlab.net\/no\/#\/schema\/logo\/image\/","url":"https:\/\/info.learnlab.net\/no\/wp-content\/uploads\/sites\/2\/2024\/07\/learnlab-logo.svg","contentUrl":"https:\/\/info.learnlab.net\/no\/wp-content\/uploads\/sites\/2\/2024\/07\/learnlab-logo.svg","caption":"Learnlab NO"},"image":{"@id":"https:\/\/info.learnlab.net\/no\/#\/schema\/logo\/image\/"}}]}},"_links":{"self":[{"href":"https:\/\/info.learnlab.net\/no\/wp-json\/wp\/v2\/pages\/46","targetHints":{"allow":["GET"]}}],"collection":[{"href":"https:\/\/info.learnlab.net\/no\/wp-json\/wp\/v2\/pages"}],"about":[{"href":"https:\/\/info.learnlab.net\/no\/wp-json\/wp\/v2\/types\/page"}],"author":[{"embeddable":true,"href":"https:\/\/info.learnlab.net\/no\/wp-json\/wp\/v2\/users\/1"}],"replies":[{"embeddable":true,"href":"https:\/\/info.learnlab.net\/no\/wp-json\/wp\/v2\/comments?post=46"}],"version-history":[{"count":29,"href":"https:\/\/info.learnlab.net\/no\/wp-json\/wp\/v2\/pages\/46\/revisions"}],"predecessor-version":[{"id":4069,"href":"https:\/\/info.learnlab.net\/no\/wp-json\/wp\/v2\/pages\/46\/revisions\/4069"}],"wp:attachment":[{"href":"https:\/\/info.learnlab.net\/no\/wp-json\/wp\/v2\/media?parent=46"}],"curies":[{"name":"wp","href":"https:\/\/api.w.org\/{rel}","templated":true}]}}