{"id":3359,"date":"2025-09-24T10:57:55","date_gmt":"2025-09-24T10:57:55","guid":{"rendered":"https:\/\/info.learnlab.net\/no\/?page_id=3359"},"modified":"2025-09-24T14:57:06","modified_gmt":"2025-09-24T14:57:06","slug":"forskning-anerkjennelser","status":"publish","type":"page","link":"https:\/\/info.learnlab.net\/no\/forskning-anerkjennelser\/","title":{"rendered":"Forskning og anerkjennelser"},"content":{"rendered":"","protected":false},"excerpt":{"rendered":"","protected":false},"author":6,"featured_media":0,"parent":0,"menu_order":0,"comment_status":"closed","ping_status":"closed","template":"","meta":{"_acf_changed":false,"footnotes":""},"class_list":["post-3359","page","type-page","status-publish","hentry"],"acf":[],"yoast_head":"<!-- This site is optimized with the Yoast SEO plugin v24.9 - https:\/\/yoast.com\/wordpress\/plugins\/seo\/ -->\n<title>Forskning og anerkjennelser - Learnlab NO<\/title>\n<meta name=\"description\" content=\"Velkommen til Learnlabs kunnskapsbase! Her finner du forskningen og de pedagogiske prinsippene som ligger til grunn i v\u00e5re b\u00f8ker og verkt\u00f8y.\" \/>\n<meta name=\"robots\" content=\"index, follow, max-snippet:-1, max-image-preview:large, max-video-preview:-1\" \/>\n<link rel=\"canonical\" href=\"https:\/\/info.learnlab.net\/no\/forskning-anerkjennelser\/\" \/>\n<meta property=\"og:locale\" content=\"en_US\" \/>\n<meta property=\"og:type\" content=\"article\" \/>\n<meta property=\"og:title\" content=\"Forskning og anerkjennelser - Learnlab NO\" \/>\n<meta property=\"og:description\" content=\"Velkommen til Learnlabs kunnskapsbase! Her finner du forskningen og de pedagogiske prinsippene som ligger til grunn i v\u00e5re b\u00f8ker og verkt\u00f8y.\" \/>\n<meta property=\"og:url\" content=\"https:\/\/info.learnlab.net\/no\/forskning-anerkjennelser\/\" \/>\n<meta property=\"og:site_name\" content=\"Learnlab NO\" \/>\n<meta property=\"article:modified_time\" content=\"2025-09-24T14:57:06+00:00\" \/>\n<meta name=\"twitter:card\" content=\"summary_large_image\" \/>\n<script type=\"application\/ld+json\" class=\"yoast-schema-graph\">{\"@context\":\"https:\/\/schema.org\",\"@graph\":[{\"@type\":\"WebPage\",\"@id\":\"https:\/\/info.learnlab.net\/no\/forskning-anerkjennelser\/\",\"url\":\"https:\/\/info.learnlab.net\/no\/forskning-anerkjennelser\/\",\"name\":\"Forskning og anerkjennelser - Learnlab NO\",\"isPartOf\":{\"@id\":\"https:\/\/info.learnlab.net\/no\/#website\"},\"datePublished\":\"2025-09-24T10:57:55+00:00\",\"dateModified\":\"2025-09-24T14:57:06+00:00\",\"description\":\"Velkommen til Learnlabs kunnskapsbase! Her finner du forskningen og de pedagogiske prinsippene som ligger til grunn i v\u00e5re b\u00f8ker og verkt\u00f8y.\",\"breadcrumb\":{\"@id\":\"https:\/\/info.learnlab.net\/no\/forskning-anerkjennelser\/#breadcrumb\"},\"inLanguage\":\"en-US\",\"potentialAction\":[{\"@type\":\"ReadAction\",\"target\":[\"https:\/\/info.learnlab.net\/no\/forskning-anerkjennelser\/\"]}]},{\"@type\":\"BreadcrumbList\",\"@id\":\"https:\/\/info.learnlab.net\/no\/forskning-anerkjennelser\/#breadcrumb\",\"itemListElement\":[{\"@type\":\"ListItem\",\"position\":1,\"name\":\"Home\",\"item\":\"https:\/\/info.learnlab.net\/no\/\"},{\"@type\":\"ListItem\",\"position\":2,\"name\":\"Forskning og anerkjennelser\"}]},{\"@type\":\"WebSite\",\"@id\":\"https:\/\/info.learnlab.net\/no\/#website\",\"url\":\"https:\/\/info.learnlab.net\/no\/\",\"name\":\"Learnlab NO\",\"description\":\"Digitale verkt\u00f8y for l\u00e6rere og elever\",\"publisher\":{\"@id\":\"https:\/\/info.learnlab.net\/no\/#organization\"},\"potentialAction\":[{\"@type\":\"SearchAction\",\"target\":{\"@type\":\"EntryPoint\",\"urlTemplate\":\"https:\/\/info.learnlab.net\/no\/?s={search_term_string}\"},\"query-input\":{\"@type\":\"PropertyValueSpecification\",\"valueRequired\":true,\"valueName\":\"search_term_string\"}}],\"inLanguage\":\"en-US\"},{\"@type\":\"Organization\",\"@id\":\"https:\/\/info.learnlab.net\/no\/#organization\",\"name\":\"Learnlab NO\",\"url\":\"https:\/\/info.learnlab.net\/no\/\",\"logo\":{\"@type\":\"ImageObject\",\"inLanguage\":\"en-US\",\"@id\":\"https:\/\/info.learnlab.net\/no\/#\/schema\/logo\/image\/\",\"url\":\"https:\/\/info.learnlab.net\/no\/wp-content\/uploads\/sites\/2\/2024\/07\/learnlab-logo.svg\",\"contentUrl\":\"https:\/\/info.learnlab.net\/no\/wp-content\/uploads\/sites\/2\/2024\/07\/learnlab-logo.svg\",\"caption\":\"Learnlab NO\"},\"image\":{\"@id\":\"https:\/\/info.learnlab.net\/no\/#\/schema\/logo\/image\/\"}}]}<\/script>\n<!-- \/ Yoast SEO plugin. -->","yoast_head_json":{"title":"Forskning og anerkjennelser - Learnlab NO","description":"Velkommen til Learnlabs kunnskapsbase! Her finner du forskningen og de pedagogiske prinsippene som ligger til grunn i v\u00e5re b\u00f8ker og verkt\u00f8y.","robots":{"index":"index","follow":"follow","max-snippet":"max-snippet:-1","max-image-preview":"max-image-preview:large","max-video-preview":"max-video-preview:-1"},"canonical":"https:\/\/info.learnlab.net\/no\/forskning-anerkjennelser\/","og_locale":"en_US","og_type":"article","og_title":"Forskning og anerkjennelser - Learnlab NO","og_description":"Velkommen til Learnlabs kunnskapsbase! Her finner du forskningen og de pedagogiske prinsippene som ligger til grunn i v\u00e5re b\u00f8ker og verkt\u00f8y.","og_url":"https:\/\/info.learnlab.net\/no\/forskning-anerkjennelser\/","og_site_name":"Learnlab NO","article_modified_time":"2025-09-24T14:57:06+00:00","twitter_card":"summary_large_image","schema":{"@context":"https:\/\/schema.org","@graph":[{"@type":"WebPage","@id":"https:\/\/info.learnlab.net\/no\/forskning-anerkjennelser\/","url":"https:\/\/info.learnlab.net\/no\/forskning-anerkjennelser\/","name":"Forskning og anerkjennelser - Learnlab NO","isPartOf":{"@id":"https:\/\/info.learnlab.net\/no\/#website"},"datePublished":"2025-09-24T10:57:55+00:00","dateModified":"2025-09-24T14:57:06+00:00","description":"Velkommen til Learnlabs kunnskapsbase! Her finner du forskningen og de pedagogiske prinsippene som ligger til grunn i v\u00e5re b\u00f8ker og verkt\u00f8y.","breadcrumb":{"@id":"https:\/\/info.learnlab.net\/no\/forskning-anerkjennelser\/#breadcrumb"},"inLanguage":"en-US","potentialAction":[{"@type":"ReadAction","target":["https:\/\/info.learnlab.net\/no\/forskning-anerkjennelser\/"]}]},{"@type":"BreadcrumbList","@id":"https:\/\/info.learnlab.net\/no\/forskning-anerkjennelser\/#breadcrumb","itemListElement":[{"@type":"ListItem","position":1,"name":"Home","item":"https:\/\/info.learnlab.net\/no\/"},{"@type":"ListItem","position":2,"name":"Forskning og anerkjennelser"}]},{"@type":"WebSite","@id":"https:\/\/info.learnlab.net\/no\/#website","url":"https:\/\/info.learnlab.net\/no\/","name":"Learnlab NO","description":"Digitale verkt\u00f8y for l\u00e6rere og elever","publisher":{"@id":"https:\/\/info.learnlab.net\/no\/#organization"},"potentialAction":[{"@type":"SearchAction","target":{"@type":"EntryPoint","urlTemplate":"https:\/\/info.learnlab.net\/no\/?s={search_term_string}"},"query-input":{"@type":"PropertyValueSpecification","valueRequired":true,"valueName":"search_term_string"}}],"inLanguage":"en-US"},{"@type":"Organization","@id":"https:\/\/info.learnlab.net\/no\/#organization","name":"Learnlab NO","url":"https:\/\/info.learnlab.net\/no\/","logo":{"@type":"ImageObject","inLanguage":"en-US","@id":"https:\/\/info.learnlab.net\/no\/#\/schema\/logo\/image\/","url":"https:\/\/info.learnlab.net\/no\/wp-content\/uploads\/sites\/2\/2024\/07\/learnlab-logo.svg","contentUrl":"https:\/\/info.learnlab.net\/no\/wp-content\/uploads\/sites\/2\/2024\/07\/learnlab-logo.svg","caption":"Learnlab NO"},"image":{"@id":"https:\/\/info.learnlab.net\/no\/#\/schema\/logo\/image\/"}}]}},"_links":{"self":[{"href":"https:\/\/info.learnlab.net\/no\/wp-json\/wp\/v2\/pages\/3359","targetHints":{"allow":["GET"]}}],"collection":[{"href":"https:\/\/info.learnlab.net\/no\/wp-json\/wp\/v2\/pages"}],"about":[{"href":"https:\/\/info.learnlab.net\/no\/wp-json\/wp\/v2\/types\/page"}],"author":[{"embeddable":true,"href":"https:\/\/info.learnlab.net\/no\/wp-json\/wp\/v2\/users\/6"}],"replies":[{"embeddable":true,"href":"https:\/\/info.learnlab.net\/no\/wp-json\/wp\/v2\/comments?post=3359"}],"version-history":[{"count":7,"href":"https:\/\/info.learnlab.net\/no\/wp-json\/wp\/v2\/pages\/3359\/revisions"}],"predecessor-version":[{"id":3374,"href":"https:\/\/info.learnlab.net\/no\/wp-json\/wp\/v2\/pages\/3359\/revisions\/3374"}],"wp:attachment":[{"href":"https:\/\/info.learnlab.net\/no\/wp-json\/wp\/v2\/media?parent=3359"}],"curies":[{"name":"wp","href":"https:\/\/api.w.org\/{rel}","templated":true}]}}