{"id":297,"date":"2024-07-30T07:46:54","date_gmt":"2024-07-30T07:46:54","guid":{"rendered":"https:\/\/info.learnlab.net\/no\/?page_id=297"},"modified":"2025-09-05T15:32:05","modified_gmt":"2025-09-05T15:32:05","slug":"laeringsressurser","status":"publish","type":"page","link":"https:\/\/info.learnlab.net\/no\/laeringsressurser\/","title":{"rendered":"L\u00e6ringsressurser"},"content":{"rendered":"<p>I Learnlab-biblioteket finnes det flere tusen digitale l\u00e6ringsressurser. Her finner du en oversikt som kan hjelpe deg til \u00e5 finne frem til ressursene du \u00f8nsker \u00e5 bruke.<\/p>\n","protected":false},"excerpt":{"rendered":"<p>I Learnlab-biblioteket finnes det flere tusen digitale l\u00e6ringsressurser. Her finner du en oversikt som kan hjelpe deg til \u00e5 finne frem til ressursene du \u00f8nsker \u00e5 bruke.<\/p>\n","protected":false},"author":1,"featured_media":0,"parent":0,"menu_order":0,"comment_status":"closed","ping_status":"closed","template":"page-templates\/learning-resources.php","meta":{"_acf_changed":false,"footnotes":""},"class_list":["post-297","page","type-page","status-publish","hentry"],"acf":[],"yoast_head":"<!-- This site is optimized with the Yoast SEO plugin v24.9 - https:\/\/yoast.com\/wordpress\/plugins\/seo\/ -->\n<title>L\u00e6ringsressurser - Learnlab NO<\/title>\n<meta name=\"robots\" content=\"index, follow, max-snippet:-1, max-image-preview:large, max-video-preview:-1\" \/>\n<link rel=\"canonical\" href=\"https:\/\/info.learnlab.net\/no\/laeringsressurser\/\" \/>\n<meta property=\"og:locale\" content=\"en_US\" \/>\n<meta property=\"og:type\" content=\"article\" \/>\n<meta property=\"og:title\" content=\"L\u00e6ringsressurser - Learnlab NO\" \/>\n<meta property=\"og:description\" content=\"I Learnlab-biblioteket finnes det flere tusen digitale l\u00e6ringsressurser. Her finner du en oversikt som kan hjelpe deg til \u00e5 finne frem til ressursene du \u00f8nsker \u00e5 bruke.\" \/>\n<meta property=\"og:url\" content=\"https:\/\/info.learnlab.net\/no\/laeringsressurser\/\" \/>\n<meta property=\"og:site_name\" content=\"Learnlab NO\" \/>\n<meta property=\"article:modified_time\" content=\"2025-09-05T15:32:05+00:00\" \/>\n<meta name=\"twitter:card\" content=\"summary_large_image\" \/>\n<meta name=\"twitter:label1\" content=\"Est. reading time\" \/>\n\t<meta name=\"twitter:data1\" content=\"1 minute\" \/>\n<script type=\"application\/ld+json\" class=\"yoast-schema-graph\">{\"@context\":\"https:\/\/schema.org\",\"@graph\":[{\"@type\":\"WebPage\",\"@id\":\"https:\/\/info.learnlab.net\/no\/laeringsressurser\/\",\"url\":\"https:\/\/info.learnlab.net\/no\/laeringsressurser\/\",\"name\":\"L\u00e6ringsressurser - Learnlab NO\",\"isPartOf\":{\"@id\":\"https:\/\/info.learnlab.net\/no\/#website\"},\"datePublished\":\"2024-07-30T07:46:54+00:00\",\"dateModified\":\"2025-09-05T15:32:05+00:00\",\"breadcrumb\":{\"@id\":\"https:\/\/info.learnlab.net\/no\/laeringsressurser\/#breadcrumb\"},\"inLanguage\":\"en-US\",\"potentialAction\":[{\"@type\":\"ReadAction\",\"target\":[\"https:\/\/info.learnlab.net\/no\/laeringsressurser\/\"]}]},{\"@type\":\"BreadcrumbList\",\"@id\":\"https:\/\/info.learnlab.net\/no\/laeringsressurser\/#breadcrumb\",\"itemListElement\":[{\"@type\":\"ListItem\",\"position\":1,\"name\":\"Home\",\"item\":\"https:\/\/info.learnlab.net\/no\/\"},{\"@type\":\"ListItem\",\"position\":2,\"name\":\"L\u00e6ringsressurser\"}]},{\"@type\":\"WebSite\",\"@id\":\"https:\/\/info.learnlab.net\/no\/#website\",\"url\":\"https:\/\/info.learnlab.net\/no\/\",\"name\":\"Learnlab NO\",\"description\":\"Digitale verkt\u00f8y for l\u00e6rere og elever\",\"publisher\":{\"@id\":\"https:\/\/info.learnlab.net\/no\/#organization\"},\"potentialAction\":[{\"@type\":\"SearchAction\",\"target\":{\"@type\":\"EntryPoint\",\"urlTemplate\":\"https:\/\/info.learnlab.net\/no\/?s={search_term_string}\"},\"query-input\":{\"@type\":\"PropertyValueSpecification\",\"valueRequired\":true,\"valueName\":\"search_term_string\"}}],\"inLanguage\":\"en-US\"},{\"@type\":\"Organization\",\"@id\":\"https:\/\/info.learnlab.net\/no\/#organization\",\"name\":\"Learnlab NO\",\"url\":\"https:\/\/info.learnlab.net\/no\/\",\"logo\":{\"@type\":\"ImageObject\",\"inLanguage\":\"en-US\",\"@id\":\"https:\/\/info.learnlab.net\/no\/#\/schema\/logo\/image\/\",\"url\":\"https:\/\/info.learnlab.net\/no\/wp-content\/uploads\/sites\/2\/2024\/07\/learnlab-logo.svg\",\"contentUrl\":\"https:\/\/info.learnlab.net\/no\/wp-content\/uploads\/sites\/2\/2024\/07\/learnlab-logo.svg\",\"caption\":\"Learnlab NO\"},\"image\":{\"@id\":\"https:\/\/info.learnlab.net\/no\/#\/schema\/logo\/image\/\"}}]}<\/script>\n<!-- \/ Yoast SEO plugin. -->","yoast_head_json":{"title":"L\u00e6ringsressurser - Learnlab NO","robots":{"index":"index","follow":"follow","max-snippet":"max-snippet:-1","max-image-preview":"max-image-preview:large","max-video-preview":"max-video-preview:-1"},"canonical":"https:\/\/info.learnlab.net\/no\/laeringsressurser\/","og_locale":"en_US","og_type":"article","og_title":"L\u00e6ringsressurser - Learnlab NO","og_description":"I Learnlab-biblioteket finnes det flere tusen digitale l\u00e6ringsressurser. Her finner du en oversikt som kan hjelpe deg til \u00e5 finne frem til ressursene du \u00f8nsker \u00e5 bruke.","og_url":"https:\/\/info.learnlab.net\/no\/laeringsressurser\/","og_site_name":"Learnlab NO","article_modified_time":"2025-09-05T15:32:05+00:00","twitter_card":"summary_large_image","twitter_misc":{"Est. reading time":"1 minute"},"schema":{"@context":"https:\/\/schema.org","@graph":[{"@type":"WebPage","@id":"https:\/\/info.learnlab.net\/no\/laeringsressurser\/","url":"https:\/\/info.learnlab.net\/no\/laeringsressurser\/","name":"L\u00e6ringsressurser - Learnlab NO","isPartOf":{"@id":"https:\/\/info.learnlab.net\/no\/#website"},"datePublished":"2024-07-30T07:46:54+00:00","dateModified":"2025-09-05T15:32:05+00:00","breadcrumb":{"@id":"https:\/\/info.learnlab.net\/no\/laeringsressurser\/#breadcrumb"},"inLanguage":"en-US","potentialAction":[{"@type":"ReadAction","target":["https:\/\/info.learnlab.net\/no\/laeringsressurser\/"]}]},{"@type":"BreadcrumbList","@id":"https:\/\/info.learnlab.net\/no\/laeringsressurser\/#breadcrumb","itemListElement":[{"@type":"ListItem","position":1,"name":"Home","item":"https:\/\/info.learnlab.net\/no\/"},{"@type":"ListItem","position":2,"name":"L\u00e6ringsressurser"}]},{"@type":"WebSite","@id":"https:\/\/info.learnlab.net\/no\/#website","url":"https:\/\/info.learnlab.net\/no\/","name":"Learnlab NO","description":"Digitale verkt\u00f8y for l\u00e6rere og elever","publisher":{"@id":"https:\/\/info.learnlab.net\/no\/#organization"},"potentialAction":[{"@type":"SearchAction","target":{"@type":"EntryPoint","urlTemplate":"https:\/\/info.learnlab.net\/no\/?s={search_term_string}"},"query-input":{"@type":"PropertyValueSpecification","valueRequired":true,"valueName":"search_term_string"}}],"inLanguage":"en-US"},{"@type":"Organization","@id":"https:\/\/info.learnlab.net\/no\/#organization","name":"Learnlab NO","url":"https:\/\/info.learnlab.net\/no\/","logo":{"@type":"ImageObject","inLanguage":"en-US","@id":"https:\/\/info.learnlab.net\/no\/#\/schema\/logo\/image\/","url":"https:\/\/info.learnlab.net\/no\/wp-content\/uploads\/sites\/2\/2024\/07\/learnlab-logo.svg","contentUrl":"https:\/\/info.learnlab.net\/no\/wp-content\/uploads\/sites\/2\/2024\/07\/learnlab-logo.svg","caption":"Learnlab NO"},"image":{"@id":"https:\/\/info.learnlab.net\/no\/#\/schema\/logo\/image\/"}}]}},"_links":{"self":[{"href":"https:\/\/info.learnlab.net\/no\/wp-json\/wp\/v2\/pages\/297","targetHints":{"allow":["GET"]}}],"collection":[{"href":"https:\/\/info.learnlab.net\/no\/wp-json\/wp\/v2\/pages"}],"about":[{"href":"https:\/\/info.learnlab.net\/no\/wp-json\/wp\/v2\/types\/page"}],"author":[{"embeddable":true,"href":"https:\/\/info.learnlab.net\/no\/wp-json\/wp\/v2\/users\/1"}],"replies":[{"embeddable":true,"href":"https:\/\/info.learnlab.net\/no\/wp-json\/wp\/v2\/comments?post=297"}],"version-history":[{"count":21,"href":"https:\/\/info.learnlab.net\/no\/wp-json\/wp\/v2\/pages\/297\/revisions"}],"predecessor-version":[{"id":1356,"href":"https:\/\/info.learnlab.net\/no\/wp-json\/wp\/v2\/pages\/297\/revisions\/1356"}],"wp:attachment":[{"href":"https:\/\/info.learnlab.net\/no\/wp-json\/wp\/v2\/media?parent=297"}],"curies":[{"name":"wp","href":"https:\/\/api.w.org\/{rel}","templated":true}]}}