{"id":271,"date":"2024-07-29T12:53:30","date_gmt":"2024-07-29T12:53:30","guid":{"rendered":"https:\/\/info.learnlab.net\/no\/?page_id=271"},"modified":"2024-08-12T11:13:09","modified_gmt":"2024-08-12T11:13:09","slug":"digitalt-innhold","status":"publish","type":"page","link":"https:\/\/info.learnlab.net\/no\/digitalt-innhold\/","title":{"rendered":"Digitalt innhold"},"content":{"rendered":"<h3>Learnlab Lisens &#8211; Hva f\u00e5r du?<\/h3>\n<p>Med en Learnlab-lisens f\u00e5r du tilgang til innholdspakker som er klare til bruk. Disse fleksible og interaktive prosessene er utformet for kollektiv refleksjon, aktivering av deltakere, utforskning, refleksjon, dybdel\u00e6ring og forst\u00e5else. Alle pakkene er klare til bruk, men du kan redesigne dem f\u00f8r eller under \u00f8kten for \u00e5 tilpasse dem til dine elevers behov.<\/p>\n<p><strong><a href=\"mailto:yngve@learnlab.net\">Kontakt oss<\/a> <\/strong>for mer informasjon.<\/p>\n","protected":false},"excerpt":{"rendered":"<p>Learnlab Lisens &#8211; Hva f\u00e5r du? Med en Learnlab-lisens f\u00e5r du tilgang til innholdspakker som er klare til bruk. Disse fleksible og interaktive prosessene er utformet for kollektiv refleksjon, aktivering av deltakere, utforskning, refleksjon, dybdel\u00e6ring og forst\u00e5else. Alle pakkene er klare til bruk, men du kan redesigne dem f\u00f8r eller under \u00f8kten for \u00e5 tilpasse [&hellip;]<\/p>\n","protected":false},"author":1,"featured_media":272,"parent":0,"menu_order":0,"comment_status":"closed","ping_status":"closed","template":"page-templates\/digital-content.php","meta":{"_acf_changed":false,"footnotes":""},"class_list":["post-271","page","type-page","status-publish","has-post-thumbnail","hentry"],"acf":[],"yoast_head":"<!-- This site is optimized with the Yoast SEO plugin v24.9 - https:\/\/yoast.com\/wordpress\/plugins\/seo\/ -->\n<title>Digitalt innhold - Learnlab NO<\/title>\n<meta name=\"robots\" content=\"index, follow, max-snippet:-1, max-image-preview:large, max-video-preview:-1\" \/>\n<link rel=\"canonical\" href=\"https:\/\/info.learnlab.net\/no\/digitalt-innhold\/\" \/>\n<meta property=\"og:locale\" content=\"en_US\" \/>\n<meta property=\"og:type\" content=\"article\" \/>\n<meta property=\"og:title\" content=\"Digitalt innhold - Learnlab NO\" \/>\n<meta property=\"og:description\" content=\"Learnlab Lisens &#8211; Hva f\u00e5r du? Med en Learnlab-lisens f\u00e5r du tilgang til innholdspakker som er klare til bruk. Disse fleksible og interaktive prosessene er utformet for kollektiv refleksjon, aktivering av deltakere, utforskning, refleksjon, dybdel\u00e6ring og forst\u00e5else. Alle pakkene er klare til bruk, men du kan redesigne dem f\u00f8r eller under \u00f8kten for \u00e5 tilpasse [&hellip;]\" \/>\n<meta property=\"og:url\" content=\"https:\/\/info.learnlab.net\/no\/digitalt-innhold\/\" \/>\n<meta property=\"og:site_name\" content=\"Learnlab NO\" \/>\n<meta property=\"article:modified_time\" content=\"2024-08-12T11:13:09+00:00\" \/>\n<meta name=\"twitter:card\" content=\"summary_large_image\" \/>\n<script type=\"application\/ld+json\" class=\"yoast-schema-graph\">{\"@context\":\"https:\/\/schema.org\",\"@graph\":[{\"@type\":\"WebPage\",\"@id\":\"https:\/\/info.learnlab.net\/no\/digitalt-innhold\/\",\"url\":\"https:\/\/info.learnlab.net\/no\/digitalt-innhold\/\",\"name\":\"Digitalt innhold - Learnlab NO\",\"isPartOf\":{\"@id\":\"https:\/\/info.learnlab.net\/no\/#website\"},\"primaryImageOfPage\":{\"@id\":\"https:\/\/info.learnlab.net\/no\/digitalt-innhold\/#primaryimage\"},\"image\":{\"@id\":\"https:\/\/info.learnlab.net\/no\/digitalt-innhold\/#primaryimage\"},\"thumbnailUrl\":\"https:\/\/info.learnlab.net\/no\/wp-content\/uploads\/sites\/2\/2024\/07\/learnlab-devices.svg\",\"datePublished\":\"2024-07-29T12:53:30+00:00\",\"dateModified\":\"2024-08-12T11:13:09+00:00\",\"breadcrumb\":{\"@id\":\"https:\/\/info.learnlab.net\/no\/digitalt-innhold\/#breadcrumb\"},\"inLanguage\":\"en-US\",\"potentialAction\":[{\"@type\":\"ReadAction\",\"target\":[\"https:\/\/info.learnlab.net\/no\/digitalt-innhold\/\"]}]},{\"@type\":\"ImageObject\",\"inLanguage\":\"en-US\",\"@id\":\"https:\/\/info.learnlab.net\/no\/digitalt-innhold\/#primaryimage\",\"url\":\"https:\/\/info.learnlab.net\/no\/wp-content\/uploads\/sites\/2\/2024\/07\/learnlab-devices.svg\",\"contentUrl\":\"https:\/\/info.learnlab.net\/no\/wp-content\/uploads\/sites\/2\/2024\/07\/learnlab-devices.svg\"},{\"@type\":\"BreadcrumbList\",\"@id\":\"https:\/\/info.learnlab.net\/no\/digitalt-innhold\/#breadcrumb\",\"itemListElement\":[{\"@type\":\"ListItem\",\"position\":1,\"name\":\"Home\",\"item\":\"https:\/\/info.learnlab.net\/no\/\"},{\"@type\":\"ListItem\",\"position\":2,\"name\":\"Digitalt innhold\"}]},{\"@type\":\"WebSite\",\"@id\":\"https:\/\/info.learnlab.net\/no\/#website\",\"url\":\"https:\/\/info.learnlab.net\/no\/\",\"name\":\"Learnlab NO\",\"description\":\"Digitale verkt\u00f8y for l\u00e6rere og elever\",\"publisher\":{\"@id\":\"https:\/\/info.learnlab.net\/no\/#organization\"},\"potentialAction\":[{\"@type\":\"SearchAction\",\"target\":{\"@type\":\"EntryPoint\",\"urlTemplate\":\"https:\/\/info.learnlab.net\/no\/?s={search_term_string}\"},\"query-input\":{\"@type\":\"PropertyValueSpecification\",\"valueRequired\":true,\"valueName\":\"search_term_string\"}}],\"inLanguage\":\"en-US\"},{\"@type\":\"Organization\",\"@id\":\"https:\/\/info.learnlab.net\/no\/#organization\",\"name\":\"Learnlab NO\",\"url\":\"https:\/\/info.learnlab.net\/no\/\",\"logo\":{\"@type\":\"ImageObject\",\"inLanguage\":\"en-US\",\"@id\":\"https:\/\/info.learnlab.net\/no\/#\/schema\/logo\/image\/\",\"url\":\"https:\/\/info.learnlab.net\/no\/wp-content\/uploads\/sites\/2\/2024\/07\/learnlab-logo.svg\",\"contentUrl\":\"https:\/\/info.learnlab.net\/no\/wp-content\/uploads\/sites\/2\/2024\/07\/learnlab-logo.svg\",\"caption\":\"Learnlab NO\"},\"image\":{\"@id\":\"https:\/\/info.learnlab.net\/no\/#\/schema\/logo\/image\/\"}}]}<\/script>\n<!-- \/ Yoast SEO plugin. -->","yoast_head_json":{"title":"Digitalt innhold - Learnlab NO","robots":{"index":"index","follow":"follow","max-snippet":"max-snippet:-1","max-image-preview":"max-image-preview:large","max-video-preview":"max-video-preview:-1"},"canonical":"https:\/\/info.learnlab.net\/no\/digitalt-innhold\/","og_locale":"en_US","og_type":"article","og_title":"Digitalt innhold - Learnlab NO","og_description":"Learnlab Lisens &#8211; Hva f\u00e5r du? Med en Learnlab-lisens f\u00e5r du tilgang til innholdspakker som er klare til bruk. Disse fleksible og interaktive prosessene er utformet for kollektiv refleksjon, aktivering av deltakere, utforskning, refleksjon, dybdel\u00e6ring og forst\u00e5else. Alle pakkene er klare til bruk, men du kan redesigne dem f\u00f8r eller under \u00f8kten for \u00e5 tilpasse [&hellip;]","og_url":"https:\/\/info.learnlab.net\/no\/digitalt-innhold\/","og_site_name":"Learnlab NO","article_modified_time":"2024-08-12T11:13:09+00:00","twitter_card":"summary_large_image","schema":{"@context":"https:\/\/schema.org","@graph":[{"@type":"WebPage","@id":"https:\/\/info.learnlab.net\/no\/digitalt-innhold\/","url":"https:\/\/info.learnlab.net\/no\/digitalt-innhold\/","name":"Digitalt innhold - Learnlab NO","isPartOf":{"@id":"https:\/\/info.learnlab.net\/no\/#website"},"primaryImageOfPage":{"@id":"https:\/\/info.learnlab.net\/no\/digitalt-innhold\/#primaryimage"},"image":{"@id":"https:\/\/info.learnlab.net\/no\/digitalt-innhold\/#primaryimage"},"thumbnailUrl":"https:\/\/info.learnlab.net\/no\/wp-content\/uploads\/sites\/2\/2024\/07\/learnlab-devices.svg","datePublished":"2024-07-29T12:53:30+00:00","dateModified":"2024-08-12T11:13:09+00:00","breadcrumb":{"@id":"https:\/\/info.learnlab.net\/no\/digitalt-innhold\/#breadcrumb"},"inLanguage":"en-US","potentialAction":[{"@type":"ReadAction","target":["https:\/\/info.learnlab.net\/no\/digitalt-innhold\/"]}]},{"@type":"ImageObject","inLanguage":"en-US","@id":"https:\/\/info.learnlab.net\/no\/digitalt-innhold\/#primaryimage","url":"https:\/\/info.learnlab.net\/no\/wp-content\/uploads\/sites\/2\/2024\/07\/learnlab-devices.svg","contentUrl":"https:\/\/info.learnlab.net\/no\/wp-content\/uploads\/sites\/2\/2024\/07\/learnlab-devices.svg"},{"@type":"BreadcrumbList","@id":"https:\/\/info.learnlab.net\/no\/digitalt-innhold\/#breadcrumb","itemListElement":[{"@type":"ListItem","position":1,"name":"Home","item":"https:\/\/info.learnlab.net\/no\/"},{"@type":"ListItem","position":2,"name":"Digitalt innhold"}]},{"@type":"WebSite","@id":"https:\/\/info.learnlab.net\/no\/#website","url":"https:\/\/info.learnlab.net\/no\/","name":"Learnlab NO","description":"Digitale verkt\u00f8y for l\u00e6rere og elever","publisher":{"@id":"https:\/\/info.learnlab.net\/no\/#organization"},"potentialAction":[{"@type":"SearchAction","target":{"@type":"EntryPoint","urlTemplate":"https:\/\/info.learnlab.net\/no\/?s={search_term_string}"},"query-input":{"@type":"PropertyValueSpecification","valueRequired":true,"valueName":"search_term_string"}}],"inLanguage":"en-US"},{"@type":"Organization","@id":"https:\/\/info.learnlab.net\/no\/#organization","name":"Learnlab NO","url":"https:\/\/info.learnlab.net\/no\/","logo":{"@type":"ImageObject","inLanguage":"en-US","@id":"https:\/\/info.learnlab.net\/no\/#\/schema\/logo\/image\/","url":"https:\/\/info.learnlab.net\/no\/wp-content\/uploads\/sites\/2\/2024\/07\/learnlab-logo.svg","contentUrl":"https:\/\/info.learnlab.net\/no\/wp-content\/uploads\/sites\/2\/2024\/07\/learnlab-logo.svg","caption":"Learnlab NO"},"image":{"@id":"https:\/\/info.learnlab.net\/no\/#\/schema\/logo\/image\/"}}]}},"_links":{"self":[{"href":"https:\/\/info.learnlab.net\/no\/wp-json\/wp\/v2\/pages\/271","targetHints":{"allow":["GET"]}}],"collection":[{"href":"https:\/\/info.learnlab.net\/no\/wp-json\/wp\/v2\/pages"}],"about":[{"href":"https:\/\/info.learnlab.net\/no\/wp-json\/wp\/v2\/types\/page"}],"author":[{"embeddable":true,"href":"https:\/\/info.learnlab.net\/no\/wp-json\/wp\/v2\/users\/1"}],"replies":[{"embeddable":true,"href":"https:\/\/info.learnlab.net\/no\/wp-json\/wp\/v2\/comments?post=271"}],"version-history":[{"count":10,"href":"https:\/\/info.learnlab.net\/no\/wp-json\/wp\/v2\/pages\/271\/revisions"}],"predecessor-version":[{"id":1157,"href":"https:\/\/info.learnlab.net\/no\/wp-json\/wp\/v2\/pages\/271\/revisions\/1157"}],"wp:featuredmedia":[{"embeddable":true,"href":"https:\/\/info.learnlab.net\/no\/wp-json\/wp\/v2\/media\/272"}],"wp:attachment":[{"href":"https:\/\/info.learnlab.net\/no\/wp-json\/wp\/v2\/media?parent=271"}],"curies":[{"name":"wp","href":"https:\/\/api.w.org\/{rel}","templated":true}]}}