{"id":27,"date":"2024-07-09T12:51:07","date_gmt":"2024-07-09T12:51:07","guid":{"rendered":"https:\/\/info.learnlab.net\/it\/?page_id=27"},"modified":"2024-12-15T01:35:14","modified_gmt":"2024-12-15T01:35:14","slug":"inclusion-accessibility-policy","status":"publish","type":"page","link":"https:\/\/info.learnlab.net\/it\/inclusion-accessibility-policy\/","title":{"rendered":"Inclusione e accessibilita\u2019"},"content":{"rendered":"<p>Questa politicy rappresenta le opinioni che LearnLab AS (di seguito denominata &#8220;noi&#8221;) ha riguardo alla diversit\u00e0, accessibilit\u00e0, inclusione e uguaglianza rispetto all&#8217;uso e all&#8217;apprendimento attraverso la nostra piattaforma educativa.<\/p>\n<p>Obiettivi<br \/>\nQuesto testo descrive gli obiettivi di LearnLab in materia di accessibilit\u00e0 senza essere giuridicamente vincolante. Il presente documento non costituisce una specifica tecnica o funzionale per alcuna parte del prodotto LearnLab.<\/p>\n<p>Principi di diversit\u00e0 e inclusione<br \/>\nCrediamo che:<br \/>\n\u2022 che l&#8217;apprendimento profondo e il benessere dovrebbero includere tutti.<br \/>\n\u2022 innalzando l&#8217;asticella e colmando il divario nel l&#8217;istruzione.<br \/>\n\u2022 che la diversit\u00e0 \u00e8 un bene che ci permette di imparare gli uni dagli altri e dovrebbe quindi essere incoraggiata in modo positivo.<\/p>\n<p>Non discriminiamo o escludiamo a causa di caratteristiche individuali o circostanze, tra cui et\u00e0, disabilit\u00e0, genere, identit\u00e0 di genere, orientamento sessuale, stato civile, opinione politica, gravidanza\/maternit\u00e0\/paternit\u00e0, razza, colore, casta, nazionalit\u00e0, origine etnica o nazionale, religione o credo, background socioeconomico, status di sindacato o livello d&#8217;istruzione &#8211; in conformit\u00e0 ma non limitato al campo d&#8217;applicazione della legge.<\/p>\n<p>Obiettivi di accessibilit\u00e0<br \/>\nCi sforziamo di essere conformi alle Linee guida per l&#8217;accessibilit\u00e0 dei contenuti web (WCAG) versione 2.0<\/p>\n<p>(<a href=\"http:\/\/www.w3.org\/TR\/WCAG20\/\">http:\/\/www.w3.org\/TR\/WCAG20\/<\/a>), a un livello di conformit\u00e0 AA.<\/p>\n<p>Il nostro obiettivo \u00e8 quello di mostrare le migliori pratiche in materia di accessibilit\u00e0 attraverso i nostri canali editoriali e social dalla comunit\u00e0 LearnLab.<\/p>\n","protected":false},"excerpt":{"rendered":"<p>Questa politicy rappresenta le opinioni che LearnLab AS (di seguito denominata &#8220;noi&#8221;) ha riguardo alla diversit\u00e0, accessibilit\u00e0, inclusione e uguaglianza rispetto all&#8217;uso e all&#8217;apprendimento attraverso la nostra piattaforma educativa. Obiettivi Questo testo descrive gli obiettivi di LearnLab in materia di accessibilit\u00e0 senza essere giuridicamente vincolante. Il presente documento non costituisce una specifica tecnica o funzionale [&hellip;]<\/p>\n","protected":false},"author":1,"featured_media":0,"parent":0,"menu_order":0,"comment_status":"closed","ping_status":"closed","template":"page-templates\/text.php","meta":{"_acf_changed":false,"footnotes":""},"class_list":["post-27","page","type-page","status-publish","hentry"],"acf":[],"yoast_head":"<!-- This site is optimized with the Yoast SEO plugin v24.9 - https:\/\/yoast.com\/wordpress\/plugins\/seo\/ -->\n<title>Inclusione e accessibilita\u2019 - Learnlab IT<\/title>\n<meta name=\"robots\" content=\"index, follow, max-snippet:-1, max-image-preview:large, max-video-preview:-1\" \/>\n<link rel=\"canonical\" href=\"https:\/\/info.learnlab.net\/it\/inclusion-accessibility-policy\/\" \/>\n<meta property=\"og:locale\" content=\"en_US\" \/>\n<meta property=\"og:type\" content=\"article\" \/>\n<meta property=\"og:title\" content=\"Inclusione e accessibilita\u2019 - Learnlab IT\" \/>\n<meta property=\"og:description\" content=\"Questa politicy rappresenta le opinioni che LearnLab AS (di seguito denominata &#8220;noi&#8221;) ha riguardo alla diversit\u00e0, accessibilit\u00e0, inclusione e uguaglianza rispetto all&#8217;uso e all&#8217;apprendimento attraverso la nostra piattaforma educativa. Obiettivi Questo testo descrive gli obiettivi di LearnLab in materia di accessibilit\u00e0 senza essere giuridicamente vincolante. Il presente documento non costituisce una specifica tecnica o funzionale [&hellip;]\" \/>\n<meta property=\"og:url\" content=\"https:\/\/info.learnlab.net\/it\/inclusion-accessibility-policy\/\" \/>\n<meta property=\"og:site_name\" content=\"Learnlab IT\" \/>\n<meta property=\"article:modified_time\" content=\"2024-12-15T01:35:14+00:00\" \/>\n<meta name=\"twitter:card\" content=\"summary_large_image\" \/>\n<meta name=\"twitter:label1\" content=\"Est. reading time\" \/>\n\t<meta name=\"twitter:data1\" content=\"1 minute\" \/>\n<script type=\"application\/ld+json\" class=\"yoast-schema-graph\">{\"@context\":\"https:\/\/schema.org\",\"@graph\":[{\"@type\":\"WebPage\",\"@id\":\"https:\/\/info.learnlab.net\/it\/inclusion-accessibility-policy\/\",\"url\":\"https:\/\/info.learnlab.net\/it\/inclusion-accessibility-policy\/\",\"name\":\"Inclusione e accessibilita\u2019 - Learnlab IT\",\"isPartOf\":{\"@id\":\"https:\/\/info.learnlab.net\/it\/#website\"},\"datePublished\":\"2024-07-09T12:51:07+00:00\",\"dateModified\":\"2024-12-15T01:35:14+00:00\",\"breadcrumb\":{\"@id\":\"https:\/\/info.learnlab.net\/it\/inclusion-accessibility-policy\/#breadcrumb\"},\"inLanguage\":\"en-US\",\"potentialAction\":[{\"@type\":\"ReadAction\",\"target\":[\"https:\/\/info.learnlab.net\/it\/inclusion-accessibility-policy\/\"]}]},{\"@type\":\"BreadcrumbList\",\"@id\":\"https:\/\/info.learnlab.net\/it\/inclusion-accessibility-policy\/#breadcrumb\",\"itemListElement\":[{\"@type\":\"ListItem\",\"position\":1,\"name\":\"Home\",\"item\":\"https:\/\/info.learnlab.net\/it\/\"},{\"@type\":\"ListItem\",\"position\":2,\"name\":\"Inclusione e accessibilita\u2019\"}]},{\"@type\":\"WebSite\",\"@id\":\"https:\/\/info.learnlab.net\/it\/#website\",\"url\":\"https:\/\/info.learnlab.net\/it\/\",\"name\":\"Learnlab IT\",\"description\":\"Strumenti digitali per studenti ed insegnanti\",\"publisher\":{\"@id\":\"https:\/\/info.learnlab.net\/it\/#organization\"},\"potentialAction\":[{\"@type\":\"SearchAction\",\"target\":{\"@type\":\"EntryPoint\",\"urlTemplate\":\"https:\/\/info.learnlab.net\/it\/?s={search_term_string}\"},\"query-input\":{\"@type\":\"PropertyValueSpecification\",\"valueRequired\":true,\"valueName\":\"search_term_string\"}}],\"inLanguage\":\"en-US\"},{\"@type\":\"Organization\",\"@id\":\"https:\/\/info.learnlab.net\/it\/#organization\",\"name\":\"Learnlab IT\",\"url\":\"https:\/\/info.learnlab.net\/it\/\",\"logo\":{\"@type\":\"ImageObject\",\"inLanguage\":\"en-US\",\"@id\":\"https:\/\/info.learnlab.net\/it\/#\/schema\/logo\/image\/\",\"url\":\"https:\/\/info.learnlab.net\/it\/wp-content\/uploads\/sites\/13\/2024\/07\/learnlab-logo.svg\",\"contentUrl\":\"https:\/\/info.learnlab.net\/it\/wp-content\/uploads\/sites\/13\/2024\/07\/learnlab-logo.svg\",\"caption\":\"Learnlab IT\"},\"image\":{\"@id\":\"https:\/\/info.learnlab.net\/it\/#\/schema\/logo\/image\/\"}}]}<\/script>\n<!-- \/ Yoast SEO plugin. -->","yoast_head_json":{"title":"Inclusione e accessibilita\u2019 - Learnlab IT","robots":{"index":"index","follow":"follow","max-snippet":"max-snippet:-1","max-image-preview":"max-image-preview:large","max-video-preview":"max-video-preview:-1"},"canonical":"https:\/\/info.learnlab.net\/it\/inclusion-accessibility-policy\/","og_locale":"en_US","og_type":"article","og_title":"Inclusione e accessibilita\u2019 - Learnlab IT","og_description":"Questa politicy rappresenta le opinioni che LearnLab AS (di seguito denominata &#8220;noi&#8221;) ha riguardo alla diversit\u00e0, accessibilit\u00e0, inclusione e uguaglianza rispetto all&#8217;uso e all&#8217;apprendimento attraverso la nostra piattaforma educativa. Obiettivi Questo testo descrive gli obiettivi di LearnLab in materia di accessibilit\u00e0 senza essere giuridicamente vincolante. Il presente documento non costituisce una specifica tecnica o funzionale [&hellip;]","og_url":"https:\/\/info.learnlab.net\/it\/inclusion-accessibility-policy\/","og_site_name":"Learnlab IT","article_modified_time":"2024-12-15T01:35:14+00:00","twitter_card":"summary_large_image","twitter_misc":{"Est. reading time":"1 minute"},"schema":{"@context":"https:\/\/schema.org","@graph":[{"@type":"WebPage","@id":"https:\/\/info.learnlab.net\/it\/inclusion-accessibility-policy\/","url":"https:\/\/info.learnlab.net\/it\/inclusion-accessibility-policy\/","name":"Inclusione e accessibilita\u2019 - Learnlab IT","isPartOf":{"@id":"https:\/\/info.learnlab.net\/it\/#website"},"datePublished":"2024-07-09T12:51:07+00:00","dateModified":"2024-12-15T01:35:14+00:00","breadcrumb":{"@id":"https:\/\/info.learnlab.net\/it\/inclusion-accessibility-policy\/#breadcrumb"},"inLanguage":"en-US","potentialAction":[{"@type":"ReadAction","target":["https:\/\/info.learnlab.net\/it\/inclusion-accessibility-policy\/"]}]},{"@type":"BreadcrumbList","@id":"https:\/\/info.learnlab.net\/it\/inclusion-accessibility-policy\/#breadcrumb","itemListElement":[{"@type":"ListItem","position":1,"name":"Home","item":"https:\/\/info.learnlab.net\/it\/"},{"@type":"ListItem","position":2,"name":"Inclusione e accessibilita\u2019"}]},{"@type":"WebSite","@id":"https:\/\/info.learnlab.net\/it\/#website","url":"https:\/\/info.learnlab.net\/it\/","name":"Learnlab IT","description":"Strumenti digitali per studenti ed insegnanti","publisher":{"@id":"https:\/\/info.learnlab.net\/it\/#organization"},"potentialAction":[{"@type":"SearchAction","target":{"@type":"EntryPoint","urlTemplate":"https:\/\/info.learnlab.net\/it\/?s={search_term_string}"},"query-input":{"@type":"PropertyValueSpecification","valueRequired":true,"valueName":"search_term_string"}}],"inLanguage":"en-US"},{"@type":"Organization","@id":"https:\/\/info.learnlab.net\/it\/#organization","name":"Learnlab IT","url":"https:\/\/info.learnlab.net\/it\/","logo":{"@type":"ImageObject","inLanguage":"en-US","@id":"https:\/\/info.learnlab.net\/it\/#\/schema\/logo\/image\/","url":"https:\/\/info.learnlab.net\/it\/wp-content\/uploads\/sites\/13\/2024\/07\/learnlab-logo.svg","contentUrl":"https:\/\/info.learnlab.net\/it\/wp-content\/uploads\/sites\/13\/2024\/07\/learnlab-logo.svg","caption":"Learnlab IT"},"image":{"@id":"https:\/\/info.learnlab.net\/it\/#\/schema\/logo\/image\/"}}]}},"_links":{"self":[{"href":"https:\/\/info.learnlab.net\/it\/wp-json\/wp\/v2\/pages\/27","targetHints":{"allow":["GET"]}}],"collection":[{"href":"https:\/\/info.learnlab.net\/it\/wp-json\/wp\/v2\/pages"}],"about":[{"href":"https:\/\/info.learnlab.net\/it\/wp-json\/wp\/v2\/types\/page"}],"author":[{"embeddable":true,"href":"https:\/\/info.learnlab.net\/it\/wp-json\/wp\/v2\/users\/1"}],"replies":[{"embeddable":true,"href":"https:\/\/info.learnlab.net\/it\/wp-json\/wp\/v2\/comments?post=27"}],"version-history":[{"count":4,"href":"https:\/\/info.learnlab.net\/it\/wp-json\/wp\/v2\/pages\/27\/revisions"}],"predecessor-version":[{"id":902,"href":"https:\/\/info.learnlab.net\/it\/wp-json\/wp\/v2\/pages\/27\/revisions\/902"}],"wp:attachment":[{"href":"https:\/\/info.learnlab.net\/it\/wp-json\/wp\/v2\/media?parent=27"}],"curies":[{"name":"wp","href":"https:\/\/api.w.org\/{rel}","templated":true}]}}