{"id":25,"date":"2024-07-09T12:50:11","date_gmt":"2024-07-09T12:50:11","guid":{"rendered":"https:\/\/info.learnlab.net\/it\/?page_id=25"},"modified":"2024-12-15T01:53:51","modified_gmt":"2024-12-15T01:53:51","slug":"terms-conditions","status":"publish","type":"page","link":"https:\/\/info.learnlab.net\/it\/terms-conditions\/","title":{"rendered":"Termini e Condizioni"},"content":{"rendered":"<section class=\"section section-terms\">\n<div class=\"container editor\">\n<p>TERMINI &amp; CONDIZIONI PER GLI UTENTI DI LICENZA<\/p>\n<p><span class=\"ng-star-inserted\" data-index=\"1\">Ultimo aggiornamento: 02\/11\/22.<\/p>\n<p><\/span><span class=\"ng-star-inserted\" data-index=\"2\">Tutti i dati memorizzati per gli utenti autorizzati sono conformi al regolamento generale sulla protezione dei dati (GDPR) nell&#8217;UE e nello Spazio economico europeo (SEE). <\/span><span class=\"ng-star-inserted\" data-index=\"3\">Le condizioni generali per gli utenti della licenza sono regolate in un accordo separato e firmato tra Learnlab e il cliente. <\/span><span class=\"ng-star-inserted\" data-index=\"4\">Tutte le scuole e i comuni di licenza sono tenuti a firmare un DBA scritto secondo le leggi in ogni contea. <\/span><span class=\"ng-star-inserted\" data-index=\"5\">Contattare le vendite per ulteriori informazioni. <\/span><span class=\"ng-star-inserted\" data-index=\"6\">Gli aspetti salienti di questo accordo sono brevemente descritti qui di seguito. <\/span><span class=\"ng-star-inserted\" data-index=\"7\">Per gli utenti di licenza sono regolati in un accordo separato e firmato tra Learnlab e il cliente. <\/span><span class=\"ng-star-inserted\" data-index=\"8\">Gli aspetti salienti di questo accordo sono brevemente descritti qui di seguito. <\/span><span class=\"ng-star-inserted\" data-index=\"9\">Per gli utenti di licenze Learnlab fornisce una soluzione 100% GDPR-compliant con la memorizzazione dei dati in UE e forte protezione dei dati. <\/span><span class=\"ng-star-inserted\" data-index=\"10\">Tutte le informazioni personali sono disponibili solo su autenticazione a due fattori per gli utenti norvegesi e in aggiunta alla migliore protezione dei dati tecnici che il mercato pu\u00f2 offrire. <\/span><span class=\"ng-star-inserted\" data-index=\"11\">Crittografiamo anche tutte le informazioni personali sui nostri server.<\/p>\n<p><\/span><span class=\"ng-star-inserted\" data-index=\"12\">Learnlab utilizza la crittografia dei dati a riposo, il che significa che tutti i dati memorizzati devono essere criptati. <\/span><span class=\"ng-star-inserted\" data-index=\"13\">Tecnicamente, un&#8217;istanza di database in esecuzione con crittografia RDS, i dati memorizzati a riposo nello storage sottostante sono crittografati, cos\u00ec come i suoi backup automatici, le repliche di lettura e le istantanee. <\/span><span class=\"ng-star-inserted\" data-index=\"14\">La crittografia RDS utilizza l&#8217;algoritmo di crittografia AES-256 standard del settore per crittografare i dati sul server che ospita un&#8217;istanza RDS.<\/p>\n<p><\/span><span class=\"ng-star-inserted hovered\" data-index=\"15\">La crittografia dei dati in transito significa che tutte le comunicazioni tra le risorse di Learnlab sono criptate utilizzando SSL\/TLS. <\/span><span class=\"ng-star-inserted\" data-index=\"16\">RDS crea un certificato SSL e lo installa sull&#8217;istanza DB quando l&#8217;istanza viene fornita. <\/span><span class=\"ng-star-inserted\" data-index=\"17\">Pertanto, tutte le istanze RDS di Learnlab, inclusa quella che memorizza i dati personali, sono configurate per utilizzare la comunicazione SLL\/TLS.<\/span><\/p>\n<p>The following technical and organizational measurements have been taken by Learnlab to ensure personal data privacy and security:<\/p>\n<ol>\n<li>Personal data in Learnlab applications is only accessible for super admin users (Learnlab employees), and they have mandatory two-factor authentication on their login<\/li>\n<li>Personal data is stored on a dedicated RDS instance (Learnlab SSO Database) with enabled data encryption. For students and teachers in Norwegian municipalities we also use FEIDE, so no password is stored for this group. The same goes for Unilogin users in Denmark.<\/li>\n<li>Learnlab SSO Database can be communicated only via SSL\/TLS.<\/li>\n<li>Learnlab SSO Database is part of the Learnlab Organization Unit, and users from other organizational units cannot access it.<\/li>\n<li>Learnlab Organization Unit members have mandatory two-factor authentication on their login.<\/li>\n<li>Learnlab Organization Unit controls the VPN access to the Learnlab SSO Database; default configuration is that VPN is disabled.<\/li>\n<li>Learnlab SSO Database configuration is monitored.<\/li>\n<li>Learnlab Organization Unit activities are monitored.<\/li>\n<\/ol>\n<h2>TERMINI E CONDIZIONI PER GLI UTENTI GRATUITI DI COLAB<\/h2>\n<p>Last updated: 02\/11\/22.<\/p>\n<p>Introduzione<\/p>\n<p>Benvenuti ai termini e condizioni di LearnLab.<\/p>\n<p>Questo \u00e8 applicabile al nostro sito web e all&#8217;applicazione software (learnlab.net), che \u00e8 di propriet\u00e0 e gestito da LearnLab AS. Ci riferiamo a questo sito web e l&#8217;applicazione in questo accordo come i &#8220;Servizi.&#8221; Visitando i Servizi e accedendo alle informazioni, risorse, servizi, prodotti e strumenti da noi forniti, l&#8217;utente comprende e accetta di accettare e rispettare i seguenti termini e condizioni come indicato nella presente politica (di seguito denominato &#8216;Accordo con l&#8217;utente&#8217;).<\/p>\n<p>Questo accordo \u00e8 in vigore dal 20\/09\/17.<\/p>\n<p>Ci riserviamo il diritto di modificare questo Accordo con l&#8217;utente di volta in volta senza preavviso. L&#8217;utente riconosce e accetta che \u00e8 sua responsabilit\u00e0 rivedere periodicamente il presente Accordo con l&#8217;utente per familiarizzare con eventuali modifiche. Il vostro uso continuato dei Servizi dopo tali modifiche costituir\u00e0 la presa di conoscenza e l&#8217;accettazione delle condizioni modificate.<\/p>\n<p>Puntiamo a essere conformi alle Web Content Accessibility Guidelines (WCAG) versione 2.0 (http:\/\/www.w3.org\/TR\/WCAG20\/), ad un livello di conformit\u00e0 AA.<\/p>\n<p><span class=\"ng-star-inserted\" data-index=\"0\"><strong>Uso e condotta responsabili<\/strong><br \/>\n<\/span><span class=\"ng-star-inserted\" data-index=\"1\">Visitando i nostri servizi e accedendo alle informazioni, risorse, servizi, prodotti e strumenti che forniamo direttamente o indirettamente (di seguito denominati &#8216;Risorse&#8217;), l&#8217;utente accetta di utilizzare queste risorse solo per gli scopi previsti da (a) i termini del presente Accordo con l&#8217;utente e (b) le leggi, i regolamenti e le pratiche o linee guida generalmente accettate.<\/p>\n<p><\/span><span class=\"ng-star-inserted\" data-index=\"2\">In cui, si capisce che:<br \/>\n<\/span><span class=\"ng-star-inserted\" data-index=\"3\">a. Per accedere alle nostre Risorse, potrebbe essere necessario fornire alcune informazioni su di te (come l&#8217;identificazione, i dettagli di contatto, ecc.) Come parte del processo di registrazione o come parte della tua capacit\u00e0 di utilizzare le Risorse. <\/span><span class=\"ng-star-inserted\" data-index=\"4\">Accetti che tutte le informazioni fornite saranno sempre accurate, corrette e aggiornate.<br \/>\n<\/span><span class=\"ng-star-inserted\" data-index=\"5\">b. Sei responsabile per il mantenimento della riservatezza di qualsiasi informazione di accesso associata a qualsiasi account che utilizzi per accedere alle nostre Risorse. <\/span><span class=\"ng-star-inserted\" data-index=\"6\">Di conseguenza, si sono responsabili per tutte le attivit\u00e0 che si verificano sotto il tuo account\/ s.<br \/>\n<\/span><span class=\"ng-star-inserted\" data-index=\"7\">c. \u00c8 severamente vietato accedere (o tentare di accedere) a qualsiasi delle nostre Risorse con mezzi diversi da quelli forniti. <\/span><span class=\"ng-star-inserted\" data-index=\"8\">Accetti in modo specifico di non accedere (o tentare di accedere) a nessuna delle nostre Risorse attraverso qualsiasi mezzo automatizzato, immorale o non convenzionale.<br \/>\n<\/span><span class=\"ng-star-inserted\" data-index=\"9\">d. Impegnarsi in qualsiasi attivit\u00e0 che interrompe o interferisce con le nostre risorse, compresi i server e\/ o reti a cui si trovano o sono collegati i nostri Risorse, \u00e8 severamente vietato.<br \/>\n<\/span><span class=\"ng-star-inserted hovered\" data-index=\"10\">e. Il tentativo di copiare, duplicare, riprodurre, vendere, commercializzare o rivendere le nostre risorse \u00e8 severamente vietato, ad eccezione della duplicazione e copia del contenuto (i.e. &#8216;Labs&#8217;) allo scopo di pubblicarlo su LearnLab.<br \/>\n<\/span><span class=\"ng-star-inserted\" data-index=\"11\">f. Sei l&#8217;unico responsabile per eventuali conseguenze, perdite o danni che direttamente o indirettamente incorrere o subire a causa di qualsiasi attivit\u00e0 non autorizzata condotta da voi, come spiegato sopra, e pu\u00f2 incorrere in responsabilit\u00e0 penale o civile.<\/span><\/p>\n<p>g. <span class=\"hovered\" data-index=\"0\">Potremmo fornire vari strumenti di comunicazione aperti sui nostri Servizi, come commenti al blog, post sul blog, chat pubblica, forum, bacheche, newsgroup, valutazioni e recensioni dei prodotti, vari servizi di social media, ecc. Lei comprende che generalmente non predisponiamoMonitorare o monitorare i contenuti pubblicati dagli utenti di questi vari strumenti di comunicazione, il che significa che se si sceglie di utilizzare questi strumenti per inviare qualsiasi tipo di contenuto ai nostri servizi, allora \u00e8 vostra responsabilit\u00e0 personale utilizzare questi strumenti in modo responsabile ed etico. Pubblicando informazioni o utilizzando in altro modo qualsiasi strumento di comunicazione aperto come indicato, l&#8217;utente accetta di non caricare, pubblicare, condividere o distribuire in altro modo qualsiasi contenuto che:<br \/>\n<\/span><span class=\"\" data-index=\"1\">. \u00e8 illegale, minaccioso, diffamatorio, abusivo, vessatorio, degradante, intimidatorio, fraudolento, ingannevole, invasivo, razzista o contiene qualsiasi tipo di linguaggio suggestionabile, inappropriato o esplicito;<br \/>\n<\/span><span class=\"\" data-index=\"2\">ii. viola qualsiasi marchio, brevetto, segreto commerciale, diritto d&#8217;autore o altro diritto di propriet\u00e0 di qualsiasi parte;<br \/>\n<\/span><span class=\"\" data-index=\"3\">iii. contiene qualsiasi tipo di pubblicit\u00e0 non autorizzata o non richiesta;<br \/>\n<\/span><span class=\"\" data-index=\"4\">iiii. Impersonare qualsiasi persona o entit\u00e0, inclusi i dipendenti o rappresentanti di LearnLab AS. Abbiamo il diritto, a nostra esclusiva discrezione, di rimuovere qualsiasi contenuto che riteniamo non conforme al presente Accordo con l&#8217;utente, insieme a qualsiasi contenuto che riteniamo offensivo, dannoso, discutibile, impreciso o che viola diritti d&#8217;autore o marchi di terze parti. Non siamo responsabili per eventuali ritardi o mancate rimozione di tali contenuti. Se pubblichi contenuti che scegliamo di rimuovere, acconsenti a tale rimozione e accetti di rinunciare a qualsiasi reclamo nei nostri confronti.<\/span><br \/>\nh. Non ci assumiamo alcuna responsabilit\u00e0 per qualsiasi contenuto pubblicato da voi o da altri utenti di terze parti dei nostri servizi. Tuttavia, qualsiasi contenuto pubblicato da voi utilizzando qualsiasi strumento di comunicazione aperto sui nostri servizi, se non viola o viola i diritti d&#8217;autore o marchi di terze parti, diventa propriet\u00e0 di LearnLab AS, e come tale, ci d\u00e0 un perpetuo, irrevocabile, in tutto il mondo, licenza esclusiva e senza royalty per riprodurre, modificare, adattare, tradurre, pubblicare, visualizzare pubblicamente e\/o distribuire come meglio riteniamo opportuno. Questo si riferisce e si applica solo ai contenuti pubblicati tramite strumenti di comunicazione aperti come descritto, e non si riferisce alle informazioni che vengono fornite come parte del processo di registrazione, necessarie per utilizzare le nostre risorse.<br \/>\nAccetti di indennizzare e tenere indenne LearnLab AS e la sua societ\u00e0 madre e affiliate, e i loro amministratori, funzionari, manager, dipendenti, donatori, agenti e licenziatari, da e contro tutte le perdite, spese, danni e costi, compresi ragionevoli onorari degli avvocati, derivanti da qualsiasi violazione del presente Accordo con l&#8217;utente o dal mancato rispetto di eventuali obblighi relativi al tuo account sostenuti da te o da qualsiasi altra persona che utilizza il tuo account. Ci riserviamo il diritto di assumere la difesa esclusiva di qualsiasi reclamo per il quale abbiamo diritto a indennizzo ai sensi del presente Accordo con l&#8217;utente. In tal caso, l&#8217;utente dovr\u00e0 fornirci la collaborazione ragionevolmente richiesta da noi.<\/p>\n<p><strong>Limitazione delle garanzie<\/strong><br \/>\nUtilizzando i nostri Servizi, l&#8217;utente comprende e accetta che tutte le Risorse da noi fornite sono &#8220;cos\u00ec come sono&#8221; e &#8220;come disponibili&#8221;. Ci\u00f2 significa che non rappresentiamo o garantiamo che:<br \/>\ni) l&#8217;uso delle nostre Risorse soddisfer\u00e0 le vostre esigenze o requisiti.<br \/>\nii) l&#8217;uso delle nostre Risorse sar\u00e0 ininterrotto, tempestivo, sicuro o privo di errori.<br \/>\niii) le informazioni ottenute utilizzando le nostre Risorse saranno accurate o affidabili e<br \/>\niv) eventuali difetti nel funzionamento o nella funzionalit\u00e0 di qualsiasi Risorsa da noi fornita saranno riparati o corretti. Inoltre, comprendete e concordate che:<br \/>\nv) qualsiasi contenuto scaricato o altrimenti ottenuto utilizzando le nostre Risorse \u00e8 fatto a propria discrezione e rischio, e che sei l&#8217;unico responsabile per eventuali danni al computer o altri dispositivi per qualsiasi perdita di dati che possono risultare dal download di tale contenuto.<br \/>\nvi) nessuna informazione o consiglio, sia espresso, implicito, orale o scritto, ottenuto da LearnLab AS o attraverso qualsiasi Risorse che forniamo creer\u00e0 alcuna garanzia, garanzia o condizioni di alcun tipo, tranne quelle espressamente descritte nel presente Accordo con l&#8217;utente.<\/p>\n<p><strong>Limitazione della responsabilit\u00e0<\/strong><br \/>\nIn connessione con la limitazione di garanzia come spiegato sopra, l&#8217;utente comprende e accetta espressamente che qualsiasi rivendicazione nei nostri confronti sar\u00e0 limitata all&#8217;importo pagato dall&#8217;utente, se presente, per l&#8217;utilizzo dei prodotti e\/o servizi. LearnLab AS non sar\u00e0 responsabile per qualsiasi perdita o danno diretto, indiretto, incidentale, consequenziale o esemplare che potrebbe essere sostenuto da voi a causa dell&#8217;utilizzo delle nostre Risorse, o a causa di eventuali modifiche, perdita o corruzione dei dati, cancellazione, perdita di accesso, o tempo di inattivit\u00e0 nella misura massima in cui si applicano le leggi applicabili sulla limitazione della responsabilit\u00e0..<\/p>\n<p>Diritti d&#8217;autore\/marchi<br \/>\nTutti i contenuti e materiali disponibili sui Servizi, inclusi ma non limitati a testo, grafica, nome del sito web, codice, immagini e loghi sono propriet\u00e0 intellettuale di LearnLab AS e dei creatori dei contenuti e sono protetti dal diritto d&#8217;autore e dal marchio. Qualsiasi uso inappropriato, incluso ma non limitato alla riproduzione, distribuzione, visualizzazione o trasmissione di qualsiasi contenuto sui Servizi \u00e8 severamente vietato, a meno che non sia espressamente autorizzato da LearnLab AS.<\/p>\n<p>Cessazione del l&#8217;uso<br \/>\nL&#8217;utente accetta che possiamo, a nostra esclusiva discrezione, sospendere o terminare l&#8217;accesso a tutto o parte dei nostri Servizi e Risorse con o senza preavviso e per qualsiasi motivo, inclusa, senza limitazione, la violazione del presente Accordo con l&#8217;utente. Qualsiasi attivit\u00e0 sospetta di essere illegale, fraudolenta o abusiva pu\u00f2 costituire motivo per porre fine al vostro rapporto e pu\u00f2 essere deferita alle autorit\u00e0 competenti. In caso di sospensione o cessazione, il diritto di utilizzare le Risorse da noi fornite cesser\u00e0 immediatamente e ci riserviamo il diritto di rimuovere o cancellare qualsiasi informazione che potresti avere in archivio con noi, inclusi eventuali account o informazioni di accesso.<\/p>\n<p>Legge applicabile<br \/>\nI Servizi sono controllati da LearnLab AS dai nostri uffici situati a Oslo, in Norvegia. Possono essere consultati dalla maggior parte dei paesi del mondo. Poich\u00e9 ogni paese ha leggi che possono differire da quelle della Norvegia, accedendo ai nostri servizi, accetti che gli statuti e le leggi della Norvegia, senza riguardo al conflitto di leggi e la Convenzione delle Nazioni Unite sulla vendita internazionale di beni, si applica a tutte le questioni relative all&#8217;utilizzo dei Servizi e all&#8217;acquisto di qualsiasi prodotto o servizio tramite i Servizi. Inoltre, qualsiasi azione per far rispettare questo Accordo con l&#8217;utente deve essere portata nei tribunali situati a Oslo (Oslo tingrett), in Norvegia. Con la presente acconsente alla giurisdizione personale di tali tribunali e rinuncia a qualsiasi giurisdizione, sede o inopportuno foro obiezioni a tali tribunali.<\/p>\n<p>Garanzia<br \/>\nSALVO INDICAZIONE CONTRARIA, LEARNLAB DECLINA ESPRESSAMENTE TUTTE LE GARANZIE E CONDIZIONI DI QUALSIASI TIPO, ESPLICITE O IMPLICITE, INCLUSE, MA NON LIMITATE ALLE GARANZIE E CONDIZIONI IMPLICITE DI COMMERCIABILIT\u00c0, IDONEIT\u00c0 PER UNO SCOPO E NON VIOLAZIONE.<\/p>\n<p>Contattarci<br \/>\nPer qualsiasi domanda sui termini e condizioni, contattateci a support@learnlab.net o<\/p>\n<p>LearnLab AS<br \/>\nKristian IV, cancello 13<br \/>\n0164 Oslo, Norvegia<\/p>\n<p>Poich\u00e9 le comunicazioni via e-mail non sono sempre sicure, si prega di non includere informazioni sensibili nelle vostre e-mail.<\/p>\n<\/div>\n<\/section>\n","protected":false},"excerpt":{"rendered":"<p>TERMINI &amp; CONDIZIONI PER GLI UTENTI DI LICENZA Ultimo aggiornamento: 02\/11\/22. Tutti i dati memorizzati per gli utenti autorizzati sono conformi al regolamento generale sulla protezione dei dati (GDPR) nell&#8217;UE e nello Spazio economico europeo (SEE). Le condizioni generali per gli utenti della licenza sono regolate in un accordo separato e firmato tra Learnlab e [&hellip;]<\/p>\n","protected":false},"author":1,"featured_media":0,"parent":0,"menu_order":0,"comment_status":"closed","ping_status":"closed","template":"page-templates\/text.php","meta":{"_acf_changed":false,"footnotes":""},"class_list":["post-25","page","type-page","status-publish","hentry"],"acf":[],"yoast_head":"<!-- This site is optimized with the Yoast SEO plugin v24.9 - https:\/\/yoast.com\/wordpress\/plugins\/seo\/ -->\n<title>Termini e Condizioni - Learnlab IT<\/title>\n<meta name=\"robots\" content=\"index, follow, max-snippet:-1, max-image-preview:large, max-video-preview:-1\" \/>\n<link rel=\"canonical\" href=\"https:\/\/info.learnlab.net\/it\/terms-conditions\/\" \/>\n<meta property=\"og:locale\" content=\"en_US\" \/>\n<meta property=\"og:type\" content=\"article\" \/>\n<meta property=\"og:title\" content=\"Termini e Condizioni - Learnlab IT\" \/>\n<meta property=\"og:description\" content=\"TERMINI &amp; CONDIZIONI PER GLI UTENTI DI LICENZA Ultimo aggiornamento: 02\/11\/22. Tutti i dati memorizzati per gli utenti autorizzati sono conformi al regolamento generale sulla protezione dei dati (GDPR) nell&#8217;UE e nello Spazio economico europeo (SEE). Le condizioni generali per gli utenti della licenza sono regolate in un accordo separato e firmato tra Learnlab e [&hellip;]\" \/>\n<meta property=\"og:url\" content=\"https:\/\/info.learnlab.net\/it\/terms-conditions\/\" \/>\n<meta property=\"og:site_name\" content=\"Learnlab IT\" \/>\n<meta property=\"article:modified_time\" content=\"2024-12-15T01:53:51+00:00\" \/>\n<meta name=\"twitter:card\" content=\"summary_large_image\" \/>\n<meta name=\"twitter:label1\" content=\"Est. reading time\" \/>\n\t<meta name=\"twitter:data1\" content=\"10 minutes\" \/>\n<script type=\"application\/ld+json\" class=\"yoast-schema-graph\">{\"@context\":\"https:\/\/schema.org\",\"@graph\":[{\"@type\":\"WebPage\",\"@id\":\"https:\/\/info.learnlab.net\/it\/terms-conditions\/\",\"url\":\"https:\/\/info.learnlab.net\/it\/terms-conditions\/\",\"name\":\"Termini e Condizioni - Learnlab IT\",\"isPartOf\":{\"@id\":\"https:\/\/info.learnlab.net\/it\/#website\"},\"datePublished\":\"2024-07-09T12:50:11+00:00\",\"dateModified\":\"2024-12-15T01:53:51+00:00\",\"breadcrumb\":{\"@id\":\"https:\/\/info.learnlab.net\/it\/terms-conditions\/#breadcrumb\"},\"inLanguage\":\"en-US\",\"potentialAction\":[{\"@type\":\"ReadAction\",\"target\":[\"https:\/\/info.learnlab.net\/it\/terms-conditions\/\"]}]},{\"@type\":\"BreadcrumbList\",\"@id\":\"https:\/\/info.learnlab.net\/it\/terms-conditions\/#breadcrumb\",\"itemListElement\":[{\"@type\":\"ListItem\",\"position\":1,\"name\":\"Home\",\"item\":\"https:\/\/info.learnlab.net\/it\/\"},{\"@type\":\"ListItem\",\"position\":2,\"name\":\"Termini e Condizioni\"}]},{\"@type\":\"WebSite\",\"@id\":\"https:\/\/info.learnlab.net\/it\/#website\",\"url\":\"https:\/\/info.learnlab.net\/it\/\",\"name\":\"Learnlab IT\",\"description\":\"Strumenti digitali per studenti ed insegnanti\",\"publisher\":{\"@id\":\"https:\/\/info.learnlab.net\/it\/#organization\"},\"potentialAction\":[{\"@type\":\"SearchAction\",\"target\":{\"@type\":\"EntryPoint\",\"urlTemplate\":\"https:\/\/info.learnlab.net\/it\/?s={search_term_string}\"},\"query-input\":{\"@type\":\"PropertyValueSpecification\",\"valueRequired\":true,\"valueName\":\"search_term_string\"}}],\"inLanguage\":\"en-US\"},{\"@type\":\"Organization\",\"@id\":\"https:\/\/info.learnlab.net\/it\/#organization\",\"name\":\"Learnlab IT\",\"url\":\"https:\/\/info.learnlab.net\/it\/\",\"logo\":{\"@type\":\"ImageObject\",\"inLanguage\":\"en-US\",\"@id\":\"https:\/\/info.learnlab.net\/it\/#\/schema\/logo\/image\/\",\"url\":\"https:\/\/info.learnlab.net\/it\/wp-content\/uploads\/sites\/13\/2024\/07\/learnlab-logo.svg\",\"contentUrl\":\"https:\/\/info.learnlab.net\/it\/wp-content\/uploads\/sites\/13\/2024\/07\/learnlab-logo.svg\",\"caption\":\"Learnlab IT\"},\"image\":{\"@id\":\"https:\/\/info.learnlab.net\/it\/#\/schema\/logo\/image\/\"}}]}<\/script>\n<!-- \/ Yoast SEO plugin. -->","yoast_head_json":{"title":"Termini e Condizioni - Learnlab IT","robots":{"index":"index","follow":"follow","max-snippet":"max-snippet:-1","max-image-preview":"max-image-preview:large","max-video-preview":"max-video-preview:-1"},"canonical":"https:\/\/info.learnlab.net\/it\/terms-conditions\/","og_locale":"en_US","og_type":"article","og_title":"Termini e Condizioni - Learnlab IT","og_description":"TERMINI &amp; CONDIZIONI PER GLI UTENTI DI LICENZA Ultimo aggiornamento: 02\/11\/22. Tutti i dati memorizzati per gli utenti autorizzati sono conformi al regolamento generale sulla protezione dei dati (GDPR) nell&#8217;UE e nello Spazio economico europeo (SEE). Le condizioni generali per gli utenti della licenza sono regolate in un accordo separato e firmato tra Learnlab e [&hellip;]","og_url":"https:\/\/info.learnlab.net\/it\/terms-conditions\/","og_site_name":"Learnlab IT","article_modified_time":"2024-12-15T01:53:51+00:00","twitter_card":"summary_large_image","twitter_misc":{"Est. reading time":"10 minutes"},"schema":{"@context":"https:\/\/schema.org","@graph":[{"@type":"WebPage","@id":"https:\/\/info.learnlab.net\/it\/terms-conditions\/","url":"https:\/\/info.learnlab.net\/it\/terms-conditions\/","name":"Termini e Condizioni - Learnlab IT","isPartOf":{"@id":"https:\/\/info.learnlab.net\/it\/#website"},"datePublished":"2024-07-09T12:50:11+00:00","dateModified":"2024-12-15T01:53:51+00:00","breadcrumb":{"@id":"https:\/\/info.learnlab.net\/it\/terms-conditions\/#breadcrumb"},"inLanguage":"en-US","potentialAction":[{"@type":"ReadAction","target":["https:\/\/info.learnlab.net\/it\/terms-conditions\/"]}]},{"@type":"BreadcrumbList","@id":"https:\/\/info.learnlab.net\/it\/terms-conditions\/#breadcrumb","itemListElement":[{"@type":"ListItem","position":1,"name":"Home","item":"https:\/\/info.learnlab.net\/it\/"},{"@type":"ListItem","position":2,"name":"Termini e Condizioni"}]},{"@type":"WebSite","@id":"https:\/\/info.learnlab.net\/it\/#website","url":"https:\/\/info.learnlab.net\/it\/","name":"Learnlab IT","description":"Strumenti digitali per studenti ed insegnanti","publisher":{"@id":"https:\/\/info.learnlab.net\/it\/#organization"},"potentialAction":[{"@type":"SearchAction","target":{"@type":"EntryPoint","urlTemplate":"https:\/\/info.learnlab.net\/it\/?s={search_term_string}"},"query-input":{"@type":"PropertyValueSpecification","valueRequired":true,"valueName":"search_term_string"}}],"inLanguage":"en-US"},{"@type":"Organization","@id":"https:\/\/info.learnlab.net\/it\/#organization","name":"Learnlab IT","url":"https:\/\/info.learnlab.net\/it\/","logo":{"@type":"ImageObject","inLanguage":"en-US","@id":"https:\/\/info.learnlab.net\/it\/#\/schema\/logo\/image\/","url":"https:\/\/info.learnlab.net\/it\/wp-content\/uploads\/sites\/13\/2024\/07\/learnlab-logo.svg","contentUrl":"https:\/\/info.learnlab.net\/it\/wp-content\/uploads\/sites\/13\/2024\/07\/learnlab-logo.svg","caption":"Learnlab IT"},"image":{"@id":"https:\/\/info.learnlab.net\/it\/#\/schema\/logo\/image\/"}}]}},"_links":{"self":[{"href":"https:\/\/info.learnlab.net\/it\/wp-json\/wp\/v2\/pages\/25","targetHints":{"allow":["GET"]}}],"collection":[{"href":"https:\/\/info.learnlab.net\/it\/wp-json\/wp\/v2\/pages"}],"about":[{"href":"https:\/\/info.learnlab.net\/it\/wp-json\/wp\/v2\/types\/page"}],"author":[{"embeddable":true,"href":"https:\/\/info.learnlab.net\/it\/wp-json\/wp\/v2\/users\/1"}],"replies":[{"embeddable":true,"href":"https:\/\/info.learnlab.net\/it\/wp-json\/wp\/v2\/comments?post=25"}],"version-history":[{"count":3,"href":"https:\/\/info.learnlab.net\/it\/wp-json\/wp\/v2\/pages\/25\/revisions"}],"predecessor-version":[{"id":904,"href":"https:\/\/info.learnlab.net\/it\/wp-json\/wp\/v2\/pages\/25\/revisions\/904"}],"wp:attachment":[{"href":"https:\/\/info.learnlab.net\/it\/wp-json\/wp\/v2\/media?parent=25"}],"curies":[{"name":"wp","href":"https:\/\/api.w.org\/{rel}","templated":true}]}}