{"id":852,"date":"2025-01-15T14:16:55","date_gmt":"2025-01-15T14:16:55","guid":{"rendered":"https:\/\/info.learnlab.net\/fr\/?page_id=852"},"modified":"2025-09-05T13:48:09","modified_gmt":"2025-09-05T13:48:09","slug":"sante","status":"publish","type":"page","link":"https:\/\/info.learnlab.net\/fr\/sante\/","title":{"rendered":"Sant\u00e9"},"content":{"rendered":"<p class=\"text-left\"><a href=\"https:\/\/create.colab.learnlab.net\/fr\/\" class=\"btn \">Log in<\/a><\/p>\n","protected":false},"excerpt":{"rendered":"","protected":false},"author":6,"featured_media":952,"parent":0,"menu_order":0,"comment_status":"closed","ping_status":"closed","template":"page-templates\/campaign.php","meta":{"_acf_changed":false,"footnotes":""},"class_list":["post-852","page","type-page","status-publish","has-post-thumbnail","hentry"],"acf":[],"yoast_head":"<!-- This site is optimized with the Yoast SEO plugin v24.9 - https:\/\/yoast.com\/wordpress\/plugins\/seo\/ -->\n<title>Sant\u00e9 - Learnlab FR<\/title>\n<meta name=\"robots\" content=\"index, follow, max-snippet:-1, max-image-preview:large, max-video-preview:-1\" \/>\n<link rel=\"canonical\" href=\"https:\/\/info.learnlab.net\/fr\/sante\/\" \/>\n<meta property=\"og:locale\" content=\"en_US\" \/>\n<meta property=\"og:type\" content=\"article\" \/>\n<meta property=\"og:title\" content=\"Sant\u00e9 - Learnlab FR\" \/>\n<meta property=\"og:url\" content=\"https:\/\/info.learnlab.net\/fr\/sante\/\" \/>\n<meta property=\"og:site_name\" content=\"Learnlab FR\" \/>\n<meta property=\"article:modified_time\" content=\"2025-09-05T13:48:09+00:00\" \/>\n<meta property=\"og:image\" content=\"https:\/\/info.learnlab.net\/fr\/wp-content\/uploads\/sites\/6\/2025\/05\/learnlab_healthcare.png\" \/>\n\t<meta property=\"og:image:width\" content=\"705\" \/>\n\t<meta property=\"og:image:height\" content=\"475\" \/>\n\t<meta property=\"og:image:type\" content=\"image\/png\" \/>\n<meta name=\"twitter:card\" content=\"summary_large_image\" \/>\n<meta name=\"twitter:label1\" content=\"Est. reading time\" \/>\n\t<meta name=\"twitter:data1\" content=\"1 minute\" \/>\n<script type=\"application\/ld+json\" class=\"yoast-schema-graph\">{\"@context\":\"https:\/\/schema.org\",\"@graph\":[{\"@type\":\"WebPage\",\"@id\":\"https:\/\/info.learnlab.net\/fr\/sante\/\",\"url\":\"https:\/\/info.learnlab.net\/fr\/sante\/\",\"name\":\"Sant\u00e9 - Learnlab FR\",\"isPartOf\":{\"@id\":\"https:\/\/info.learnlab.net\/fr\/#website\"},\"primaryImageOfPage\":{\"@id\":\"https:\/\/info.learnlab.net\/fr\/sante\/#primaryimage\"},\"image\":{\"@id\":\"https:\/\/info.learnlab.net\/fr\/sante\/#primaryimage\"},\"thumbnailUrl\":\"https:\/\/info.learnlab.net\/fr\/wp-content\/uploads\/sites\/6\/2025\/05\/learnlab_healthcare.png\",\"datePublished\":\"2025-01-15T14:16:55+00:00\",\"dateModified\":\"2025-09-05T13:48:09+00:00\",\"breadcrumb\":{\"@id\":\"https:\/\/info.learnlab.net\/fr\/sante\/#breadcrumb\"},\"inLanguage\":\"en-US\",\"potentialAction\":[{\"@type\":\"ReadAction\",\"target\":[\"https:\/\/info.learnlab.net\/fr\/sante\/\"]}]},{\"@type\":\"ImageObject\",\"inLanguage\":\"en-US\",\"@id\":\"https:\/\/info.learnlab.net\/fr\/sante\/#primaryimage\",\"url\":\"https:\/\/info.learnlab.net\/fr\/wp-content\/uploads\/sites\/6\/2025\/05\/learnlab_healthcare.png\",\"contentUrl\":\"https:\/\/info.learnlab.net\/fr\/wp-content\/uploads\/sites\/6\/2025\/05\/learnlab_healthcare.png\",\"width\":705,\"height\":475,\"caption\":\"Ic\u00f4ne sant\u00e9 Learnlab affichant un microscope, symbolisant l\u2019apprentissage bas\u00e9 sur la science, l\u2019\u00e9ducation fond\u00e9e sur la recherche et les outils num\u00e9riques innovants pour la formation et l\u2019analyse en sant\u00e9.\"},{\"@type\":\"BreadcrumbList\",\"@id\":\"https:\/\/info.learnlab.net\/fr\/sante\/#breadcrumb\",\"itemListElement\":[{\"@type\":\"ListItem\",\"position\":1,\"name\":\"Home\",\"item\":\"https:\/\/info.learnlab.net\/fr\/\"},{\"@type\":\"ListItem\",\"position\":2,\"name\":\"Sant\u00e9\"}]},{\"@type\":\"WebSite\",\"@id\":\"https:\/\/info.learnlab.net\/fr\/#website\",\"url\":\"https:\/\/info.learnlab.net\/fr\/\",\"name\":\"Learnlab FR\",\"description\":\"Outils num\u00e9riques pour l&#039;\u00e9ducation\",\"publisher\":{\"@id\":\"https:\/\/info.learnlab.net\/fr\/#organization\"},\"potentialAction\":[{\"@type\":\"SearchAction\",\"target\":{\"@type\":\"EntryPoint\",\"urlTemplate\":\"https:\/\/info.learnlab.net\/fr\/?s={search_term_string}\"},\"query-input\":{\"@type\":\"PropertyValueSpecification\",\"valueRequired\":true,\"valueName\":\"search_term_string\"}}],\"inLanguage\":\"en-US\"},{\"@type\":\"Organization\",\"@id\":\"https:\/\/info.learnlab.net\/fr\/#organization\",\"name\":\"Learnlab FR\",\"url\":\"https:\/\/info.learnlab.net\/fr\/\",\"logo\":{\"@type\":\"ImageObject\",\"inLanguage\":\"en-US\",\"@id\":\"https:\/\/info.learnlab.net\/fr\/#\/schema\/logo\/image\/\",\"url\":\"https:\/\/info.learnlab.net\/fr\/wp-content\/uploads\/sites\/6\/2024\/07\/learnlab-logo.svg\",\"contentUrl\":\"https:\/\/info.learnlab.net\/fr\/wp-content\/uploads\/sites\/6\/2024\/07\/learnlab-logo.svg\",\"caption\":\"Learnlab FR\"},\"image\":{\"@id\":\"https:\/\/info.learnlab.net\/fr\/#\/schema\/logo\/image\/\"}}]}<\/script>\n<!-- \/ Yoast SEO plugin. -->","yoast_head_json":{"title":"Sant\u00e9 - Learnlab FR","robots":{"index":"index","follow":"follow","max-snippet":"max-snippet:-1","max-image-preview":"max-image-preview:large","max-video-preview":"max-video-preview:-1"},"canonical":"https:\/\/info.learnlab.net\/fr\/sante\/","og_locale":"en_US","og_type":"article","og_title":"Sant\u00e9 - Learnlab FR","og_url":"https:\/\/info.learnlab.net\/fr\/sante\/","og_site_name":"Learnlab FR","article_modified_time":"2025-09-05T13:48:09+00:00","og_image":[{"width":705,"height":475,"url":"https:\/\/info.learnlab.net\/fr\/wp-content\/uploads\/sites\/6\/2025\/05\/learnlab_healthcare.png","type":"image\/png"}],"twitter_card":"summary_large_image","twitter_misc":{"Est. reading time":"1 minute"},"schema":{"@context":"https:\/\/schema.org","@graph":[{"@type":"WebPage","@id":"https:\/\/info.learnlab.net\/fr\/sante\/","url":"https:\/\/info.learnlab.net\/fr\/sante\/","name":"Sant\u00e9 - Learnlab FR","isPartOf":{"@id":"https:\/\/info.learnlab.net\/fr\/#website"},"primaryImageOfPage":{"@id":"https:\/\/info.learnlab.net\/fr\/sante\/#primaryimage"},"image":{"@id":"https:\/\/info.learnlab.net\/fr\/sante\/#primaryimage"},"thumbnailUrl":"https:\/\/info.learnlab.net\/fr\/wp-content\/uploads\/sites\/6\/2025\/05\/learnlab_healthcare.png","datePublished":"2025-01-15T14:16:55+00:00","dateModified":"2025-09-05T13:48:09+00:00","breadcrumb":{"@id":"https:\/\/info.learnlab.net\/fr\/sante\/#breadcrumb"},"inLanguage":"en-US","potentialAction":[{"@type":"ReadAction","target":["https:\/\/info.learnlab.net\/fr\/sante\/"]}]},{"@type":"ImageObject","inLanguage":"en-US","@id":"https:\/\/info.learnlab.net\/fr\/sante\/#primaryimage","url":"https:\/\/info.learnlab.net\/fr\/wp-content\/uploads\/sites\/6\/2025\/05\/learnlab_healthcare.png","contentUrl":"https:\/\/info.learnlab.net\/fr\/wp-content\/uploads\/sites\/6\/2025\/05\/learnlab_healthcare.png","width":705,"height":475,"caption":"Ic\u00f4ne sant\u00e9 Learnlab affichant un microscope, symbolisant l\u2019apprentissage bas\u00e9 sur la science, l\u2019\u00e9ducation fond\u00e9e sur la recherche et les outils num\u00e9riques innovants pour la formation et l\u2019analyse en sant\u00e9."},{"@type":"BreadcrumbList","@id":"https:\/\/info.learnlab.net\/fr\/sante\/#breadcrumb","itemListElement":[{"@type":"ListItem","position":1,"name":"Home","item":"https:\/\/info.learnlab.net\/fr\/"},{"@type":"ListItem","position":2,"name":"Sant\u00e9"}]},{"@type":"WebSite","@id":"https:\/\/info.learnlab.net\/fr\/#website","url":"https:\/\/info.learnlab.net\/fr\/","name":"Learnlab FR","description":"Outils num\u00e9riques pour l&#039;\u00e9ducation","publisher":{"@id":"https:\/\/info.learnlab.net\/fr\/#organization"},"potentialAction":[{"@type":"SearchAction","target":{"@type":"EntryPoint","urlTemplate":"https:\/\/info.learnlab.net\/fr\/?s={search_term_string}"},"query-input":{"@type":"PropertyValueSpecification","valueRequired":true,"valueName":"search_term_string"}}],"inLanguage":"en-US"},{"@type":"Organization","@id":"https:\/\/info.learnlab.net\/fr\/#organization","name":"Learnlab FR","url":"https:\/\/info.learnlab.net\/fr\/","logo":{"@type":"ImageObject","inLanguage":"en-US","@id":"https:\/\/info.learnlab.net\/fr\/#\/schema\/logo\/image\/","url":"https:\/\/info.learnlab.net\/fr\/wp-content\/uploads\/sites\/6\/2024\/07\/learnlab-logo.svg","contentUrl":"https:\/\/info.learnlab.net\/fr\/wp-content\/uploads\/sites\/6\/2024\/07\/learnlab-logo.svg","caption":"Learnlab FR"},"image":{"@id":"https:\/\/info.learnlab.net\/fr\/#\/schema\/logo\/image\/"}}]}},"_links":{"self":[{"href":"https:\/\/info.learnlab.net\/fr\/wp-json\/wp\/v2\/pages\/852","targetHints":{"allow":["GET"]}}],"collection":[{"href":"https:\/\/info.learnlab.net\/fr\/wp-json\/wp\/v2\/pages"}],"about":[{"href":"https:\/\/info.learnlab.net\/fr\/wp-json\/wp\/v2\/types\/page"}],"author":[{"embeddable":true,"href":"https:\/\/info.learnlab.net\/fr\/wp-json\/wp\/v2\/users\/6"}],"replies":[{"embeddable":true,"href":"https:\/\/info.learnlab.net\/fr\/wp-json\/wp\/v2\/comments?post=852"}],"version-history":[{"count":20,"href":"https:\/\/info.learnlab.net\/fr\/wp-json\/wp\/v2\/pages\/852\/revisions"}],"predecessor-version":[{"id":1033,"href":"https:\/\/info.learnlab.net\/fr\/wp-json\/wp\/v2\/pages\/852\/revisions\/1033"}],"wp:featuredmedia":[{"embeddable":true,"href":"https:\/\/info.learnlab.net\/fr\/wp-json\/wp\/v2\/media\/952"}],"wp:attachment":[{"href":"https:\/\/info.learnlab.net\/fr\/wp-json\/wp\/v2\/media?parent=852"}],"curies":[{"name":"wp","href":"https:\/\/api.w.org\/{rel}","templated":true}]}}