{"id":27,"date":"2024-07-09T12:51:07","date_gmt":"2024-07-09T12:51:07","guid":{"rendered":"https:\/\/info.learnlab.net\/fr\/?page_id=27"},"modified":"2024-09-27T05:26:05","modified_gmt":"2024-09-27T05:26:05","slug":"inclusion-accessibility-policy","status":"publish","type":"page","link":"https:\/\/info.learnlab.net\/fr\/inclusion-accessibility-policy\/","title":{"rendered":"Politique d&#8217;inclusion et d&#8217;accessibilit\u00e9"},"content":{"rendered":"<p>Cette politique repr\u00e9sente le point de vue de LearnLab AS (ci-apr\u00e8s d\u00e9nomm\u00e9 &#8220;nous&#8221;) sur la diversit\u00e9, l&#8217;accessibilit\u00e9, l&#8217;inclusion et l&#8217;\u00e9galit\u00e9 en ce qui concerne l&#8217;utilisation et l&#8217;apprentissage par le biais de notre plateforme d&#8217;\u00e9ducation.<\/p>\n<p><strong>Objectifs de la politique<\/strong><br \/>\nCe texte d\u00e9crit les objectifs de LearnLab en mati\u00e8re d&#8217;accessibilit\u00e9 sans \u00eatre juridiquement contraignant. Ce document ne constitue pas une sp\u00e9cification technique ou fonctionnelle d&#8217;une quelconque partie du produit LearnLab.<\/p>\n<p><strong>Principes de diversit\u00e9 et d&#8217;inclusion<\/strong><br \/>\nNous croyons :<\/p>\n<ul>\n<li>que l&#8217;apprentissage profond et le bien-\u00eatre doivent concerner tout le monde<\/li>\n<li>que la diversit\u00e9 est un atout qui nous permet d&#8217;apprendre les uns des autres et qu&#8217;elle doit donc \u00eatre encourag\u00e9e de mani\u00e8re positive.<\/li>\n<\/ul>\n<p>Nous ne pratiquons pas de discrimination ni d&#8217;exclusion en raison de caract\u00e9ristiques ou de circonstances individuelles, notamment l&#8217;\u00e2ge, le handicap, le sexe, l&#8217;identit\u00e9 de genre, l&#8217;orientation sexuelle, l&#8217;\u00e9tat civil, l&#8217;opinion politique, la grossesse\/maternit\u00e9\/paternit\u00e9, la race, la couleur, la caste, la nationalit\u00e9, l&#8217;origine ethnique ou nationale, la religion ou les convictions, le milieu socio-\u00e9conomique, l&#8217;appartenance \u00e0 un syndicat ou le niveau d&#8217;\u00e9ducation &#8211; conform\u00e9ment au champ d&#8217;application de la loi, mais sans s&#8217;y restreindre.<\/p>\n<p><strong>Objectifs d&#8217;accessibilit\u00e9<\/strong><br \/>\nNous nous effor\u00e7ons d&#8217;\u00eatre en conformit\u00e9 avec les lignes directrices pour l&#8217;accessibilit\u00e9 des contenus web (WCAG) version 2.0. (<a href=\"http:\/\/www.w3.org\/TR\/WCAG20\/\">http:\/\/www.w3.org\/TR\/WCAG20\/<\/a>), \u00e0 un niveau de conformit\u00e9 AA.<\/p>\n<p>Nous visons \u00e0 pr\u00e9senter les meilleures pratiques en mati\u00e8re d&#8217;accessibilit\u00e9 par le biais de nos canaux \u00e9ditoriaux et sociaux de la communaut\u00e9 LearnLab.<\/p>\n","protected":false},"excerpt":{"rendered":"<p>Cette politique repr\u00e9sente le point de vue de LearnLab AS (ci-apr\u00e8s d\u00e9nomm\u00e9 &#8220;nous&#8221;) sur la diversit\u00e9, l&#8217;accessibilit\u00e9, l&#8217;inclusion et l&#8217;\u00e9galit\u00e9 en ce qui concerne l&#8217;utilisation et l&#8217;apprentissage par le biais de notre plateforme d&#8217;\u00e9ducation. Objectifs de la politique Ce texte d\u00e9crit les objectifs de LearnLab en mati\u00e8re d&#8217;accessibilit\u00e9 sans \u00eatre juridiquement contraignant. Ce document ne [&hellip;]<\/p>\n","protected":false},"author":1,"featured_media":0,"parent":0,"menu_order":0,"comment_status":"closed","ping_status":"closed","template":"page-templates\/text.php","meta":{"_acf_changed":false,"footnotes":""},"class_list":["post-27","page","type-page","status-publish","hentry"],"acf":[],"yoast_head":"<!-- This site is optimized with the Yoast SEO plugin v24.9 - https:\/\/yoast.com\/wordpress\/plugins\/seo\/ -->\n<title>Politique d&#039;inclusion et d&#039;accessibilit\u00e9 - Learnlab FR<\/title>\n<meta name=\"robots\" content=\"index, follow, max-snippet:-1, max-image-preview:large, max-video-preview:-1\" \/>\n<link rel=\"canonical\" href=\"https:\/\/info.learnlab.net\/fr\/inclusion-accessibility-policy\/\" \/>\n<meta property=\"og:locale\" content=\"en_US\" \/>\n<meta property=\"og:type\" content=\"article\" \/>\n<meta property=\"og:title\" content=\"Politique d&#039;inclusion et d&#039;accessibilit\u00e9 - Learnlab FR\" \/>\n<meta property=\"og:description\" content=\"Cette politique repr\u00e9sente le point de vue de LearnLab AS (ci-apr\u00e8s d\u00e9nomm\u00e9 &#8220;nous&#8221;) sur la diversit\u00e9, l&#8217;accessibilit\u00e9, l&#8217;inclusion et l&#8217;\u00e9galit\u00e9 en ce qui concerne l&#8217;utilisation et l&#8217;apprentissage par le biais de notre plateforme d&#8217;\u00e9ducation. Objectifs de la politique Ce texte d\u00e9crit les objectifs de LearnLab en mati\u00e8re d&#8217;accessibilit\u00e9 sans \u00eatre juridiquement contraignant. Ce document ne [&hellip;]\" \/>\n<meta property=\"og:url\" content=\"https:\/\/info.learnlab.net\/fr\/inclusion-accessibility-policy\/\" \/>\n<meta property=\"og:site_name\" content=\"Learnlab FR\" \/>\n<meta property=\"article:modified_time\" content=\"2024-09-27T05:26:05+00:00\" \/>\n<meta name=\"twitter:card\" content=\"summary_large_image\" \/>\n<meta name=\"twitter:label1\" content=\"Est. reading time\" \/>\n\t<meta name=\"twitter:data1\" content=\"2 minutes\" \/>\n<script type=\"application\/ld+json\" class=\"yoast-schema-graph\">{\"@context\":\"https:\/\/schema.org\",\"@graph\":[{\"@type\":\"WebPage\",\"@id\":\"https:\/\/info.learnlab.net\/fr\/inclusion-accessibility-policy\/\",\"url\":\"https:\/\/info.learnlab.net\/fr\/inclusion-accessibility-policy\/\",\"name\":\"Politique d'inclusion et d'accessibilit\u00e9 - Learnlab FR\",\"isPartOf\":{\"@id\":\"https:\/\/info.learnlab.net\/fr\/#website\"},\"datePublished\":\"2024-07-09T12:51:07+00:00\",\"dateModified\":\"2024-09-27T05:26:05+00:00\",\"breadcrumb\":{\"@id\":\"https:\/\/info.learnlab.net\/fr\/inclusion-accessibility-policy\/#breadcrumb\"},\"inLanguage\":\"en-US\",\"potentialAction\":[{\"@type\":\"ReadAction\",\"target\":[\"https:\/\/info.learnlab.net\/fr\/inclusion-accessibility-policy\/\"]}]},{\"@type\":\"BreadcrumbList\",\"@id\":\"https:\/\/info.learnlab.net\/fr\/inclusion-accessibility-policy\/#breadcrumb\",\"itemListElement\":[{\"@type\":\"ListItem\",\"position\":1,\"name\":\"Home\",\"item\":\"https:\/\/info.learnlab.net\/fr\/\"},{\"@type\":\"ListItem\",\"position\":2,\"name\":\"Politique d&#8217;inclusion et d&#8217;accessibilit\u00e9\"}]},{\"@type\":\"WebSite\",\"@id\":\"https:\/\/info.learnlab.net\/fr\/#website\",\"url\":\"https:\/\/info.learnlab.net\/fr\/\",\"name\":\"Learnlab FR\",\"description\":\"Outils num\u00e9riques pour l&#039;\u00e9ducation\",\"publisher\":{\"@id\":\"https:\/\/info.learnlab.net\/fr\/#organization\"},\"potentialAction\":[{\"@type\":\"SearchAction\",\"target\":{\"@type\":\"EntryPoint\",\"urlTemplate\":\"https:\/\/info.learnlab.net\/fr\/?s={search_term_string}\"},\"query-input\":{\"@type\":\"PropertyValueSpecification\",\"valueRequired\":true,\"valueName\":\"search_term_string\"}}],\"inLanguage\":\"en-US\"},{\"@type\":\"Organization\",\"@id\":\"https:\/\/info.learnlab.net\/fr\/#organization\",\"name\":\"Learnlab FR\",\"url\":\"https:\/\/info.learnlab.net\/fr\/\",\"logo\":{\"@type\":\"ImageObject\",\"inLanguage\":\"en-US\",\"@id\":\"https:\/\/info.learnlab.net\/fr\/#\/schema\/logo\/image\/\",\"url\":\"https:\/\/info.learnlab.net\/fr\/wp-content\/uploads\/sites\/6\/2024\/07\/learnlab-logo.svg\",\"contentUrl\":\"https:\/\/info.learnlab.net\/fr\/wp-content\/uploads\/sites\/6\/2024\/07\/learnlab-logo.svg\",\"caption\":\"Learnlab FR\"},\"image\":{\"@id\":\"https:\/\/info.learnlab.net\/fr\/#\/schema\/logo\/image\/\"}}]}<\/script>\n<!-- \/ Yoast SEO plugin. -->","yoast_head_json":{"title":"Politique d'inclusion et d'accessibilit\u00e9 - Learnlab FR","robots":{"index":"index","follow":"follow","max-snippet":"max-snippet:-1","max-image-preview":"max-image-preview:large","max-video-preview":"max-video-preview:-1"},"canonical":"https:\/\/info.learnlab.net\/fr\/inclusion-accessibility-policy\/","og_locale":"en_US","og_type":"article","og_title":"Politique d'inclusion et d'accessibilit\u00e9 - Learnlab FR","og_description":"Cette politique repr\u00e9sente le point de vue de LearnLab AS (ci-apr\u00e8s d\u00e9nomm\u00e9 &#8220;nous&#8221;) sur la diversit\u00e9, l&#8217;accessibilit\u00e9, l&#8217;inclusion et l&#8217;\u00e9galit\u00e9 en ce qui concerne l&#8217;utilisation et l&#8217;apprentissage par le biais de notre plateforme d&#8217;\u00e9ducation. Objectifs de la politique Ce texte d\u00e9crit les objectifs de LearnLab en mati\u00e8re d&#8217;accessibilit\u00e9 sans \u00eatre juridiquement contraignant. Ce document ne [&hellip;]","og_url":"https:\/\/info.learnlab.net\/fr\/inclusion-accessibility-policy\/","og_site_name":"Learnlab FR","article_modified_time":"2024-09-27T05:26:05+00:00","twitter_card":"summary_large_image","twitter_misc":{"Est. reading time":"2 minutes"},"schema":{"@context":"https:\/\/schema.org","@graph":[{"@type":"WebPage","@id":"https:\/\/info.learnlab.net\/fr\/inclusion-accessibility-policy\/","url":"https:\/\/info.learnlab.net\/fr\/inclusion-accessibility-policy\/","name":"Politique d'inclusion et d'accessibilit\u00e9 - Learnlab FR","isPartOf":{"@id":"https:\/\/info.learnlab.net\/fr\/#website"},"datePublished":"2024-07-09T12:51:07+00:00","dateModified":"2024-09-27T05:26:05+00:00","breadcrumb":{"@id":"https:\/\/info.learnlab.net\/fr\/inclusion-accessibility-policy\/#breadcrumb"},"inLanguage":"en-US","potentialAction":[{"@type":"ReadAction","target":["https:\/\/info.learnlab.net\/fr\/inclusion-accessibility-policy\/"]}]},{"@type":"BreadcrumbList","@id":"https:\/\/info.learnlab.net\/fr\/inclusion-accessibility-policy\/#breadcrumb","itemListElement":[{"@type":"ListItem","position":1,"name":"Home","item":"https:\/\/info.learnlab.net\/fr\/"},{"@type":"ListItem","position":2,"name":"Politique d&#8217;inclusion et d&#8217;accessibilit\u00e9"}]},{"@type":"WebSite","@id":"https:\/\/info.learnlab.net\/fr\/#website","url":"https:\/\/info.learnlab.net\/fr\/","name":"Learnlab FR","description":"Outils num\u00e9riques pour l&#039;\u00e9ducation","publisher":{"@id":"https:\/\/info.learnlab.net\/fr\/#organization"},"potentialAction":[{"@type":"SearchAction","target":{"@type":"EntryPoint","urlTemplate":"https:\/\/info.learnlab.net\/fr\/?s={search_term_string}"},"query-input":{"@type":"PropertyValueSpecification","valueRequired":true,"valueName":"search_term_string"}}],"inLanguage":"en-US"},{"@type":"Organization","@id":"https:\/\/info.learnlab.net\/fr\/#organization","name":"Learnlab FR","url":"https:\/\/info.learnlab.net\/fr\/","logo":{"@type":"ImageObject","inLanguage":"en-US","@id":"https:\/\/info.learnlab.net\/fr\/#\/schema\/logo\/image\/","url":"https:\/\/info.learnlab.net\/fr\/wp-content\/uploads\/sites\/6\/2024\/07\/learnlab-logo.svg","contentUrl":"https:\/\/info.learnlab.net\/fr\/wp-content\/uploads\/sites\/6\/2024\/07\/learnlab-logo.svg","caption":"Learnlab FR"},"image":{"@id":"https:\/\/info.learnlab.net\/fr\/#\/schema\/logo\/image\/"}}]}},"_links":{"self":[{"href":"https:\/\/info.learnlab.net\/fr\/wp-json\/wp\/v2\/pages\/27","targetHints":{"allow":["GET"]}}],"collection":[{"href":"https:\/\/info.learnlab.net\/fr\/wp-json\/wp\/v2\/pages"}],"about":[{"href":"https:\/\/info.learnlab.net\/fr\/wp-json\/wp\/v2\/types\/page"}],"author":[{"embeddable":true,"href":"https:\/\/info.learnlab.net\/fr\/wp-json\/wp\/v2\/users\/1"}],"replies":[{"embeddable":true,"href":"https:\/\/info.learnlab.net\/fr\/wp-json\/wp\/v2\/comments?post=27"}],"version-history":[{"count":4,"href":"https:\/\/info.learnlab.net\/fr\/wp-json\/wp\/v2\/pages\/27\/revisions"}],"predecessor-version":[{"id":797,"href":"https:\/\/info.learnlab.net\/fr\/wp-json\/wp\/v2\/pages\/27\/revisions\/797"}],"wp:attachment":[{"href":"https:\/\/info.learnlab.net\/fr\/wp-json\/wp\/v2\/media?parent=27"}],"curies":[{"name":"wp","href":"https:\/\/api.w.org\/{rel}","templated":true}]}}