{"id":1044,"date":"2025-08-20T11:30:29","date_gmt":"2025-08-20T11:30:29","guid":{"rendered":"https:\/\/info.learnlab.net\/fr\/?page_id=1044"},"modified":"2025-09-05T13:55:15","modified_gmt":"2025-09-05T13:55:15","slug":"apercu-de-la-progression","status":"publish","type":"page","link":"https:\/\/info.learnlab.net\/fr\/apercu-de-la-progression\/","title":{"rendered":"Aper\u00e7u de la progression"},"content":{"rendered":"<h2 class=\"p1\">Une pr\u00e9occupation fr\u00e9quente \u00e0 l\u2019\u00e9cole aujourd\u2019hui est que les \u00e9l\u00e8ves utilisent l\u2019intelligence artificielle pour faire des devoirs sans r\u00e9ellement apprendre. Learnlab r\u00e9sout ce probl\u00e8me avec un outil appel\u00e9 <span class=\"s1\"><b>Aper\u00e7u de la progression<\/b><\/span>.<\/h2>\n","protected":false},"excerpt":{"rendered":"<p>Une pr\u00e9occupation fr\u00e9quente \u00e0 l\u2019\u00e9cole aujourd\u2019hui est que les \u00e9l\u00e8ves utilisent l\u2019intelligence artificielle pour faire des devoirs sans r\u00e9ellement apprendre. Learnlab r\u00e9sout ce probl\u00e8me avec un outil appel\u00e9 Aper\u00e7u de la progression.<\/p>\n","protected":false},"author":13,"featured_media":0,"parent":0,"menu_order":0,"comment_status":"closed","ping_status":"closed","template":"","meta":{"_acf_changed":false,"footnotes":""},"class_list":["post-1044","page","type-page","status-publish","hentry"],"acf":[],"yoast_head":"<!-- This site is optimized with the Yoast SEO plugin v24.9 - https:\/\/yoast.com\/wordpress\/plugins\/seo\/ -->\n<title>Aper\u00e7u de la progression - Learnlab FR<\/title>\n<meta name=\"robots\" content=\"index, follow, max-snippet:-1, max-image-preview:large, max-video-preview:-1\" \/>\n<link rel=\"canonical\" href=\"https:\/\/info.learnlab.net\/fr\/apercu-de-la-progression\/\" \/>\n<meta property=\"og:locale\" content=\"en_US\" \/>\n<meta property=\"og:type\" content=\"article\" \/>\n<meta property=\"og:title\" content=\"Aper\u00e7u de la progression - Learnlab FR\" \/>\n<meta property=\"og:description\" content=\"Une pr\u00e9occupation fr\u00e9quente \u00e0 l\u2019\u00e9cole aujourd\u2019hui est que les \u00e9l\u00e8ves utilisent l\u2019intelligence artificielle pour faire des devoirs sans r\u00e9ellement apprendre. Learnlab r\u00e9sout ce probl\u00e8me avec un outil appel\u00e9 Aper\u00e7u de la progression.\" \/>\n<meta property=\"og:url\" content=\"https:\/\/info.learnlab.net\/fr\/apercu-de-la-progression\/\" \/>\n<meta property=\"og:site_name\" content=\"Learnlab FR\" \/>\n<meta property=\"article:modified_time\" content=\"2025-09-05T13:55:15+00:00\" \/>\n<meta name=\"twitter:card\" content=\"summary_large_image\" \/>\n<meta name=\"twitter:label1\" content=\"Est. reading time\" \/>\n\t<meta name=\"twitter:data1\" content=\"1 minute\" \/>\n<script type=\"application\/ld+json\" class=\"yoast-schema-graph\">{\"@context\":\"https:\/\/schema.org\",\"@graph\":[{\"@type\":\"WebPage\",\"@id\":\"https:\/\/info.learnlab.net\/fr\/apercu-de-la-progression\/\",\"url\":\"https:\/\/info.learnlab.net\/fr\/apercu-de-la-progression\/\",\"name\":\"Aper\u00e7u de la progression - Learnlab FR\",\"isPartOf\":{\"@id\":\"https:\/\/info.learnlab.net\/fr\/#website\"},\"datePublished\":\"2025-08-20T11:30:29+00:00\",\"dateModified\":\"2025-09-05T13:55:15+00:00\",\"breadcrumb\":{\"@id\":\"https:\/\/info.learnlab.net\/fr\/apercu-de-la-progression\/#breadcrumb\"},\"inLanguage\":\"en-US\",\"potentialAction\":[{\"@type\":\"ReadAction\",\"target\":[\"https:\/\/info.learnlab.net\/fr\/apercu-de-la-progression\/\"]}]},{\"@type\":\"BreadcrumbList\",\"@id\":\"https:\/\/info.learnlab.net\/fr\/apercu-de-la-progression\/#breadcrumb\",\"itemListElement\":[{\"@type\":\"ListItem\",\"position\":1,\"name\":\"Home\",\"item\":\"https:\/\/info.learnlab.net\/fr\/\"},{\"@type\":\"ListItem\",\"position\":2,\"name\":\"Aper\u00e7u de la progression\"}]},{\"@type\":\"WebSite\",\"@id\":\"https:\/\/info.learnlab.net\/fr\/#website\",\"url\":\"https:\/\/info.learnlab.net\/fr\/\",\"name\":\"Learnlab FR\",\"description\":\"Outils num\u00e9riques pour l&#039;\u00e9ducation\",\"publisher\":{\"@id\":\"https:\/\/info.learnlab.net\/fr\/#organization\"},\"potentialAction\":[{\"@type\":\"SearchAction\",\"target\":{\"@type\":\"EntryPoint\",\"urlTemplate\":\"https:\/\/info.learnlab.net\/fr\/?s={search_term_string}\"},\"query-input\":{\"@type\":\"PropertyValueSpecification\",\"valueRequired\":true,\"valueName\":\"search_term_string\"}}],\"inLanguage\":\"en-US\"},{\"@type\":\"Organization\",\"@id\":\"https:\/\/info.learnlab.net\/fr\/#organization\",\"name\":\"Learnlab FR\",\"url\":\"https:\/\/info.learnlab.net\/fr\/\",\"logo\":{\"@type\":\"ImageObject\",\"inLanguage\":\"en-US\",\"@id\":\"https:\/\/info.learnlab.net\/fr\/#\/schema\/logo\/image\/\",\"url\":\"https:\/\/info.learnlab.net\/fr\/wp-content\/uploads\/sites\/6\/2024\/07\/learnlab-logo.svg\",\"contentUrl\":\"https:\/\/info.learnlab.net\/fr\/wp-content\/uploads\/sites\/6\/2024\/07\/learnlab-logo.svg\",\"caption\":\"Learnlab FR\"},\"image\":{\"@id\":\"https:\/\/info.learnlab.net\/fr\/#\/schema\/logo\/image\/\"}}]}<\/script>\n<!-- \/ Yoast SEO plugin. -->","yoast_head_json":{"title":"Aper\u00e7u de la progression - Learnlab FR","robots":{"index":"index","follow":"follow","max-snippet":"max-snippet:-1","max-image-preview":"max-image-preview:large","max-video-preview":"max-video-preview:-1"},"canonical":"https:\/\/info.learnlab.net\/fr\/apercu-de-la-progression\/","og_locale":"en_US","og_type":"article","og_title":"Aper\u00e7u de la progression - Learnlab FR","og_description":"Une pr\u00e9occupation fr\u00e9quente \u00e0 l\u2019\u00e9cole aujourd\u2019hui est que les \u00e9l\u00e8ves utilisent l\u2019intelligence artificielle pour faire des devoirs sans r\u00e9ellement apprendre. Learnlab r\u00e9sout ce probl\u00e8me avec un outil appel\u00e9 Aper\u00e7u de la progression.","og_url":"https:\/\/info.learnlab.net\/fr\/apercu-de-la-progression\/","og_site_name":"Learnlab FR","article_modified_time":"2025-09-05T13:55:15+00:00","twitter_card":"summary_large_image","twitter_misc":{"Est. reading time":"1 minute"},"schema":{"@context":"https:\/\/schema.org","@graph":[{"@type":"WebPage","@id":"https:\/\/info.learnlab.net\/fr\/apercu-de-la-progression\/","url":"https:\/\/info.learnlab.net\/fr\/apercu-de-la-progression\/","name":"Aper\u00e7u de la progression - Learnlab FR","isPartOf":{"@id":"https:\/\/info.learnlab.net\/fr\/#website"},"datePublished":"2025-08-20T11:30:29+00:00","dateModified":"2025-09-05T13:55:15+00:00","breadcrumb":{"@id":"https:\/\/info.learnlab.net\/fr\/apercu-de-la-progression\/#breadcrumb"},"inLanguage":"en-US","potentialAction":[{"@type":"ReadAction","target":["https:\/\/info.learnlab.net\/fr\/apercu-de-la-progression\/"]}]},{"@type":"BreadcrumbList","@id":"https:\/\/info.learnlab.net\/fr\/apercu-de-la-progression\/#breadcrumb","itemListElement":[{"@type":"ListItem","position":1,"name":"Home","item":"https:\/\/info.learnlab.net\/fr\/"},{"@type":"ListItem","position":2,"name":"Aper\u00e7u de la progression"}]},{"@type":"WebSite","@id":"https:\/\/info.learnlab.net\/fr\/#website","url":"https:\/\/info.learnlab.net\/fr\/","name":"Learnlab FR","description":"Outils num\u00e9riques pour l&#039;\u00e9ducation","publisher":{"@id":"https:\/\/info.learnlab.net\/fr\/#organization"},"potentialAction":[{"@type":"SearchAction","target":{"@type":"EntryPoint","urlTemplate":"https:\/\/info.learnlab.net\/fr\/?s={search_term_string}"},"query-input":{"@type":"PropertyValueSpecification","valueRequired":true,"valueName":"search_term_string"}}],"inLanguage":"en-US"},{"@type":"Organization","@id":"https:\/\/info.learnlab.net\/fr\/#organization","name":"Learnlab FR","url":"https:\/\/info.learnlab.net\/fr\/","logo":{"@type":"ImageObject","inLanguage":"en-US","@id":"https:\/\/info.learnlab.net\/fr\/#\/schema\/logo\/image\/","url":"https:\/\/info.learnlab.net\/fr\/wp-content\/uploads\/sites\/6\/2024\/07\/learnlab-logo.svg","contentUrl":"https:\/\/info.learnlab.net\/fr\/wp-content\/uploads\/sites\/6\/2024\/07\/learnlab-logo.svg","caption":"Learnlab FR"},"image":{"@id":"https:\/\/info.learnlab.net\/fr\/#\/schema\/logo\/image\/"}}]}},"_links":{"self":[{"href":"https:\/\/info.learnlab.net\/fr\/wp-json\/wp\/v2\/pages\/1044","targetHints":{"allow":["GET"]}}],"collection":[{"href":"https:\/\/info.learnlab.net\/fr\/wp-json\/wp\/v2\/pages"}],"about":[{"href":"https:\/\/info.learnlab.net\/fr\/wp-json\/wp\/v2\/types\/page"}],"author":[{"embeddable":true,"href":"https:\/\/info.learnlab.net\/fr\/wp-json\/wp\/v2\/users\/13"}],"replies":[{"embeddable":true,"href":"https:\/\/info.learnlab.net\/fr\/wp-json\/wp\/v2\/comments?post=1044"}],"version-history":[{"count":2,"href":"https:\/\/info.learnlab.net\/fr\/wp-json\/wp\/v2\/pages\/1044\/revisions"}],"predecessor-version":[{"id":1049,"href":"https:\/\/info.learnlab.net\/fr\/wp-json\/wp\/v2\/pages\/1044\/revisions\/1049"}],"wp:attachment":[{"href":"https:\/\/info.learnlab.net\/fr\/wp-json\/wp\/v2\/media?parent=1044"}],"curies":[{"name":"wp","href":"https:\/\/api.w.org\/{rel}","templated":true}]}}