{"id":776,"date":"2025-01-15T14:18:48","date_gmt":"2025-01-15T14:18:48","guid":{"rendered":"https:\/\/info.learnlab.net\/es\/?page_id=776"},"modified":"2025-09-05T14:07:31","modified_gmt":"2025-09-05T14:07:31","slug":"salud","status":"publish","type":"page","link":"https:\/\/info.learnlab.net\/es\/salud\/","title":{"rendered":"Salud"},"content":{"rendered":"","protected":false},"excerpt":{"rendered":"","protected":false},"author":6,"featured_media":881,"parent":0,"menu_order":0,"comment_status":"closed","ping_status":"closed","template":"page-templates\/campaign.php","meta":{"_acf_changed":false,"footnotes":""},"class_list":["post-776","page","type-page","status-publish","has-post-thumbnail","hentry"],"acf":[],"yoast_head":"<!-- This site is optimized with the Yoast SEO plugin v24.9 - https:\/\/yoast.com\/wordpress\/plugins\/seo\/ -->\n<title>Salud - Learnlab ES<\/title>\n<meta name=\"robots\" content=\"index, follow, max-snippet:-1, max-image-preview:large, max-video-preview:-1\" \/>\n<link rel=\"canonical\" href=\"https:\/\/info.learnlab.net\/es\/salud\/\" \/>\n<meta property=\"og:locale\" content=\"en_US\" \/>\n<meta property=\"og:type\" content=\"article\" \/>\n<meta property=\"og:title\" content=\"Salud - Learnlab ES\" \/>\n<meta property=\"og:url\" content=\"https:\/\/info.learnlab.net\/es\/salud\/\" \/>\n<meta property=\"og:site_name\" content=\"Learnlab ES\" \/>\n<meta property=\"article:modified_time\" content=\"2025-09-05T14:07:31+00:00\" \/>\n<meta property=\"og:image\" content=\"https:\/\/info.learnlab.net\/es\/wp-content\/uploads\/sites\/15\/2025\/05\/learnlab_healthcare.png\" \/>\n\t<meta property=\"og:image:width\" content=\"705\" \/>\n\t<meta property=\"og:image:height\" content=\"475\" \/>\n\t<meta property=\"og:image:type\" content=\"image\/png\" \/>\n<meta name=\"twitter:card\" content=\"summary_large_image\" \/>\n<meta name=\"twitter:label1\" content=\"Est. reading time\" \/>\n\t<meta name=\"twitter:data1\" content=\"1 minute\" \/>\n<script type=\"application\/ld+json\" class=\"yoast-schema-graph\">{\"@context\":\"https:\/\/schema.org\",\"@graph\":[{\"@type\":\"WebPage\",\"@id\":\"https:\/\/info.learnlab.net\/es\/salud\/\",\"url\":\"https:\/\/info.learnlab.net\/es\/salud\/\",\"name\":\"Salud - Learnlab ES\",\"isPartOf\":{\"@id\":\"https:\/\/info.learnlab.net\/es\/#website\"},\"primaryImageOfPage\":{\"@id\":\"https:\/\/info.learnlab.net\/es\/salud\/#primaryimage\"},\"image\":{\"@id\":\"https:\/\/info.learnlab.net\/es\/salud\/#primaryimage\"},\"thumbnailUrl\":\"https:\/\/info.learnlab.net\/es\/wp-content\/uploads\/sites\/15\/2025\/05\/learnlab_healthcare.png\",\"datePublished\":\"2025-01-15T14:18:48+00:00\",\"dateModified\":\"2025-09-05T14:07:31+00:00\",\"breadcrumb\":{\"@id\":\"https:\/\/info.learnlab.net\/es\/salud\/#breadcrumb\"},\"inLanguage\":\"en-US\",\"potentialAction\":[{\"@type\":\"ReadAction\",\"target\":[\"https:\/\/info.learnlab.net\/es\/salud\/\"]}]},{\"@type\":\"ImageObject\",\"inLanguage\":\"en-US\",\"@id\":\"https:\/\/info.learnlab.net\/es\/salud\/#primaryimage\",\"url\":\"https:\/\/info.learnlab.net\/es\/wp-content\/uploads\/sites\/15\/2025\/05\/learnlab_healthcare.png\",\"contentUrl\":\"https:\/\/info.learnlab.net\/es\/wp-content\/uploads\/sites\/15\/2025\/05\/learnlab_healthcare.png\",\"width\":705,\"height\":475,\"caption\":\"Icono de salud de Learnlab que muestra un microscopio, simbolizando el aprendizaje basado en la ciencia, la educaci\u00f3n impulsada por la investigaci\u00f3n y herramientas digitales innovadoras para la formaci\u00f3n sanitaria.\"},{\"@type\":\"BreadcrumbList\",\"@id\":\"https:\/\/info.learnlab.net\/es\/salud\/#breadcrumb\",\"itemListElement\":[{\"@type\":\"ListItem\",\"position\":1,\"name\":\"Home\",\"item\":\"https:\/\/info.learnlab.net\/es\/\"},{\"@type\":\"ListItem\",\"position\":2,\"name\":\"Salud\"}]},{\"@type\":\"WebSite\",\"@id\":\"https:\/\/info.learnlab.net\/es\/#website\",\"url\":\"https:\/\/info.learnlab.net\/es\/\",\"name\":\"Learnlab ES\",\"description\":\"Digital tools for teachers and students\",\"publisher\":{\"@id\":\"https:\/\/info.learnlab.net\/es\/#organization\"},\"potentialAction\":[{\"@type\":\"SearchAction\",\"target\":{\"@type\":\"EntryPoint\",\"urlTemplate\":\"https:\/\/info.learnlab.net\/es\/?s={search_term_string}\"},\"query-input\":{\"@type\":\"PropertyValueSpecification\",\"valueRequired\":true,\"valueName\":\"search_term_string\"}}],\"inLanguage\":\"en-US\"},{\"@type\":\"Organization\",\"@id\":\"https:\/\/info.learnlab.net\/es\/#organization\",\"name\":\"Learnlab ES\",\"url\":\"https:\/\/info.learnlab.net\/es\/\",\"logo\":{\"@type\":\"ImageObject\",\"inLanguage\":\"en-US\",\"@id\":\"https:\/\/info.learnlab.net\/es\/#\/schema\/logo\/image\/\",\"url\":\"https:\/\/info.learnlab.net\/es\/wp-content\/uploads\/sites\/15\/2024\/07\/learnlab-logo.svg\",\"contentUrl\":\"https:\/\/info.learnlab.net\/es\/wp-content\/uploads\/sites\/15\/2024\/07\/learnlab-logo.svg\",\"caption\":\"Learnlab ES\"},\"image\":{\"@id\":\"https:\/\/info.learnlab.net\/es\/#\/schema\/logo\/image\/\"}}]}<\/script>\n<!-- \/ Yoast SEO plugin. -->","yoast_head_json":{"title":"Salud - Learnlab ES","robots":{"index":"index","follow":"follow","max-snippet":"max-snippet:-1","max-image-preview":"max-image-preview:large","max-video-preview":"max-video-preview:-1"},"canonical":"https:\/\/info.learnlab.net\/es\/salud\/","og_locale":"en_US","og_type":"article","og_title":"Salud - Learnlab ES","og_url":"https:\/\/info.learnlab.net\/es\/salud\/","og_site_name":"Learnlab ES","article_modified_time":"2025-09-05T14:07:31+00:00","og_image":[{"width":705,"height":475,"url":"https:\/\/info.learnlab.net\/es\/wp-content\/uploads\/sites\/15\/2025\/05\/learnlab_healthcare.png","type":"image\/png"}],"twitter_card":"summary_large_image","twitter_misc":{"Est. reading time":"1 minute"},"schema":{"@context":"https:\/\/schema.org","@graph":[{"@type":"WebPage","@id":"https:\/\/info.learnlab.net\/es\/salud\/","url":"https:\/\/info.learnlab.net\/es\/salud\/","name":"Salud - Learnlab ES","isPartOf":{"@id":"https:\/\/info.learnlab.net\/es\/#website"},"primaryImageOfPage":{"@id":"https:\/\/info.learnlab.net\/es\/salud\/#primaryimage"},"image":{"@id":"https:\/\/info.learnlab.net\/es\/salud\/#primaryimage"},"thumbnailUrl":"https:\/\/info.learnlab.net\/es\/wp-content\/uploads\/sites\/15\/2025\/05\/learnlab_healthcare.png","datePublished":"2025-01-15T14:18:48+00:00","dateModified":"2025-09-05T14:07:31+00:00","breadcrumb":{"@id":"https:\/\/info.learnlab.net\/es\/salud\/#breadcrumb"},"inLanguage":"en-US","potentialAction":[{"@type":"ReadAction","target":["https:\/\/info.learnlab.net\/es\/salud\/"]}]},{"@type":"ImageObject","inLanguage":"en-US","@id":"https:\/\/info.learnlab.net\/es\/salud\/#primaryimage","url":"https:\/\/info.learnlab.net\/es\/wp-content\/uploads\/sites\/15\/2025\/05\/learnlab_healthcare.png","contentUrl":"https:\/\/info.learnlab.net\/es\/wp-content\/uploads\/sites\/15\/2025\/05\/learnlab_healthcare.png","width":705,"height":475,"caption":"Icono de salud de Learnlab que muestra un microscopio, simbolizando el aprendizaje basado en la ciencia, la educaci\u00f3n impulsada por la investigaci\u00f3n y herramientas digitales innovadoras para la formaci\u00f3n sanitaria."},{"@type":"BreadcrumbList","@id":"https:\/\/info.learnlab.net\/es\/salud\/#breadcrumb","itemListElement":[{"@type":"ListItem","position":1,"name":"Home","item":"https:\/\/info.learnlab.net\/es\/"},{"@type":"ListItem","position":2,"name":"Salud"}]},{"@type":"WebSite","@id":"https:\/\/info.learnlab.net\/es\/#website","url":"https:\/\/info.learnlab.net\/es\/","name":"Learnlab ES","description":"Digital tools for teachers and students","publisher":{"@id":"https:\/\/info.learnlab.net\/es\/#organization"},"potentialAction":[{"@type":"SearchAction","target":{"@type":"EntryPoint","urlTemplate":"https:\/\/info.learnlab.net\/es\/?s={search_term_string}"},"query-input":{"@type":"PropertyValueSpecification","valueRequired":true,"valueName":"search_term_string"}}],"inLanguage":"en-US"},{"@type":"Organization","@id":"https:\/\/info.learnlab.net\/es\/#organization","name":"Learnlab ES","url":"https:\/\/info.learnlab.net\/es\/","logo":{"@type":"ImageObject","inLanguage":"en-US","@id":"https:\/\/info.learnlab.net\/es\/#\/schema\/logo\/image\/","url":"https:\/\/info.learnlab.net\/es\/wp-content\/uploads\/sites\/15\/2024\/07\/learnlab-logo.svg","contentUrl":"https:\/\/info.learnlab.net\/es\/wp-content\/uploads\/sites\/15\/2024\/07\/learnlab-logo.svg","caption":"Learnlab ES"},"image":{"@id":"https:\/\/info.learnlab.net\/es\/#\/schema\/logo\/image\/"}}]}},"_links":{"self":[{"href":"https:\/\/info.learnlab.net\/es\/wp-json\/wp\/v2\/pages\/776","targetHints":{"allow":["GET"]}}],"collection":[{"href":"https:\/\/info.learnlab.net\/es\/wp-json\/wp\/v2\/pages"}],"about":[{"href":"https:\/\/info.learnlab.net\/es\/wp-json\/wp\/v2\/types\/page"}],"author":[{"embeddable":true,"href":"https:\/\/info.learnlab.net\/es\/wp-json\/wp\/v2\/users\/6"}],"replies":[{"embeddable":true,"href":"https:\/\/info.learnlab.net\/es\/wp-json\/wp\/v2\/comments?post=776"}],"version-history":[{"count":26,"href":"https:\/\/info.learnlab.net\/es\/wp-json\/wp\/v2\/pages\/776\/revisions"}],"predecessor-version":[{"id":1033,"href":"https:\/\/info.learnlab.net\/es\/wp-json\/wp\/v2\/pages\/776\/revisions\/1033"}],"wp:featuredmedia":[{"embeddable":true,"href":"https:\/\/info.learnlab.net\/es\/wp-json\/wp\/v2\/media\/881"}],"wp:attachment":[{"href":"https:\/\/info.learnlab.net\/es\/wp-json\/wp\/v2\/media?parent=776"}],"curies":[{"name":"wp","href":"https:\/\/api.w.org\/{rel}","templated":true}]}}