{"id":27,"date":"2024-07-09T12:51:07","date_gmt":"2024-07-09T12:51:07","guid":{"rendered":"https:\/\/info.learnlab.net\/es\/?page_id=27"},"modified":"2025-06-08T19:30:46","modified_gmt":"2025-06-08T19:30:46","slug":"inclusion-accessibility-policy","status":"publish","type":"page","link":"https:\/\/info.learnlab.net\/es\/inclusion-accessibility-policy\/","title":{"rendered":"Pol\u00edtica de inclusi\u00f3n y accesibilidad"},"content":{"rendered":"<p>Esta pol\u00edtica representa los principios que LearnLab AS (en lo sucesivo, \u00abnosotros\u00bb) aplica en materia de diversidad, accesibilidad, inclusi\u00f3n e igualdad en relaci\u00f3n con el uso y el aprendizaje a trav\u00e9s de nuestra plataforma educativa.<\/p>\n<p><strong>Objetivos de la pol\u00edtica<\/strong><\/p>\n<p>Este texto describe los objetivos de LearnLab en materia de accesibilidad sin ser jur\u00eddicamente vinculante. Este documento no constituye una especificaci\u00f3n t\u00e9cnica o funcional de ninguna parte del producto de LearnLab.<\/p>\n<p>&nbsp;<\/p>\n<p><strong>Principios de diversidad e inclusi\u00f3n<\/strong><\/p>\n<p>Creemos<\/p>\n<ul>\n<li>en que el aprendizaje profundo y el bienestar deben incluir a todos.<\/li>\n<li>en elevar el nivel y cerrar la brecha en la educaci\u00f3n.<\/li>\n<li>que la diversidad es un activo que nos permite aprender unos de otros y, por lo tanto, debe fomentarse positivamente.<\/li>\n<\/ul>\n<p>No discriminamos ni excluimos debido a caracter\u00edsticas o circunstancias individuales, incluidas, entre otras, la edad, la discapacidad, el g\u00e9nero, la identidad de g\u00e9nero, la orientaci\u00f3n sexual, el estado civil, la opini\u00f3n pol\u00edtica, el embarazo\/maternidad\/paternidad, la raza, el color, la casta, la nacionalidad, el origen \u00e9tnico o nacional, la religi\u00f3n o las creencias, el origen socioecon\u00f3mico, la condici\u00f3n de afiliado a un sindicato o el nivel educativo, de conformidad con la ley, pero sin limitarse a ella.<\/p>\n<p><strong>Objetivos de accesibilidad<\/strong><\/p>\n<p>Nuestro objetivo es cumplir las Pautas de Accesibilidad al Contenido en la Web (WCAG) versi\u00f3n 2.0 (http:\/\/www.w3.org\/TR\/WCAG20\/), con un nivel de conformidad AA.<\/p>\n<p>Nuestro objetivo es mostrar las mejores pr\u00e1cticas en materia de accesibilidad a trav\u00e9s de nuestros canales editoriales y sociales de la comunidad LearnLab<\/p>\n","protected":false},"excerpt":{"rendered":"<p>Esta pol\u00edtica representa los principios que LearnLab AS (en lo sucesivo, \u00abnosotros\u00bb) aplica en materia de diversidad, accesibilidad, inclusi\u00f3n e igualdad en relaci\u00f3n con el uso y el aprendizaje a trav\u00e9s de nuestra plataforma educativa. Objetivos de la pol\u00edtica Este texto describe los objetivos de LearnLab en materia de accesibilidad sin ser jur\u00eddicamente vinculante. Este [&hellip;]<\/p>\n","protected":false},"author":1,"featured_media":0,"parent":0,"menu_order":0,"comment_status":"closed","ping_status":"closed","template":"page-templates\/text.php","meta":{"_acf_changed":false,"footnotes":""},"class_list":["post-27","page","type-page","status-publish","hentry"],"acf":[],"yoast_head":"<!-- This site is optimized with the Yoast SEO plugin v24.9 - https:\/\/yoast.com\/wordpress\/plugins\/seo\/ -->\n<title>Pol\u00edtica de inclusi\u00f3n y accesibilidad - Learnlab ES<\/title>\n<meta name=\"robots\" content=\"index, follow, max-snippet:-1, max-image-preview:large, max-video-preview:-1\" \/>\n<link rel=\"canonical\" href=\"https:\/\/info.learnlab.net\/es\/inclusion-accessibility-policy\/\" \/>\n<meta property=\"og:locale\" content=\"en_US\" \/>\n<meta property=\"og:type\" content=\"article\" \/>\n<meta property=\"og:title\" content=\"Pol\u00edtica de inclusi\u00f3n y accesibilidad - Learnlab ES\" \/>\n<meta property=\"og:description\" content=\"Esta pol\u00edtica representa los principios que LearnLab AS (en lo sucesivo, \u00abnosotros\u00bb) aplica en materia de diversidad, accesibilidad, inclusi\u00f3n e igualdad en relaci\u00f3n con el uso y el aprendizaje a trav\u00e9s de nuestra plataforma educativa. Objetivos de la pol\u00edtica Este texto describe los objetivos de LearnLab en materia de accesibilidad sin ser jur\u00eddicamente vinculante. Este [&hellip;]\" \/>\n<meta property=\"og:url\" content=\"https:\/\/info.learnlab.net\/es\/inclusion-accessibility-policy\/\" \/>\n<meta property=\"og:site_name\" content=\"Learnlab ES\" \/>\n<meta property=\"article:modified_time\" content=\"2025-06-08T19:30:46+00:00\" \/>\n<meta name=\"twitter:card\" content=\"summary_large_image\" \/>\n<meta name=\"twitter:label1\" content=\"Est. reading time\" \/>\n\t<meta name=\"twitter:data1\" content=\"2 minutes\" \/>\n<script type=\"application\/ld+json\" class=\"yoast-schema-graph\">{\"@context\":\"https:\/\/schema.org\",\"@graph\":[{\"@type\":\"WebPage\",\"@id\":\"https:\/\/info.learnlab.net\/es\/inclusion-accessibility-policy\/\",\"url\":\"https:\/\/info.learnlab.net\/es\/inclusion-accessibility-policy\/\",\"name\":\"Pol\u00edtica de inclusi\u00f3n y accesibilidad - Learnlab ES\",\"isPartOf\":{\"@id\":\"https:\/\/info.learnlab.net\/es\/#website\"},\"datePublished\":\"2024-07-09T12:51:07+00:00\",\"dateModified\":\"2025-06-08T19:30:46+00:00\",\"breadcrumb\":{\"@id\":\"https:\/\/info.learnlab.net\/es\/inclusion-accessibility-policy\/#breadcrumb\"},\"inLanguage\":\"en-US\",\"potentialAction\":[{\"@type\":\"ReadAction\",\"target\":[\"https:\/\/info.learnlab.net\/es\/inclusion-accessibility-policy\/\"]}]},{\"@type\":\"BreadcrumbList\",\"@id\":\"https:\/\/info.learnlab.net\/es\/inclusion-accessibility-policy\/#breadcrumb\",\"itemListElement\":[{\"@type\":\"ListItem\",\"position\":1,\"name\":\"Home\",\"item\":\"https:\/\/info.learnlab.net\/es\/\"},{\"@type\":\"ListItem\",\"position\":2,\"name\":\"Pol\u00edtica de inclusi\u00f3n y accesibilidad\"}]},{\"@type\":\"WebSite\",\"@id\":\"https:\/\/info.learnlab.net\/es\/#website\",\"url\":\"https:\/\/info.learnlab.net\/es\/\",\"name\":\"Learnlab ES\",\"description\":\"Digital tools for teachers and students\",\"publisher\":{\"@id\":\"https:\/\/info.learnlab.net\/es\/#organization\"},\"potentialAction\":[{\"@type\":\"SearchAction\",\"target\":{\"@type\":\"EntryPoint\",\"urlTemplate\":\"https:\/\/info.learnlab.net\/es\/?s={search_term_string}\"},\"query-input\":{\"@type\":\"PropertyValueSpecification\",\"valueRequired\":true,\"valueName\":\"search_term_string\"}}],\"inLanguage\":\"en-US\"},{\"@type\":\"Organization\",\"@id\":\"https:\/\/info.learnlab.net\/es\/#organization\",\"name\":\"Learnlab ES\",\"url\":\"https:\/\/info.learnlab.net\/es\/\",\"logo\":{\"@type\":\"ImageObject\",\"inLanguage\":\"en-US\",\"@id\":\"https:\/\/info.learnlab.net\/es\/#\/schema\/logo\/image\/\",\"url\":\"https:\/\/info.learnlab.net\/es\/wp-content\/uploads\/sites\/15\/2024\/07\/learnlab-logo.svg\",\"contentUrl\":\"https:\/\/info.learnlab.net\/es\/wp-content\/uploads\/sites\/15\/2024\/07\/learnlab-logo.svg\",\"caption\":\"Learnlab ES\"},\"image\":{\"@id\":\"https:\/\/info.learnlab.net\/es\/#\/schema\/logo\/image\/\"}}]}<\/script>\n<!-- \/ Yoast SEO plugin. -->","yoast_head_json":{"title":"Pol\u00edtica de inclusi\u00f3n y accesibilidad - Learnlab ES","robots":{"index":"index","follow":"follow","max-snippet":"max-snippet:-1","max-image-preview":"max-image-preview:large","max-video-preview":"max-video-preview:-1"},"canonical":"https:\/\/info.learnlab.net\/es\/inclusion-accessibility-policy\/","og_locale":"en_US","og_type":"article","og_title":"Pol\u00edtica de inclusi\u00f3n y accesibilidad - Learnlab ES","og_description":"Esta pol\u00edtica representa los principios que LearnLab AS (en lo sucesivo, \u00abnosotros\u00bb) aplica en materia de diversidad, accesibilidad, inclusi\u00f3n e igualdad en relaci\u00f3n con el uso y el aprendizaje a trav\u00e9s de nuestra plataforma educativa. Objetivos de la pol\u00edtica Este texto describe los objetivos de LearnLab en materia de accesibilidad sin ser jur\u00eddicamente vinculante. Este [&hellip;]","og_url":"https:\/\/info.learnlab.net\/es\/inclusion-accessibility-policy\/","og_site_name":"Learnlab ES","article_modified_time":"2025-06-08T19:30:46+00:00","twitter_card":"summary_large_image","twitter_misc":{"Est. reading time":"2 minutes"},"schema":{"@context":"https:\/\/schema.org","@graph":[{"@type":"WebPage","@id":"https:\/\/info.learnlab.net\/es\/inclusion-accessibility-policy\/","url":"https:\/\/info.learnlab.net\/es\/inclusion-accessibility-policy\/","name":"Pol\u00edtica de inclusi\u00f3n y accesibilidad - Learnlab ES","isPartOf":{"@id":"https:\/\/info.learnlab.net\/es\/#website"},"datePublished":"2024-07-09T12:51:07+00:00","dateModified":"2025-06-08T19:30:46+00:00","breadcrumb":{"@id":"https:\/\/info.learnlab.net\/es\/inclusion-accessibility-policy\/#breadcrumb"},"inLanguage":"en-US","potentialAction":[{"@type":"ReadAction","target":["https:\/\/info.learnlab.net\/es\/inclusion-accessibility-policy\/"]}]},{"@type":"BreadcrumbList","@id":"https:\/\/info.learnlab.net\/es\/inclusion-accessibility-policy\/#breadcrumb","itemListElement":[{"@type":"ListItem","position":1,"name":"Home","item":"https:\/\/info.learnlab.net\/es\/"},{"@type":"ListItem","position":2,"name":"Pol\u00edtica de inclusi\u00f3n y accesibilidad"}]},{"@type":"WebSite","@id":"https:\/\/info.learnlab.net\/es\/#website","url":"https:\/\/info.learnlab.net\/es\/","name":"Learnlab ES","description":"Digital tools for teachers and students","publisher":{"@id":"https:\/\/info.learnlab.net\/es\/#organization"},"potentialAction":[{"@type":"SearchAction","target":{"@type":"EntryPoint","urlTemplate":"https:\/\/info.learnlab.net\/es\/?s={search_term_string}"},"query-input":{"@type":"PropertyValueSpecification","valueRequired":true,"valueName":"search_term_string"}}],"inLanguage":"en-US"},{"@type":"Organization","@id":"https:\/\/info.learnlab.net\/es\/#organization","name":"Learnlab ES","url":"https:\/\/info.learnlab.net\/es\/","logo":{"@type":"ImageObject","inLanguage":"en-US","@id":"https:\/\/info.learnlab.net\/es\/#\/schema\/logo\/image\/","url":"https:\/\/info.learnlab.net\/es\/wp-content\/uploads\/sites\/15\/2024\/07\/learnlab-logo.svg","contentUrl":"https:\/\/info.learnlab.net\/es\/wp-content\/uploads\/sites\/15\/2024\/07\/learnlab-logo.svg","caption":"Learnlab ES"},"image":{"@id":"https:\/\/info.learnlab.net\/es\/#\/schema\/logo\/image\/"}}]}},"_links":{"self":[{"href":"https:\/\/info.learnlab.net\/es\/wp-json\/wp\/v2\/pages\/27","targetHints":{"allow":["GET"]}}],"collection":[{"href":"https:\/\/info.learnlab.net\/es\/wp-json\/wp\/v2\/pages"}],"about":[{"href":"https:\/\/info.learnlab.net\/es\/wp-json\/wp\/v2\/types\/page"}],"author":[{"embeddable":true,"href":"https:\/\/info.learnlab.net\/es\/wp-json\/wp\/v2\/users\/1"}],"replies":[{"embeddable":true,"href":"https:\/\/info.learnlab.net\/es\/wp-json\/wp\/v2\/comments?post=27"}],"version-history":[{"count":5,"href":"https:\/\/info.learnlab.net\/es\/wp-json\/wp\/v2\/pages\/27\/revisions"}],"predecessor-version":[{"id":946,"href":"https:\/\/info.learnlab.net\/es\/wp-json\/wp\/v2\/pages\/27\/revisions\/946"}],"wp:attachment":[{"href":"https:\/\/info.learnlab.net\/es\/wp-json\/wp\/v2\/media?parent=27"}],"curies":[{"name":"wp","href":"https:\/\/api.w.org\/{rel}","templated":true}]}}