{"id":25,"date":"2024-07-09T12:50:11","date_gmt":"2024-07-09T12:50:11","guid":{"rendered":"https:\/\/info.learnlab.net\/es\/?page_id=25"},"modified":"2025-06-08T18:47:04","modified_gmt":"2025-06-08T18:47:04","slug":"terms-conditions","status":"publish","type":"page","link":"https:\/\/info.learnlab.net\/es\/terms-conditions\/","title":{"rendered":"T\u00e9rminos y condiciones"},"content":{"rendered":"<section class=\"section section-terms\">\n<div class=\"container editor\">\n<p><strong>T\u00c9RMINOS Y CONDICIONES PARA USUARIOS DE LICENCIAS<\/strong><\/p>\n<p>\u00daltima actualizaci\u00f3n: 02\/11\/22.<\/p>\n<p>Todos los datos almacenados para los usuarios de la licencia cumplen con el Reglamento General de Protecci\u00f3n de Datos (GDPR) en la UE y el Espacio Econ\u00f3mico Europeo (EEE). Los T\u00e9rminos y Condiciones para los usuarios de licencias est\u00e1n regulados en un acuerdo separado y firmado entre Learnlab y el cliente. Todas las escuelas de licencia y los municipios est\u00e1n obligados a firmar un DBA escrito de acuerdo con las leyes de cada condado. P\u00f3ngase en contacto con ventas para obtener m\u00e1s informaci\u00f3n. Los aspectos m\u00e1s destacados de este acuerdo se describe brevemente en el siguiente. Para los usuarios de licencia se regulan en un acuerdo separado y firmado entre Learnlab y el cliente. Los aspectos m\u00e1s destacados de este acuerdo se describe brevemente en el siguiente. Para los usuarios de licencia Learnlab proporciona una soluci\u00f3n 100% compatible con GDPR con almacenamiento de datos en la UE y fuerte protecci\u00f3n de datos. Toda la informaci\u00f3n personal s\u00f3lo est\u00e1 disponible en la autenticaci\u00f3n de dos factores usuarios noruegos y adem\u00e1s de la mejor protecci\u00f3n de datos t\u00e9cnicos del mercado puede ofrecer. Tambi\u00e9n ciframos toda la informaci\u00f3n personal en nuestros servidores.<\/p>\n<p>Learnlab utiliza el cifrado de datos en reposo, lo que significa que todos los datos que se almacenan deben ser encriptados. T\u00e9cnicamente, una instancia de base de datos que se ejecuta con cifrado RDS, los datos almacenados en reposo en el almacenamiento subyacente est\u00e1n cifrados, al igual que sus copias de seguridad automatizadas, r\u00e9plicas de lectura e instant\u00e1neas. El cifrado RDS utiliza el algoritmo de cifrado AES-256 est\u00e1ndar del sector para cifrar los datos en el servidor que aloja una instancia RDS.<\/p>\n<p>El cifrado de datos en tr\u00e1nsito significa que todas las comunicaciones entre los recursos de Learnlab se cifran mediante SSL\/TLS. RDS crea un certificado SSL y lo instala en la instancia de base de datos cuando se aprovisiona la instancia. Por lo tanto, todas las instancias RDS de Learnlab, incluida la que almacena datos personales, est\u00e1n configuradas para utilizar comunicaci\u00f3n SLL\/TLS.<\/p>\n<p>Learnlab ha tomado las siguientes medidas t\u00e9cnicas y organizativas para garantizar la privacidad y seguridad de los datos personales:<\/p>\n<p>1. Los datos personales en las aplicaciones de Learnlab s\u00f3lo son accesibles para los usuarios superadministradores (empleados de Learnlab), y tienen autenticaci\u00f3n obligatoria de dos factores en su inicio de sesi\u00f3n<br \/>\n2. Los datos personales se almacenan en una instancia RDS dedicada (Learnlab SSO Database) con encriptaci\u00f3n de datos habilitada. Para los estudiantes y profesores de los municipios noruegos tambi\u00e9n utilizamos FEIDE, por lo que no se almacena ninguna contrase\u00f1a para este grupo. Lo mismo ocurre con los usuarios de Unilogin en Dinamarca.<br \/>\n3. Learnlab SSO Database s\u00f3lo se puede comunicar mediante SSL\/TLS.<br \/>\n4. La base de datos Learnlab SSO forma parte de la unidad organizativa Learnlab y los usuarios de otras unidades organizativas no pueden acceder a ella.<br \/>\n5. Los miembros de la Unidad Organizativa Learnlab tienen autenticaci\u00f3n obligatoria de dos factores en su inicio de sesi\u00f3n.<br \/>\n6. La unidad organizativa Learnlab controla el acceso VPN a la base de datos Learnlab SSO; la configuraci\u00f3n predeterminada es que la VPN est\u00e1 desactivada.<br \/>\n7. Se supervisa la configuraci\u00f3n de la base de datos Learnlab SSO.<br \/>\n8. Se supervisan las actividades de la unidad organizativa Learnlab.<\/p>\n<p><strong>T\u00c9RMINOS Y CONDICIONES PARA USUARIOS GRATUITOS DE COLAB<\/strong><\/p>\n<p>\u00daltima actualizaci\u00f3n: 02\/11\/22.<\/p>\n<p><strong>Introducci\u00f3n<\/strong><\/p>\n<p>Bienvenido a los T\u00e9rminos y Condiciones de LearnLab.<\/p>\n<p>Esto es aplicable a nuestro sitio web y aplicaci\u00f3n de software (learnlab.net), que es propiedad y est\u00e1 operado por LearnLab AS. Nos referimos a este sitio web y la aplicaci\u00f3n en este acuerdo como los \u00abServicios\u00bb. Al visitar los Servicios y acceder a la informaci\u00f3n, recursos, servicios, productos y herramientas que ofrecemos, usted entiende y se compromete a aceptar y adherirse a los siguientes t\u00e9rminos y condiciones establecidos en esta pol\u00edtica (en lo sucesivo, \u00abAcuerdo de Usuario\u00bb).<\/p>\n<p>Este acuerdo est\u00e1 en vigor desde el 20\/09\/17.<\/p>\n<p>Nos reservamos el derecho a modificar este Acuerdo de usuario de vez en cuando sin previo aviso. Usted reconoce y acepta que es su responsabilidad revisar este Acuerdo de Usuario peri\u00f3dicamente para familiarizarse con cualquier modificaci\u00f3n. Su uso continuado de los Servicios despu\u00e9s de tales modificaciones constituir\u00e1 el reconocimiento y acuerdo de los t\u00e9rminos y condiciones modificados.<\/p>\n<p>Nuestro objetivo es cumplir las Pautas de Accesibilidad al Contenido en la Web (WCAG) versi\u00f3n 2.0 (http:\/\/www.w3.org\/TR\/WCAG20\/), con un nivel de conformidad AA.<\/p>\n<p>&nbsp;<\/p>\n<p><strong>Uso y conducta responsables<\/strong><\/p>\n<p>Al visitar nuestros Servicios y acceder a la informaci\u00f3n, recursos, servicios, productos y herramientas que ponemos a su disposici\u00f3n, ya sea directa o indirectamente (en lo sucesivo denominados \u00abRecursos\u00bb), usted se compromete a utilizar estos Recursos \u00fanicamente para los fines previstos seg\u00fan lo permitido por (a) los t\u00e9rminos de este Acuerdo de Usuario, y (b) las leyes, reglamentos y pr\u00e1cticas o directrices en l\u00ednea generalmente aceptadas aplicables.<\/p>\n<p>En este sentido, usted entiende que<\/p>\n<p>a. Para acceder a nuestros Recursos, es posible que se le solicite cierta informaci\u00f3n sobre usted (como identificaci\u00f3n, datos de contacto, etc.) como parte del proceso de registro, o como parte de su capacidad para utilizar los Recursos. Usted acepta que cualquier informaci\u00f3n que proporcione ser\u00e1 siempre precisa, correcta y actualizada.<\/p>\n<p>b. Usted es responsable de mantener la confidencialidad de cualquier informaci\u00f3n de inicio de sesi\u00f3n asociada a cualquier cuenta que utilice para acceder a nuestros Recursos. En consecuencia, usted es responsable de todas las actividades que se produzcan en su(s) cuenta(s).<\/p>\n<p>c. Est\u00e1 estrictamente prohibido acceder (o intentar acceder) a cualquiera de nuestros Recursos por cualquier otro medio que no sea el que nosotros proporcionamos. Usted se compromete espec\u00edficamente a no acceder (o intentar acceder) a cualquiera de nuestros Recursos a trav\u00e9s de cualquier medio automatizado, no \u00e9tico o no convencional.<\/p>\n<p>d. Est\u00e1 estrictamente prohibido participar en cualquier actividad que interrumpa o interfiera con nuestros Recursos, incluidos los servidores y\/o redes a los que est\u00e1n ubicados o conectados nuestros Recursos.<\/p>\n<p>e. Intentar copiar, duplicar, reproducir, vender, intercambiar o revender nuestros Recursos est\u00e1 estrictamente prohibido, excepto para la duplicaci\u00f3n y copia del contenido (es decir, &#8216;Labs&#8217;) con el prop\u00f3sito de publicarlo en LearnLab.<\/p>\n<p>f. Usted es el \u00fanico responsable de cualquier consecuencia, p\u00e9rdida o da\u00f1o que podamos directa o indirectamente incurrir o sufrir debido a cualquier actividad no autorizada llevada a cabo por usted, como se explic\u00f3 anteriormente, y puede incurrir en responsabilidad penal o civil.<\/p>\n<p>g. Podemos proporcionar varias herramientas de comunicaci\u00f3n abiertas en nuestros Servicios, como comentarios de blog, publicaciones de blog, chat p\u00fablico, foros, tablones de mensajes, grupos de noticias, valoraciones y rese\u00f1as de productos, varios servicios de redes sociales, etc. Usted entiende que, por lo general, no realizamos un control previo ni supervisamos el contenido publicado por los usuarios de estas herramientas de comunicaci\u00f3n, lo que significa que si decide utilizar estas herramientas para enviar cualquier tipo de contenido a nuestros Servicios, es su responsabilidad personal utilizar estas herramientas de forma responsable y \u00e9tica. Al publicar informaci\u00f3n o utilizar de otro modo cualquiera de las herramientas de comunicaci\u00f3n abiertas mencionadas, usted acepta que no cargar\u00e1, publicar\u00e1, compartir\u00e1 ni distribuir\u00e1 de otro modo ning\u00fan contenido que:<\/p>\n<p>i. Sea ilegal, amenazador, difamatorio, abusivo, acosador, degradante, intimidatorio, fraudulento, enga\u00f1oso, invasivo, racista o contenga cualquier tipo de lenguaje sugerente, inapropiado o expl\u00edcito;<br \/>\nii. Infrinja cualquier marca comercial, patente, secreto comercial, derecho de autor u otro derecho de propiedad de cualquiera de las partes;<br \/>\niii. Contenga cualquier tipo de publicidad no autorizada o no solicitada;<br \/>\niiii. Se haga pasar por cualquier persona o entidad, incluyendo cualquier empleado o representante de LearnLab AS. Tenemos el derecho, a nuestra entera discreci\u00f3n, de eliminar cualquier contenido que a nuestro juicio no cumpla con este Acuerdo de Usuario, junto con cualquier contenido que consideremos ofensivo, da\u00f1ino, objetable, inexacto, o que viole los derechos de autor o marcas registradas de terceros. No nos hacemos responsables de ning\u00fan retraso o fallo en la eliminaci\u00f3n de dichos contenidos. Si usted publica contenido que nosotros decidimos eliminar, usted consiente por la presente en dicha eliminaci\u00f3n, y consiente en renunciar a cualquier reclamaci\u00f3n contra nosotros.<\/p>\n<p>h. No asumimos ninguna responsabilidad por cualquier contenido publicado por usted o cualquier otro usuario de terceros de nuestros Servicios. Sin embargo, cualquier contenido publicado por usted utilizando cualquier herramienta de comunicaci\u00f3n abierta en nuestros Servicios, si no viola o infringe ning\u00fan derecho de autor de terceros o marcas registradas, se convierte en propiedad de LearnLab AS, y como tal, nos da una licencia perpetua, irrevocable, mundial, libre de regal\u00edas y exclusiva para reproducir, modificar, adaptar, traducir, publicar, mostrar p\u00fablicamente y \/ o distribuir como mejor nos parezca. Esto s\u00f3lo se refiere y se aplica a los contenidos publicados a trav\u00e9s de herramientas de comunicaci\u00f3n abierta como se describe, y no se refiere a la informaci\u00f3n que se proporciona como parte del proceso de registro, necesario para utilizar nuestros Recursos.<\/p>\n<p>i. Usted acepta indemnizar y mantener indemne a LearnLab AS y su empresa matriz y filiales, y sus directores, funcionarios, gerentes, empleados, donantes, agentes y licenciantes, de y contra todas las p\u00e9rdidas, gastos, da\u00f1os y costos, incluyendo honorarios razonables de abogados, resultantes de cualquier violaci\u00f3n de este Acuerdo de Usuario o el incumplimiento de cualquier obligaci\u00f3n relacionada con su cuenta incurrida por usted o cualquier otra persona que utilice su cuenta. Nos reservamos el derecho a asumir la defensa exclusiva de cualquier reclamaci\u00f3n por la que tengamos derecho a indemnizaci\u00f3n en virtud del presente Acuerdo de Usuario. En tal caso, deber\u00e1 proporcionarnos la cooperaci\u00f3n que le solicitemos razonablemente.<\/p>\n<p><strong>Limitaci\u00f3n de garant\u00edas<\/strong><br \/>\nAl utilizar nuestros Servicios, usted entiende y acepta que todos los Recursos que proporcionamos son \u00abtal cual\u00bb y \u00abseg\u00fan disponibilidad\u00bb. Esto significa que no declaramos ni le garantizamos que<br \/>\ni) el uso de nuestros Recursos satisfaga sus necesidades o requisitos.<br \/>\nii) el uso de nuestros Recursos ser\u00e1 ininterrumpido, puntual, seguro o libre de errores.<br \/>\niii) la informaci\u00f3n obtenida mediante el uso de nuestros Recursos ser\u00e1 exacta o fiable, y<br \/>\niv) se reparar\u00e1 o corregir\u00e1 cualquier defecto en el funcionamiento o la funcionalidad de los Recursos que proporcionamos. Adem\u00e1s, usted entiende y acepta que<br \/>\nv) cualquier contenido descargado u obtenido de otro modo utilizando nuestros Recursos se hace bajo su propia discreci\u00f3n y riesgo, y que usted es el \u00fanico responsable de cualquier da\u00f1o a su ordenador u otros dispositivos por cualquier p\u00e9rdida de datos que pueda resultar de la descarga de dicho contenido.<br \/>\nvi) ninguna informaci\u00f3n o consejo, ya sea expresa, impl\u00edcita, oral o escrita, obtenida por usted de LearnLab AS o a trav\u00e9s de cualquiera de los Recursos que proporcionamos crear\u00e1 ninguna garant\u00eda, garant\u00eda o condiciones de ning\u00fan tipo, con excepci\u00f3n de los expresamente descritos en este Acuerdo de Usuario.<\/p>\n<p><strong>Limitaci\u00f3n de responsabilidad<\/strong><br \/>\nEn conjunci\u00f3n con la Limitaci\u00f3n de Garant\u00edas como se explic\u00f3 anteriormente, usted entiende y acepta expresamente que cualquier reclamaci\u00f3n contra nosotros se limitar\u00e1 a la cantidad que pag\u00f3, en su caso, para el uso de productos y \/ o servicios. LearnLab AS no ser\u00e1 responsable de ninguna p\u00e9rdida o da\u00f1o directo, indirecto, incidental, consecuente o ejemplar que pueda ser incurrido por usted debido al uso de nuestros Recursos, o debido a cualquier cambio, p\u00e9rdida o corrupci\u00f3n de datos, cancelaci\u00f3n, p\u00e9rdida de acceso o tiempo de inactividad en la medida en que se apliquen las leyes de limitaci\u00f3n de responsabilidad.<\/p>\n<p><strong>Derechos de Autor\/Marcas Registradas<\/strong><br \/>\nTodos los contenidos y materiales disponibles en los Servicios, incluyendo pero no limitado a texto, gr\u00e1ficos, nombre del sitio web, c\u00f3digo, im\u00e1genes y logotipos son propiedad intelectual de LearnLab AS y creadores de los contenidos, y est\u00e1n protegidos por derechos de autor y derecho de marcas. Cualquier uso inapropiado, incluyendo pero no limitado a la reproducci\u00f3n, distribuci\u00f3n, exhibici\u00f3n o transmisi\u00f3n de cualquier contenido de los Servicios est\u00e1 estrictamente prohibido, salvo autorizaci\u00f3n expresa de LearnLab AS.<\/p>\n<p><strong>Terminaci\u00f3n del Uso<\/strong><br \/>\nUsted acepta que podemos, a nuestra sola discreci\u00f3n, suspender o terminar su acceso a la totalidad o parte de nuestros Servicios y Recursos con o sin previo aviso y por cualquier motivo, incluyendo, sin limitaci\u00f3n, el incumplimiento de este Acuerdo de Usuario. Cualquier sospecha de actividad ilegal, fraudulenta o abusiva puede ser motivo para poner fin a su relaci\u00f3n y puede ser remitida a las autoridades policiales apropiadas. En caso de suspensi\u00f3n o rescisi\u00f3n, cesar\u00e1 inmediatamente su derecho a utilizar los Recursos que proporcionamos, y nos reservamos el derecho a eliminar o borrar cualquier informaci\u00f3n que pueda tener archivada con nosotros, incluida cualquier cuenta o informaci\u00f3n de inicio de sesi\u00f3n.<\/p>\n<p><strong>Ley aplicable<\/strong><br \/>\nLos Servicios son controlados por LearnLab AS desde nuestras oficinas ubicadas en Oslo, Noruega. Se puede acceder a ellos por la mayor\u00eda de los pa\u00edses de todo el mundo. Como cada pa\u00eds tiene leyes que pueden diferir de las de Noruega, al acceder a nuestros Servicios, usted acepta que los estatutos y leyes de Noruega, sin tener en cuenta el conflicto de leyes y la Convenci\u00f3n de las Naciones Unidas sobre los Contratos de Compraventa Internacional de Mercader\u00edas, se aplicar\u00e1n a todos los asuntos relacionados con el uso de los Servicios y la compra de cualquier producto o servicio a trav\u00e9s de los Servicios. Adem\u00e1s, cualquier acci\u00f3n para hacer cumplir este Acuerdo de Usuario se llevar\u00e1 a cabo en los tribunales ubicados en Oslo (Oslo tingrett), Noruega. Por la presente, usted acepta la jurisdicci\u00f3n personal de dichos tribunales y renuncia a cualquier objeci\u00f3n jurisdiccional, de lugar o de foro inconveniente a dichos tribunales.<\/p>\n<p><strong>Garant\u00eda<\/strong><br \/>\nA MENOS QUE SE EXPRESE LO CONTRARIO, LEARNLAB AS RENUNCIA EXPRESAMENTE A TODAS LAS GARANT\u00cdAS Y CONDICIONES DE CUALQUIER TIPO, YA SEAN EXPRESAS O IMPL\u00cdCITAS, INCLUIDAS, ENTRE OTRAS, LAS GARANT\u00cdAS Y CONDICIONES IMPL\u00cdCITAS DE COMERCIABILIDAD, IDONEIDAD PARA UN FIN Y NO INFRACCI\u00d3N.<\/p>\n<p><strong>Contacto<\/strong><br \/>\nSi tiene alguna pregunta sobre los T\u00e9rminos y Condiciones, p\u00f3ngase en contacto con nosotros en support@learnlab.net o<\/p>\n<p>LearnLab AS<br \/>\nKristian IVs gate 13<br \/>\n0164 Oslo, Noruega<\/p>\n<p>Las comunicaciones por correo electr\u00f3nico no siempre son seguras, por lo que le rogamos que no incluya informaci\u00f3n confidencial en los mensajes que nos env\u00ede.<\/p>\n<\/div>\n<\/section>\n","protected":false},"excerpt":{"rendered":"<p>T\u00c9RMINOS Y CONDICIONES PARA USUARIOS DE LICENCIAS \u00daltima actualizaci\u00f3n: 02\/11\/22. Todos los datos almacenados para los usuarios de la licencia cumplen con el Reglamento General de Protecci\u00f3n de Datos (GDPR) en la UE y el Espacio Econ\u00f3mico Europeo (EEE). Los T\u00e9rminos y Condiciones para los usuarios de licencias est\u00e1n regulados en un acuerdo separado y [&hellip;]<\/p>\n","protected":false},"author":1,"featured_media":0,"parent":0,"menu_order":0,"comment_status":"closed","ping_status":"closed","template":"page-templates\/text.php","meta":{"_acf_changed":false,"footnotes":""},"class_list":["post-25","page","type-page","status-publish","hentry"],"acf":[],"yoast_head":"<!-- This site is optimized with the Yoast SEO plugin v24.9 - https:\/\/yoast.com\/wordpress\/plugins\/seo\/ -->\n<title>T\u00e9rminos y condiciones - Learnlab ES<\/title>\n<meta name=\"robots\" content=\"index, follow, max-snippet:-1, max-image-preview:large, max-video-preview:-1\" \/>\n<link rel=\"canonical\" href=\"https:\/\/info.learnlab.net\/es\/terms-conditions\/\" \/>\n<meta property=\"og:locale\" content=\"en_US\" \/>\n<meta property=\"og:type\" content=\"article\" \/>\n<meta property=\"og:title\" content=\"T\u00e9rminos y condiciones - Learnlab ES\" \/>\n<meta property=\"og:description\" content=\"T\u00c9RMINOS Y CONDICIONES PARA USUARIOS DE LICENCIAS \u00daltima actualizaci\u00f3n: 02\/11\/22. Todos los datos almacenados para los usuarios de la licencia cumplen con el Reglamento General de Protecci\u00f3n de Datos (GDPR) en la UE y el Espacio Econ\u00f3mico Europeo (EEE). Los T\u00e9rminos y Condiciones para los usuarios de licencias est\u00e1n regulados en un acuerdo separado y [&hellip;]\" \/>\n<meta property=\"og:url\" content=\"https:\/\/info.learnlab.net\/es\/terms-conditions\/\" \/>\n<meta property=\"og:site_name\" content=\"Learnlab ES\" \/>\n<meta property=\"article:modified_time\" content=\"2025-06-08T18:47:04+00:00\" \/>\n<meta name=\"twitter:card\" content=\"summary_large_image\" \/>\n<meta name=\"twitter:label1\" content=\"Est. reading time\" \/>\n\t<meta name=\"twitter:data1\" content=\"11 minutes\" \/>\n<script type=\"application\/ld+json\" class=\"yoast-schema-graph\">{\"@context\":\"https:\/\/schema.org\",\"@graph\":[{\"@type\":\"WebPage\",\"@id\":\"https:\/\/info.learnlab.net\/es\/terms-conditions\/\",\"url\":\"https:\/\/info.learnlab.net\/es\/terms-conditions\/\",\"name\":\"T\u00e9rminos y condiciones - Learnlab ES\",\"isPartOf\":{\"@id\":\"https:\/\/info.learnlab.net\/es\/#website\"},\"datePublished\":\"2024-07-09T12:50:11+00:00\",\"dateModified\":\"2025-06-08T18:47:04+00:00\",\"breadcrumb\":{\"@id\":\"https:\/\/info.learnlab.net\/es\/terms-conditions\/#breadcrumb\"},\"inLanguage\":\"en-US\",\"potentialAction\":[{\"@type\":\"ReadAction\",\"target\":[\"https:\/\/info.learnlab.net\/es\/terms-conditions\/\"]}]},{\"@type\":\"BreadcrumbList\",\"@id\":\"https:\/\/info.learnlab.net\/es\/terms-conditions\/#breadcrumb\",\"itemListElement\":[{\"@type\":\"ListItem\",\"position\":1,\"name\":\"Home\",\"item\":\"https:\/\/info.learnlab.net\/es\/\"},{\"@type\":\"ListItem\",\"position\":2,\"name\":\"T\u00e9rminos y condiciones\"}]},{\"@type\":\"WebSite\",\"@id\":\"https:\/\/info.learnlab.net\/es\/#website\",\"url\":\"https:\/\/info.learnlab.net\/es\/\",\"name\":\"Learnlab ES\",\"description\":\"Digital tools for teachers and students\",\"publisher\":{\"@id\":\"https:\/\/info.learnlab.net\/es\/#organization\"},\"potentialAction\":[{\"@type\":\"SearchAction\",\"target\":{\"@type\":\"EntryPoint\",\"urlTemplate\":\"https:\/\/info.learnlab.net\/es\/?s={search_term_string}\"},\"query-input\":{\"@type\":\"PropertyValueSpecification\",\"valueRequired\":true,\"valueName\":\"search_term_string\"}}],\"inLanguage\":\"en-US\"},{\"@type\":\"Organization\",\"@id\":\"https:\/\/info.learnlab.net\/es\/#organization\",\"name\":\"Learnlab ES\",\"url\":\"https:\/\/info.learnlab.net\/es\/\",\"logo\":{\"@type\":\"ImageObject\",\"inLanguage\":\"en-US\",\"@id\":\"https:\/\/info.learnlab.net\/es\/#\/schema\/logo\/image\/\",\"url\":\"https:\/\/info.learnlab.net\/es\/wp-content\/uploads\/sites\/15\/2024\/07\/learnlab-logo.svg\",\"contentUrl\":\"https:\/\/info.learnlab.net\/es\/wp-content\/uploads\/sites\/15\/2024\/07\/learnlab-logo.svg\",\"caption\":\"Learnlab ES\"},\"image\":{\"@id\":\"https:\/\/info.learnlab.net\/es\/#\/schema\/logo\/image\/\"}}]}<\/script>\n<!-- \/ Yoast SEO plugin. -->","yoast_head_json":{"title":"T\u00e9rminos y condiciones - Learnlab ES","robots":{"index":"index","follow":"follow","max-snippet":"max-snippet:-1","max-image-preview":"max-image-preview:large","max-video-preview":"max-video-preview:-1"},"canonical":"https:\/\/info.learnlab.net\/es\/terms-conditions\/","og_locale":"en_US","og_type":"article","og_title":"T\u00e9rminos y condiciones - Learnlab ES","og_description":"T\u00c9RMINOS Y CONDICIONES PARA USUARIOS DE LICENCIAS \u00daltima actualizaci\u00f3n: 02\/11\/22. Todos los datos almacenados para los usuarios de la licencia cumplen con el Reglamento General de Protecci\u00f3n de Datos (GDPR) en la UE y el Espacio Econ\u00f3mico Europeo (EEE). Los T\u00e9rminos y Condiciones para los usuarios de licencias est\u00e1n regulados en un acuerdo separado y [&hellip;]","og_url":"https:\/\/info.learnlab.net\/es\/terms-conditions\/","og_site_name":"Learnlab ES","article_modified_time":"2025-06-08T18:47:04+00:00","twitter_card":"summary_large_image","twitter_misc":{"Est. reading time":"11 minutes"},"schema":{"@context":"https:\/\/schema.org","@graph":[{"@type":"WebPage","@id":"https:\/\/info.learnlab.net\/es\/terms-conditions\/","url":"https:\/\/info.learnlab.net\/es\/terms-conditions\/","name":"T\u00e9rminos y condiciones - Learnlab ES","isPartOf":{"@id":"https:\/\/info.learnlab.net\/es\/#website"},"datePublished":"2024-07-09T12:50:11+00:00","dateModified":"2025-06-08T18:47:04+00:00","breadcrumb":{"@id":"https:\/\/info.learnlab.net\/es\/terms-conditions\/#breadcrumb"},"inLanguage":"en-US","potentialAction":[{"@type":"ReadAction","target":["https:\/\/info.learnlab.net\/es\/terms-conditions\/"]}]},{"@type":"BreadcrumbList","@id":"https:\/\/info.learnlab.net\/es\/terms-conditions\/#breadcrumb","itemListElement":[{"@type":"ListItem","position":1,"name":"Home","item":"https:\/\/info.learnlab.net\/es\/"},{"@type":"ListItem","position":2,"name":"T\u00e9rminos y condiciones"}]},{"@type":"WebSite","@id":"https:\/\/info.learnlab.net\/es\/#website","url":"https:\/\/info.learnlab.net\/es\/","name":"Learnlab ES","description":"Digital tools for teachers and students","publisher":{"@id":"https:\/\/info.learnlab.net\/es\/#organization"},"potentialAction":[{"@type":"SearchAction","target":{"@type":"EntryPoint","urlTemplate":"https:\/\/info.learnlab.net\/es\/?s={search_term_string}"},"query-input":{"@type":"PropertyValueSpecification","valueRequired":true,"valueName":"search_term_string"}}],"inLanguage":"en-US"},{"@type":"Organization","@id":"https:\/\/info.learnlab.net\/es\/#organization","name":"Learnlab ES","url":"https:\/\/info.learnlab.net\/es\/","logo":{"@type":"ImageObject","inLanguage":"en-US","@id":"https:\/\/info.learnlab.net\/es\/#\/schema\/logo\/image\/","url":"https:\/\/info.learnlab.net\/es\/wp-content\/uploads\/sites\/15\/2024\/07\/learnlab-logo.svg","contentUrl":"https:\/\/info.learnlab.net\/es\/wp-content\/uploads\/sites\/15\/2024\/07\/learnlab-logo.svg","caption":"Learnlab ES"},"image":{"@id":"https:\/\/info.learnlab.net\/es\/#\/schema\/logo\/image\/"}}]}},"_links":{"self":[{"href":"https:\/\/info.learnlab.net\/es\/wp-json\/wp\/v2\/pages\/25","targetHints":{"allow":["GET"]}}],"collection":[{"href":"https:\/\/info.learnlab.net\/es\/wp-json\/wp\/v2\/pages"}],"about":[{"href":"https:\/\/info.learnlab.net\/es\/wp-json\/wp\/v2\/types\/page"}],"author":[{"embeddable":true,"href":"https:\/\/info.learnlab.net\/es\/wp-json\/wp\/v2\/users\/1"}],"replies":[{"embeddable":true,"href":"https:\/\/info.learnlab.net\/es\/wp-json\/wp\/v2\/comments?post=25"}],"version-history":[{"count":4,"href":"https:\/\/info.learnlab.net\/es\/wp-json\/wp\/v2\/pages\/25\/revisions"}],"predecessor-version":[{"id":948,"href":"https:\/\/info.learnlab.net\/es\/wp-json\/wp\/v2\/pages\/25\/revisions\/948"}],"wp:attachment":[{"href":"https:\/\/info.learnlab.net\/es\/wp-json\/wp\/v2\/media?parent=25"}],"curies":[{"name":"wp","href":"https:\/\/api.w.org\/{rel}","templated":true}]}}