{"id":1052,"date":"2025-08-20T11:37:12","date_gmt":"2025-08-20T11:37:12","guid":{"rendered":"https:\/\/info.learnlab.net\/es\/?page_id=1052"},"modified":"2025-09-05T14:13:39","modified_gmt":"2025-09-05T14:13:39","slug":"perspectiva-de-progresion","status":"publish","type":"page","link":"https:\/\/info.learnlab.net\/es\/perspectiva-de-progresion\/","title":{"rendered":"Perspectiva de progresi\u00f3n"},"content":{"rendered":"<h2 class=\"p1\">Una preocupaci\u00f3n com\u00fan en la escuela hoy en d\u00eda es que los alumnos utilicen la inteligencia artificial para realizar tareas sin realmente aprender nada. Learnlab resuelve este problema con una herramienta llamada <span class=\"s1\"><b>Perspectiva de progresi\u00f3n<\/b><\/span>.<\/h2>\n","protected":false},"excerpt":{"rendered":"<p>Una preocupaci\u00f3n com\u00fan en la escuela hoy en d\u00eda es que los alumnos utilicen la inteligencia artificial para realizar tareas sin realmente aprender nada. Learnlab resuelve este problema con una herramienta llamada Perspectiva de progresi\u00f3n.<\/p>\n","protected":false},"author":13,"featured_media":0,"parent":0,"menu_order":0,"comment_status":"closed","ping_status":"closed","template":"","meta":{"_acf_changed":false,"footnotes":""},"class_list":["post-1052","page","type-page","status-publish","hentry"],"acf":[],"yoast_head":"<!-- This site is optimized with the Yoast SEO plugin v24.9 - https:\/\/yoast.com\/wordpress\/plugins\/seo\/ -->\n<title>Perspectiva de progresi\u00f3n - Learnlab ES<\/title>\n<meta name=\"robots\" content=\"index, follow, max-snippet:-1, max-image-preview:large, max-video-preview:-1\" \/>\n<link rel=\"canonical\" href=\"https:\/\/info.learnlab.net\/es\/perspectiva-de-progresion\/\" \/>\n<meta property=\"og:locale\" content=\"en_US\" \/>\n<meta property=\"og:type\" content=\"article\" \/>\n<meta property=\"og:title\" content=\"Perspectiva de progresi\u00f3n - Learnlab ES\" \/>\n<meta property=\"og:description\" content=\"Una preocupaci\u00f3n com\u00fan en la escuela hoy en d\u00eda es que los alumnos utilicen la inteligencia artificial para realizar tareas sin realmente aprender nada. Learnlab resuelve este problema con una herramienta llamada Perspectiva de progresi\u00f3n.\" \/>\n<meta property=\"og:url\" content=\"https:\/\/info.learnlab.net\/es\/perspectiva-de-progresion\/\" \/>\n<meta property=\"og:site_name\" content=\"Learnlab ES\" \/>\n<meta property=\"article:modified_time\" content=\"2025-09-05T14:13:39+00:00\" \/>\n<meta name=\"twitter:card\" content=\"summary_large_image\" \/>\n<meta name=\"twitter:label1\" content=\"Est. reading time\" \/>\n\t<meta name=\"twitter:data1\" content=\"1 minute\" \/>\n<script type=\"application\/ld+json\" class=\"yoast-schema-graph\">{\"@context\":\"https:\/\/schema.org\",\"@graph\":[{\"@type\":\"WebPage\",\"@id\":\"https:\/\/info.learnlab.net\/es\/perspectiva-de-progresion\/\",\"url\":\"https:\/\/info.learnlab.net\/es\/perspectiva-de-progresion\/\",\"name\":\"Perspectiva de progresi\u00f3n - Learnlab ES\",\"isPartOf\":{\"@id\":\"https:\/\/info.learnlab.net\/es\/#website\"},\"datePublished\":\"2025-08-20T11:37:12+00:00\",\"dateModified\":\"2025-09-05T14:13:39+00:00\",\"breadcrumb\":{\"@id\":\"https:\/\/info.learnlab.net\/es\/perspectiva-de-progresion\/#breadcrumb\"},\"inLanguage\":\"en-US\",\"potentialAction\":[{\"@type\":\"ReadAction\",\"target\":[\"https:\/\/info.learnlab.net\/es\/perspectiva-de-progresion\/\"]}]},{\"@type\":\"BreadcrumbList\",\"@id\":\"https:\/\/info.learnlab.net\/es\/perspectiva-de-progresion\/#breadcrumb\",\"itemListElement\":[{\"@type\":\"ListItem\",\"position\":1,\"name\":\"Home\",\"item\":\"https:\/\/info.learnlab.net\/es\/\"},{\"@type\":\"ListItem\",\"position\":2,\"name\":\"Perspectiva de progresi\u00f3n\"}]},{\"@type\":\"WebSite\",\"@id\":\"https:\/\/info.learnlab.net\/es\/#website\",\"url\":\"https:\/\/info.learnlab.net\/es\/\",\"name\":\"Learnlab ES\",\"description\":\"Digital tools for teachers and students\",\"publisher\":{\"@id\":\"https:\/\/info.learnlab.net\/es\/#organization\"},\"potentialAction\":[{\"@type\":\"SearchAction\",\"target\":{\"@type\":\"EntryPoint\",\"urlTemplate\":\"https:\/\/info.learnlab.net\/es\/?s={search_term_string}\"},\"query-input\":{\"@type\":\"PropertyValueSpecification\",\"valueRequired\":true,\"valueName\":\"search_term_string\"}}],\"inLanguage\":\"en-US\"},{\"@type\":\"Organization\",\"@id\":\"https:\/\/info.learnlab.net\/es\/#organization\",\"name\":\"Learnlab ES\",\"url\":\"https:\/\/info.learnlab.net\/es\/\",\"logo\":{\"@type\":\"ImageObject\",\"inLanguage\":\"en-US\",\"@id\":\"https:\/\/info.learnlab.net\/es\/#\/schema\/logo\/image\/\",\"url\":\"https:\/\/info.learnlab.net\/es\/wp-content\/uploads\/sites\/15\/2024\/07\/learnlab-logo.svg\",\"contentUrl\":\"https:\/\/info.learnlab.net\/es\/wp-content\/uploads\/sites\/15\/2024\/07\/learnlab-logo.svg\",\"caption\":\"Learnlab ES\"},\"image\":{\"@id\":\"https:\/\/info.learnlab.net\/es\/#\/schema\/logo\/image\/\"}}]}<\/script>\n<!-- \/ Yoast SEO plugin. -->","yoast_head_json":{"title":"Perspectiva de progresi\u00f3n - Learnlab ES","robots":{"index":"index","follow":"follow","max-snippet":"max-snippet:-1","max-image-preview":"max-image-preview:large","max-video-preview":"max-video-preview:-1"},"canonical":"https:\/\/info.learnlab.net\/es\/perspectiva-de-progresion\/","og_locale":"en_US","og_type":"article","og_title":"Perspectiva de progresi\u00f3n - Learnlab ES","og_description":"Una preocupaci\u00f3n com\u00fan en la escuela hoy en d\u00eda es que los alumnos utilicen la inteligencia artificial para realizar tareas sin realmente aprender nada. Learnlab resuelve este problema con una herramienta llamada Perspectiva de progresi\u00f3n.","og_url":"https:\/\/info.learnlab.net\/es\/perspectiva-de-progresion\/","og_site_name":"Learnlab ES","article_modified_time":"2025-09-05T14:13:39+00:00","twitter_card":"summary_large_image","twitter_misc":{"Est. reading time":"1 minute"},"schema":{"@context":"https:\/\/schema.org","@graph":[{"@type":"WebPage","@id":"https:\/\/info.learnlab.net\/es\/perspectiva-de-progresion\/","url":"https:\/\/info.learnlab.net\/es\/perspectiva-de-progresion\/","name":"Perspectiva de progresi\u00f3n - Learnlab ES","isPartOf":{"@id":"https:\/\/info.learnlab.net\/es\/#website"},"datePublished":"2025-08-20T11:37:12+00:00","dateModified":"2025-09-05T14:13:39+00:00","breadcrumb":{"@id":"https:\/\/info.learnlab.net\/es\/perspectiva-de-progresion\/#breadcrumb"},"inLanguage":"en-US","potentialAction":[{"@type":"ReadAction","target":["https:\/\/info.learnlab.net\/es\/perspectiva-de-progresion\/"]}]},{"@type":"BreadcrumbList","@id":"https:\/\/info.learnlab.net\/es\/perspectiva-de-progresion\/#breadcrumb","itemListElement":[{"@type":"ListItem","position":1,"name":"Home","item":"https:\/\/info.learnlab.net\/es\/"},{"@type":"ListItem","position":2,"name":"Perspectiva de progresi\u00f3n"}]},{"@type":"WebSite","@id":"https:\/\/info.learnlab.net\/es\/#website","url":"https:\/\/info.learnlab.net\/es\/","name":"Learnlab ES","description":"Digital tools for teachers and students","publisher":{"@id":"https:\/\/info.learnlab.net\/es\/#organization"},"potentialAction":[{"@type":"SearchAction","target":{"@type":"EntryPoint","urlTemplate":"https:\/\/info.learnlab.net\/es\/?s={search_term_string}"},"query-input":{"@type":"PropertyValueSpecification","valueRequired":true,"valueName":"search_term_string"}}],"inLanguage":"en-US"},{"@type":"Organization","@id":"https:\/\/info.learnlab.net\/es\/#organization","name":"Learnlab ES","url":"https:\/\/info.learnlab.net\/es\/","logo":{"@type":"ImageObject","inLanguage":"en-US","@id":"https:\/\/info.learnlab.net\/es\/#\/schema\/logo\/image\/","url":"https:\/\/info.learnlab.net\/es\/wp-content\/uploads\/sites\/15\/2024\/07\/learnlab-logo.svg","contentUrl":"https:\/\/info.learnlab.net\/es\/wp-content\/uploads\/sites\/15\/2024\/07\/learnlab-logo.svg","caption":"Learnlab ES"},"image":{"@id":"https:\/\/info.learnlab.net\/es\/#\/schema\/logo\/image\/"}}]}},"_links":{"self":[{"href":"https:\/\/info.learnlab.net\/es\/wp-json\/wp\/v2\/pages\/1052","targetHints":{"allow":["GET"]}}],"collection":[{"href":"https:\/\/info.learnlab.net\/es\/wp-json\/wp\/v2\/pages"}],"about":[{"href":"https:\/\/info.learnlab.net\/es\/wp-json\/wp\/v2\/types\/page"}],"author":[{"embeddable":true,"href":"https:\/\/info.learnlab.net\/es\/wp-json\/wp\/v2\/users\/13"}],"replies":[{"embeddable":true,"href":"https:\/\/info.learnlab.net\/es\/wp-json\/wp\/v2\/comments?post=1052"}],"version-history":[{"count":1,"href":"https:\/\/info.learnlab.net\/es\/wp-json\/wp\/v2\/pages\/1052\/revisions"}],"predecessor-version":[{"id":1055,"href":"https:\/\/info.learnlab.net\/es\/wp-json\/wp\/v2\/pages\/1052\/revisions\/1055"}],"wp:attachment":[{"href":"https:\/\/info.learnlab.net\/es\/wp-json\/wp\/v2\/media?parent=1052"}],"curies":[{"name":"wp","href":"https:\/\/api.w.org\/{rel}","templated":true}]}}