{"id":986,"date":"2025-04-03T12:52:19","date_gmt":"2025-04-03T12:52:19","guid":{"rendered":"https:\/\/info.learnlab.net\/de\/?page_id=986"},"modified":"2025-04-04T07:28:53","modified_gmt":"2025-04-04T07:28:53","slug":"impressum","status":"publish","type":"page","link":"https:\/\/info.learnlab.net\/de\/impressum\/","title":{"rendered":"Impressum"},"content":{"rendered":"<div class=\"elementToProof\"><b><b>Learnlab AS<\/b><\/b><\/div>\n<div class=\"elementToProof\">\n<div><\/div>\n<div class=\"elementToProof\">Kristian IVs gate 13<\/div>\n<div>0164 Oslo<br \/>\nNorwegen<\/div>\n<\/div>\n<div><\/div>\n<div class=\"elementToProof\">\n<div>Gesch\u00e4ftsf\u00fchrer: Yngve Lindvig<br \/>\nRegistriert im Handelsregister: 918547258<br \/>\nSitz der Gesellschaft: Oslo, Norwegen<br \/>\nUSt-Nr.: <span data-teams=\"true\">NO918547258MVA<\/span><\/div>\n<div><\/div>\n<div><b>Kontakt<\/b><br \/>\nTelefon: <a href=\"tel:+4722120060\">+47 (221) 20 060<\/a><\/div>\n<div><\/div>\n<div><b>Ansprechpartner<\/b><\/div>\n<div class=\"elementToProof\">Redaktionelle Hinweise, Anregungen und Nutzer-Feedback bitte an: daniel[at]learnlab.net<\/div>\n<div class=\"elementToProof\">Technische Hinweise, Fehlermeldungen, Fragen zum Service usw. bitte an: <a class=\"ms-outlook-linkify\" href=\"mailto:support@learnlab.net\">support@learnlab.net<\/a><\/div>\n<div class=\"elementToProof\">Verantwortlich f\u00fcr unsere redaktionellen Inhalte ist: Yngve Lindvig, yngve[at]learnlab.net<\/div>\n<div class=\"elementToProof\">Datenschutzbeauftragter ist: Yngve Lindvig, yngve[at]learnlab.net<\/div>\n<div><\/div>\n<div><b>Haftungsausschluss<\/b><\/div>\n<div>Die Inhalte dieser Webseiten werden mit Sorgfalt recherchiert. Gleichwohl \u00fcbernimmt Learnlab AS keine Gew\u00e4hr f\u00fcr die Aktualit\u00e4t, Richtigkeit und Vollst\u00e4ndigkeit der auf diesen Seiten befindlichen Informationen. Hinweis: Learnlab AS ist f\u00fcr Inhalte externer Seiten, auf die im Rahmen dieses Onlineangebotes verwiesen wird, nicht verantwortlich und lehnt jegliche Haftung f\u00fcr deren Inhalte ab.<\/div>\n<div><\/div>\n<div>Learnlab AS versichert, dass pers\u00f6nliche Kundendaten mit gr\u00f6\u00dfter Sorgfalt behandelt und nicht ohne Zustimmung der Betroffenen an Dritte weitergegeben werden. Alle Rechte vorbehalten. Die Reproduktion oder Modifikation ganz oder teilweise ohne schriftliche Genehmigung durch Learnlab AS ist untersagt.<\/div>\n<div><\/div>\n<div>\u00a9 Learnlab AS<\/div>\n<\/div>\n","protected":false},"excerpt":{"rendered":"<p>Learnlab AS Kristian IVs gate 13 0164 Oslo Norwegen Gesch\u00e4ftsf\u00fchrer: Yngve Lindvig Registriert im Handelsregister: 918547258 Sitz der Gesellschaft: Oslo, Norwegen USt-Nr.: NO918547258MVA Kontakt Telefon: +47 (221) 20 060 Ansprechpartner Redaktionelle Hinweise, Anregungen und Nutzer-Feedback bitte an: daniel[at]learnlab.net Technische Hinweise, Fehlermeldungen, Fragen zum Service usw. bitte an: support@learnlab.net Verantwortlich f\u00fcr unsere redaktionellen Inhalte ist: Yngve [&hellip;]<\/p>\n","protected":false},"author":13,"featured_media":0,"parent":0,"menu_order":0,"comment_status":"closed","ping_status":"closed","template":"","meta":{"_acf_changed":false,"footnotes":""},"class_list":["post-986","page","type-page","status-publish","hentry"],"acf":[],"yoast_head":"<!-- This site is optimized with the Yoast SEO plugin v24.9 - https:\/\/yoast.com\/wordpress\/plugins\/seo\/ -->\n<title>Impressum - Learnlab DE<\/title>\n<meta name=\"robots\" content=\"index, follow, max-snippet:-1, max-image-preview:large, max-video-preview:-1\" \/>\n<link rel=\"canonical\" href=\"https:\/\/info.learnlab.net\/de\/impressum\/\" \/>\n<meta property=\"og:locale\" content=\"en_US\" \/>\n<meta property=\"og:type\" content=\"article\" \/>\n<meta property=\"og:title\" content=\"Impressum - Learnlab DE\" \/>\n<meta property=\"og:description\" content=\"Learnlab AS Kristian IVs gate 13 0164 Oslo Norwegen Gesch\u00e4ftsf\u00fchrer: Yngve Lindvig Registriert im Handelsregister: 918547258 Sitz der Gesellschaft: Oslo, Norwegen USt-Nr.: NO918547258MVA Kontakt Telefon: +47 (221) 20 060 Ansprechpartner Redaktionelle Hinweise, Anregungen und Nutzer-Feedback bitte an: daniel[at]learnlab.net Technische Hinweise, Fehlermeldungen, Fragen zum Service usw. bitte an: support@learnlab.net Verantwortlich f\u00fcr unsere redaktionellen Inhalte ist: Yngve [&hellip;]\" \/>\n<meta property=\"og:url\" content=\"https:\/\/info.learnlab.net\/de\/impressum\/\" \/>\n<meta property=\"og:site_name\" content=\"Learnlab DE\" \/>\n<meta property=\"article:modified_time\" content=\"2025-04-04T07:28:53+00:00\" \/>\n<meta name=\"twitter:card\" content=\"summary_large_image\" \/>\n<meta name=\"twitter:label1\" content=\"Est. reading time\" \/>\n\t<meta name=\"twitter:data1\" content=\"1 minute\" \/>\n<script type=\"application\/ld+json\" class=\"yoast-schema-graph\">{\"@context\":\"https:\/\/schema.org\",\"@graph\":[{\"@type\":\"WebPage\",\"@id\":\"https:\/\/info.learnlab.net\/de\/impressum\/\",\"url\":\"https:\/\/info.learnlab.net\/de\/impressum\/\",\"name\":\"Impressum - Learnlab DE\",\"isPartOf\":{\"@id\":\"https:\/\/info.learnlab.net\/de\/#website\"},\"datePublished\":\"2025-04-03T12:52:19+00:00\",\"dateModified\":\"2025-04-04T07:28:53+00:00\",\"breadcrumb\":{\"@id\":\"https:\/\/info.learnlab.net\/de\/impressum\/#breadcrumb\"},\"inLanguage\":\"en-US\",\"potentialAction\":[{\"@type\":\"ReadAction\",\"target\":[\"https:\/\/info.learnlab.net\/de\/impressum\/\"]}]},{\"@type\":\"BreadcrumbList\",\"@id\":\"https:\/\/info.learnlab.net\/de\/impressum\/#breadcrumb\",\"itemListElement\":[{\"@type\":\"ListItem\",\"position\":1,\"name\":\"Home\",\"item\":\"https:\/\/info.learnlab.net\/de\/\"},{\"@type\":\"ListItem\",\"position\":2,\"name\":\"Impressum\"}]},{\"@type\":\"WebSite\",\"@id\":\"https:\/\/info.learnlab.net\/de\/#website\",\"url\":\"https:\/\/info.learnlab.net\/de\/\",\"name\":\"Learnlab DE\",\"description\":\"Digital Werkzeuge f\u00fcr Lehrpersonen, Sch\u00fcler &amp; Sch\u00fclerinnen\",\"publisher\":{\"@id\":\"https:\/\/info.learnlab.net\/de\/#organization\"},\"potentialAction\":[{\"@type\":\"SearchAction\",\"target\":{\"@type\":\"EntryPoint\",\"urlTemplate\":\"https:\/\/info.learnlab.net\/de\/?s={search_term_string}\"},\"query-input\":{\"@type\":\"PropertyValueSpecification\",\"valueRequired\":true,\"valueName\":\"search_term_string\"}}],\"inLanguage\":\"en-US\"},{\"@type\":\"Organization\",\"@id\":\"https:\/\/info.learnlab.net\/de\/#organization\",\"name\":\"Learnlab DE\",\"url\":\"https:\/\/info.learnlab.net\/de\/\",\"logo\":{\"@type\":\"ImageObject\",\"inLanguage\":\"en-US\",\"@id\":\"https:\/\/info.learnlab.net\/de\/#\/schema\/logo\/image\/\",\"url\":\"https:\/\/info.learnlab.net\/de\/wp-content\/uploads\/sites\/5\/2024\/07\/learnlab-logo.svg\",\"contentUrl\":\"https:\/\/info.learnlab.net\/de\/wp-content\/uploads\/sites\/5\/2024\/07\/learnlab-logo.svg\",\"caption\":\"Learnlab DE\"},\"image\":{\"@id\":\"https:\/\/info.learnlab.net\/de\/#\/schema\/logo\/image\/\"}}]}<\/script>\n<!-- \/ Yoast SEO plugin. -->","yoast_head_json":{"title":"Impressum - Learnlab DE","robots":{"index":"index","follow":"follow","max-snippet":"max-snippet:-1","max-image-preview":"max-image-preview:large","max-video-preview":"max-video-preview:-1"},"canonical":"https:\/\/info.learnlab.net\/de\/impressum\/","og_locale":"en_US","og_type":"article","og_title":"Impressum - Learnlab DE","og_description":"Learnlab AS Kristian IVs gate 13 0164 Oslo Norwegen Gesch\u00e4ftsf\u00fchrer: Yngve Lindvig Registriert im Handelsregister: 918547258 Sitz der Gesellschaft: Oslo, Norwegen USt-Nr.: NO918547258MVA Kontakt Telefon: +47 (221) 20 060 Ansprechpartner Redaktionelle Hinweise, Anregungen und Nutzer-Feedback bitte an: daniel[at]learnlab.net Technische Hinweise, Fehlermeldungen, Fragen zum Service usw. bitte an: support@learnlab.net Verantwortlich f\u00fcr unsere redaktionellen Inhalte ist: Yngve [&hellip;]","og_url":"https:\/\/info.learnlab.net\/de\/impressum\/","og_site_name":"Learnlab DE","article_modified_time":"2025-04-04T07:28:53+00:00","twitter_card":"summary_large_image","twitter_misc":{"Est. reading time":"1 minute"},"schema":{"@context":"https:\/\/schema.org","@graph":[{"@type":"WebPage","@id":"https:\/\/info.learnlab.net\/de\/impressum\/","url":"https:\/\/info.learnlab.net\/de\/impressum\/","name":"Impressum - Learnlab DE","isPartOf":{"@id":"https:\/\/info.learnlab.net\/de\/#website"},"datePublished":"2025-04-03T12:52:19+00:00","dateModified":"2025-04-04T07:28:53+00:00","breadcrumb":{"@id":"https:\/\/info.learnlab.net\/de\/impressum\/#breadcrumb"},"inLanguage":"en-US","potentialAction":[{"@type":"ReadAction","target":["https:\/\/info.learnlab.net\/de\/impressum\/"]}]},{"@type":"BreadcrumbList","@id":"https:\/\/info.learnlab.net\/de\/impressum\/#breadcrumb","itemListElement":[{"@type":"ListItem","position":1,"name":"Home","item":"https:\/\/info.learnlab.net\/de\/"},{"@type":"ListItem","position":2,"name":"Impressum"}]},{"@type":"WebSite","@id":"https:\/\/info.learnlab.net\/de\/#website","url":"https:\/\/info.learnlab.net\/de\/","name":"Learnlab DE","description":"Digital Werkzeuge f\u00fcr Lehrpersonen, Sch\u00fcler &amp; Sch\u00fclerinnen","publisher":{"@id":"https:\/\/info.learnlab.net\/de\/#organization"},"potentialAction":[{"@type":"SearchAction","target":{"@type":"EntryPoint","urlTemplate":"https:\/\/info.learnlab.net\/de\/?s={search_term_string}"},"query-input":{"@type":"PropertyValueSpecification","valueRequired":true,"valueName":"search_term_string"}}],"inLanguage":"en-US"},{"@type":"Organization","@id":"https:\/\/info.learnlab.net\/de\/#organization","name":"Learnlab DE","url":"https:\/\/info.learnlab.net\/de\/","logo":{"@type":"ImageObject","inLanguage":"en-US","@id":"https:\/\/info.learnlab.net\/de\/#\/schema\/logo\/image\/","url":"https:\/\/info.learnlab.net\/de\/wp-content\/uploads\/sites\/5\/2024\/07\/learnlab-logo.svg","contentUrl":"https:\/\/info.learnlab.net\/de\/wp-content\/uploads\/sites\/5\/2024\/07\/learnlab-logo.svg","caption":"Learnlab DE"},"image":{"@id":"https:\/\/info.learnlab.net\/de\/#\/schema\/logo\/image\/"}}]}},"_links":{"self":[{"href":"https:\/\/info.learnlab.net\/de\/wp-json\/wp\/v2\/pages\/986","targetHints":{"allow":["GET"]}}],"collection":[{"href":"https:\/\/info.learnlab.net\/de\/wp-json\/wp\/v2\/pages"}],"about":[{"href":"https:\/\/info.learnlab.net\/de\/wp-json\/wp\/v2\/types\/page"}],"author":[{"embeddable":true,"href":"https:\/\/info.learnlab.net\/de\/wp-json\/wp\/v2\/users\/13"}],"replies":[{"embeddable":true,"href":"https:\/\/info.learnlab.net\/de\/wp-json\/wp\/v2\/comments?post=986"}],"version-history":[{"count":9,"href":"https:\/\/info.learnlab.net\/de\/wp-json\/wp\/v2\/pages\/986\/revisions"}],"predecessor-version":[{"id":999,"href":"https:\/\/info.learnlab.net\/de\/wp-json\/wp\/v2\/pages\/986\/revisions\/999"}],"wp:attachment":[{"href":"https:\/\/info.learnlab.net\/de\/wp-json\/wp\/v2\/media?parent=986"}],"curies":[{"name":"wp","href":"https:\/\/api.w.org\/{rel}","templated":true}]}}