{"id":409,"date":"2024-08-06T06:57:39","date_gmt":"2024-08-06T06:57:39","guid":{"rendered":"https:\/\/info.learnlab.net\/de\/?page_id=409"},"modified":"2024-11-22T11:56:39","modified_gmt":"2024-11-22T11:56:39","slug":"leading-educational-change-in-the-era-of-ai","status":"publish","type":"page","link":"https:\/\/info.learnlab.net\/de\/leading-educational-change-in-the-era-of-ai\/","title":{"rendered":"Bildungswandel umsetzen in der Zeit von KI"},"content":{"rendered":"<p>Das Buch &#8220;<em>Bildungswandel umsetzen im Zeitalter der KI<\/em>&#8221; (im Original: &#8220;<em>Leading Educational Change in Times of AI<\/em>&#8220;) gibt einige Antworten auf diese Frage. Sie k\u00f6nnen herausfinden, wie Sie Ihre Institution durch einen transformativen Wandel f\u00fchren und dabei sicherstellen, dass die P\u00e4dagogik an erster Stelle steht, w\u00e4hrend KI als Verb\u00fcndeter dient.<\/p>\n<p>Das Buch bietet einen umfassenden Fahrplan, der theoretische Erkenntnisse mit praktischen Strategien verbindet, um lernende Organisationen zu f\u00f6rdern, die zukunftsf\u00e4hig sind und gleichzeitig ihren Kernwerten treu bleiben. Es ist ratsam, den theoretischen Hintergrund und die entsprechenden Abschnitte zu lesen, bevor Sie mit einer der folgenden Sitzungen beginnen. Dar\u00fcber hinaus finden Sie Ressourcen, die Ihnen helfen, wichtige Aktivit\u00e4ten im Ver\u00e4nderungsprozess zu erleichtern, und die so konzipiert sind, dass sie sofort eingesetzt werden k\u00f6nnen.<\/p>\n","protected":false},"excerpt":{"rendered":"<p>Das Buch &#8220;Bildungswandel umsetzen im Zeitalter der KI&#8221; (im Original: &#8220;Leading Educational Change in Times of AI&#8220;) gibt einige Antworten auf diese Frage. Sie k\u00f6nnen herausfinden, wie Sie Ihre Institution durch einen transformativen Wandel f\u00fchren und dabei sicherstellen, dass die P\u00e4dagogik an erster Stelle steht, w\u00e4hrend KI als Verb\u00fcndeter dient. Das Buch bietet einen umfassenden [&hellip;]<\/p>\n","protected":false},"author":1,"featured_media":644,"parent":0,"menu_order":0,"comment_status":"closed","ping_status":"closed","template":"","meta":{"_acf_changed":false,"footnotes":""},"class_list":["post-409","page","type-page","status-publish","has-post-thumbnail","hentry"],"acf":[],"yoast_head":"<!-- This site is optimized with the Yoast SEO plugin v24.9 - https:\/\/yoast.com\/wordpress\/plugins\/seo\/ -->\n<title>Bildungswandel umsetzen in der Zeit von KI - Learnlab DE<\/title>\n<meta name=\"robots\" content=\"index, follow, max-snippet:-1, max-image-preview:large, max-video-preview:-1\" \/>\n<link rel=\"canonical\" href=\"https:\/\/info.learnlab.net\/de\/leading-educational-change-in-the-era-of-ai\/\" \/>\n<meta property=\"og:locale\" content=\"en_US\" \/>\n<meta property=\"og:type\" content=\"article\" \/>\n<meta property=\"og:title\" content=\"Bildungswandel umsetzen in der Zeit von KI - Learnlab DE\" \/>\n<meta property=\"og:description\" content=\"Das Buch &#8220;Bildungswandel umsetzen im Zeitalter der KI&#8221; (im Original: &#8220;Leading Educational Change in Times of AI&#8220;) gibt einige Antworten auf diese Frage. Sie k\u00f6nnen herausfinden, wie Sie Ihre Institution durch einen transformativen Wandel f\u00fchren und dabei sicherstellen, dass die P\u00e4dagogik an erster Stelle steht, w\u00e4hrend KI als Verb\u00fcndeter dient. Das Buch bietet einen umfassenden [&hellip;]\" \/>\n<meta property=\"og:url\" content=\"https:\/\/info.learnlab.net\/de\/leading-educational-change-in-the-era-of-ai\/\" \/>\n<meta property=\"og:site_name\" content=\"Learnlab DE\" \/>\n<meta property=\"article:modified_time\" content=\"2024-11-22T11:56:39+00:00\" \/>\n<meta property=\"og:image\" content=\"https:\/\/info.learnlab.net\/de\/wp-content\/uploads\/sites\/5\/2024\/09\/Leading-Educational-Change_omslag.png\" \/>\n\t<meta property=\"og:image:width\" content=\"654\" \/>\n\t<meta property=\"og:image:height\" content=\"807\" \/>\n\t<meta property=\"og:image:type\" content=\"image\/png\" \/>\n<meta name=\"twitter:card\" content=\"summary_large_image\" \/>\n<meta name=\"twitter:label1\" content=\"Est. reading time\" \/>\n\t<meta name=\"twitter:data1\" content=\"1 minute\" \/>\n<script type=\"application\/ld+json\" class=\"yoast-schema-graph\">{\"@context\":\"https:\/\/schema.org\",\"@graph\":[{\"@type\":\"WebPage\",\"@id\":\"https:\/\/info.learnlab.net\/de\/leading-educational-change-in-the-era-of-ai\/\",\"url\":\"https:\/\/info.learnlab.net\/de\/leading-educational-change-in-the-era-of-ai\/\",\"name\":\"Bildungswandel umsetzen in der Zeit von KI - Learnlab DE\",\"isPartOf\":{\"@id\":\"https:\/\/info.learnlab.net\/de\/#website\"},\"primaryImageOfPage\":{\"@id\":\"https:\/\/info.learnlab.net\/de\/leading-educational-change-in-the-era-of-ai\/#primaryimage\"},\"image\":{\"@id\":\"https:\/\/info.learnlab.net\/de\/leading-educational-change-in-the-era-of-ai\/#primaryimage\"},\"thumbnailUrl\":\"https:\/\/info.learnlab.net\/de\/wp-content\/uploads\/sites\/5\/2024\/09\/Leading-Educational-Change_omslag.png\",\"datePublished\":\"2024-08-06T06:57:39+00:00\",\"dateModified\":\"2024-11-22T11:56:39+00:00\",\"breadcrumb\":{\"@id\":\"https:\/\/info.learnlab.net\/de\/leading-educational-change-in-the-era-of-ai\/#breadcrumb\"},\"inLanguage\":\"en-US\",\"potentialAction\":[{\"@type\":\"ReadAction\",\"target\":[\"https:\/\/info.learnlab.net\/de\/leading-educational-change-in-the-era-of-ai\/\"]}]},{\"@type\":\"ImageObject\",\"inLanguage\":\"en-US\",\"@id\":\"https:\/\/info.learnlab.net\/de\/leading-educational-change-in-the-era-of-ai\/#primaryimage\",\"url\":\"https:\/\/info.learnlab.net\/de\/wp-content\/uploads\/sites\/5\/2024\/09\/Leading-Educational-Change_omslag.png\",\"contentUrl\":\"https:\/\/info.learnlab.net\/de\/wp-content\/uploads\/sites\/5\/2024\/09\/Leading-Educational-Change_omslag.png\",\"width\":654,\"height\":807},{\"@type\":\"BreadcrumbList\",\"@id\":\"https:\/\/info.learnlab.net\/de\/leading-educational-change-in-the-era-of-ai\/#breadcrumb\",\"itemListElement\":[{\"@type\":\"ListItem\",\"position\":1,\"name\":\"Home\",\"item\":\"https:\/\/info.learnlab.net\/de\/\"},{\"@type\":\"ListItem\",\"position\":2,\"name\":\"Bildungswandel umsetzen in der Zeit von KI\"}]},{\"@type\":\"WebSite\",\"@id\":\"https:\/\/info.learnlab.net\/de\/#website\",\"url\":\"https:\/\/info.learnlab.net\/de\/\",\"name\":\"Learnlab DE\",\"description\":\"Digital Werkzeuge f\u00fcr Lehrpersonen, Sch\u00fcler &amp; Sch\u00fclerinnen\",\"publisher\":{\"@id\":\"https:\/\/info.learnlab.net\/de\/#organization\"},\"potentialAction\":[{\"@type\":\"SearchAction\",\"target\":{\"@type\":\"EntryPoint\",\"urlTemplate\":\"https:\/\/info.learnlab.net\/de\/?s={search_term_string}\"},\"query-input\":{\"@type\":\"PropertyValueSpecification\",\"valueRequired\":true,\"valueName\":\"search_term_string\"}}],\"inLanguage\":\"en-US\"},{\"@type\":\"Organization\",\"@id\":\"https:\/\/info.learnlab.net\/de\/#organization\",\"name\":\"Learnlab DE\",\"url\":\"https:\/\/info.learnlab.net\/de\/\",\"logo\":{\"@type\":\"ImageObject\",\"inLanguage\":\"en-US\",\"@id\":\"https:\/\/info.learnlab.net\/de\/#\/schema\/logo\/image\/\",\"url\":\"https:\/\/info.learnlab.net\/de\/wp-content\/uploads\/sites\/5\/2024\/07\/learnlab-logo.svg\",\"contentUrl\":\"https:\/\/info.learnlab.net\/de\/wp-content\/uploads\/sites\/5\/2024\/07\/learnlab-logo.svg\",\"caption\":\"Learnlab DE\"},\"image\":{\"@id\":\"https:\/\/info.learnlab.net\/de\/#\/schema\/logo\/image\/\"}}]}<\/script>\n<!-- \/ Yoast SEO plugin. -->","yoast_head_json":{"title":"Bildungswandel umsetzen in der Zeit von KI - Learnlab DE","robots":{"index":"index","follow":"follow","max-snippet":"max-snippet:-1","max-image-preview":"max-image-preview:large","max-video-preview":"max-video-preview:-1"},"canonical":"https:\/\/info.learnlab.net\/de\/leading-educational-change-in-the-era-of-ai\/","og_locale":"en_US","og_type":"article","og_title":"Bildungswandel umsetzen in der Zeit von KI - Learnlab DE","og_description":"Das Buch &#8220;Bildungswandel umsetzen im Zeitalter der KI&#8221; (im Original: &#8220;Leading Educational Change in Times of AI&#8220;) gibt einige Antworten auf diese Frage. Sie k\u00f6nnen herausfinden, wie Sie Ihre Institution durch einen transformativen Wandel f\u00fchren und dabei sicherstellen, dass die P\u00e4dagogik an erster Stelle steht, w\u00e4hrend KI als Verb\u00fcndeter dient. Das Buch bietet einen umfassenden [&hellip;]","og_url":"https:\/\/info.learnlab.net\/de\/leading-educational-change-in-the-era-of-ai\/","og_site_name":"Learnlab DE","article_modified_time":"2024-11-22T11:56:39+00:00","og_image":[{"width":654,"height":807,"url":"https:\/\/info.learnlab.net\/de\/wp-content\/uploads\/sites\/5\/2024\/09\/Leading-Educational-Change_omslag.png","type":"image\/png"}],"twitter_card":"summary_large_image","twitter_misc":{"Est. reading time":"1 minute"},"schema":{"@context":"https:\/\/schema.org","@graph":[{"@type":"WebPage","@id":"https:\/\/info.learnlab.net\/de\/leading-educational-change-in-the-era-of-ai\/","url":"https:\/\/info.learnlab.net\/de\/leading-educational-change-in-the-era-of-ai\/","name":"Bildungswandel umsetzen in der Zeit von KI - Learnlab DE","isPartOf":{"@id":"https:\/\/info.learnlab.net\/de\/#website"},"primaryImageOfPage":{"@id":"https:\/\/info.learnlab.net\/de\/leading-educational-change-in-the-era-of-ai\/#primaryimage"},"image":{"@id":"https:\/\/info.learnlab.net\/de\/leading-educational-change-in-the-era-of-ai\/#primaryimage"},"thumbnailUrl":"https:\/\/info.learnlab.net\/de\/wp-content\/uploads\/sites\/5\/2024\/09\/Leading-Educational-Change_omslag.png","datePublished":"2024-08-06T06:57:39+00:00","dateModified":"2024-11-22T11:56:39+00:00","breadcrumb":{"@id":"https:\/\/info.learnlab.net\/de\/leading-educational-change-in-the-era-of-ai\/#breadcrumb"},"inLanguage":"en-US","potentialAction":[{"@type":"ReadAction","target":["https:\/\/info.learnlab.net\/de\/leading-educational-change-in-the-era-of-ai\/"]}]},{"@type":"ImageObject","inLanguage":"en-US","@id":"https:\/\/info.learnlab.net\/de\/leading-educational-change-in-the-era-of-ai\/#primaryimage","url":"https:\/\/info.learnlab.net\/de\/wp-content\/uploads\/sites\/5\/2024\/09\/Leading-Educational-Change_omslag.png","contentUrl":"https:\/\/info.learnlab.net\/de\/wp-content\/uploads\/sites\/5\/2024\/09\/Leading-Educational-Change_omslag.png","width":654,"height":807},{"@type":"BreadcrumbList","@id":"https:\/\/info.learnlab.net\/de\/leading-educational-change-in-the-era-of-ai\/#breadcrumb","itemListElement":[{"@type":"ListItem","position":1,"name":"Home","item":"https:\/\/info.learnlab.net\/de\/"},{"@type":"ListItem","position":2,"name":"Bildungswandel umsetzen in der Zeit von KI"}]},{"@type":"WebSite","@id":"https:\/\/info.learnlab.net\/de\/#website","url":"https:\/\/info.learnlab.net\/de\/","name":"Learnlab DE","description":"Digital Werkzeuge f\u00fcr Lehrpersonen, Sch\u00fcler &amp; Sch\u00fclerinnen","publisher":{"@id":"https:\/\/info.learnlab.net\/de\/#organization"},"potentialAction":[{"@type":"SearchAction","target":{"@type":"EntryPoint","urlTemplate":"https:\/\/info.learnlab.net\/de\/?s={search_term_string}"},"query-input":{"@type":"PropertyValueSpecification","valueRequired":true,"valueName":"search_term_string"}}],"inLanguage":"en-US"},{"@type":"Organization","@id":"https:\/\/info.learnlab.net\/de\/#organization","name":"Learnlab DE","url":"https:\/\/info.learnlab.net\/de\/","logo":{"@type":"ImageObject","inLanguage":"en-US","@id":"https:\/\/info.learnlab.net\/de\/#\/schema\/logo\/image\/","url":"https:\/\/info.learnlab.net\/de\/wp-content\/uploads\/sites\/5\/2024\/07\/learnlab-logo.svg","contentUrl":"https:\/\/info.learnlab.net\/de\/wp-content\/uploads\/sites\/5\/2024\/07\/learnlab-logo.svg","caption":"Learnlab DE"},"image":{"@id":"https:\/\/info.learnlab.net\/de\/#\/schema\/logo\/image\/"}}]}},"_links":{"self":[{"href":"https:\/\/info.learnlab.net\/de\/wp-json\/wp\/v2\/pages\/409","targetHints":{"allow":["GET"]}}],"collection":[{"href":"https:\/\/info.learnlab.net\/de\/wp-json\/wp\/v2\/pages"}],"about":[{"href":"https:\/\/info.learnlab.net\/de\/wp-json\/wp\/v2\/types\/page"}],"author":[{"embeddable":true,"href":"https:\/\/info.learnlab.net\/de\/wp-json\/wp\/v2\/users\/1"}],"replies":[{"embeddable":true,"href":"https:\/\/info.learnlab.net\/de\/wp-json\/wp\/v2\/comments?post=409"}],"version-history":[{"count":11,"href":"https:\/\/info.learnlab.net\/de\/wp-json\/wp\/v2\/pages\/409\/revisions"}],"predecessor-version":[{"id":809,"href":"https:\/\/info.learnlab.net\/de\/wp-json\/wp\/v2\/pages\/409\/revisions\/809"}],"wp:featuredmedia":[{"embeddable":true,"href":"https:\/\/info.learnlab.net\/de\/wp-json\/wp\/v2\/media\/644"}],"wp:attachment":[{"href":"https:\/\/info.learnlab.net\/de\/wp-json\/wp\/v2\/media?parent=409"}],"curies":[{"name":"wp","href":"https:\/\/api.w.org\/{rel}","templated":true}]}}