{"id":27,"date":"2024-07-09T12:51:07","date_gmt":"2024-07-09T12:51:07","guid":{"rendered":"https:\/\/info.learnlab.net\/de\/?page_id=27"},"modified":"2024-09-28T15:34:29","modified_gmt":"2024-09-28T15:34:29","slug":"inclusion-accessibility-policy","status":"publish","type":"page","link":"https:\/\/info.learnlab.net\/de\/inclusion-accessibility-policy\/","title":{"rendered":"Inklusion und Barrierefreiheit"},"content":{"rendered":"<p>Diese Richtlinie stellt die Ansichten dar, die LearnLab AS (im Folgenden als &#8220;wir&#8221; bezeichnet) in Bezug auf Vielfalt, Barrierefreiheit, Inklusion und Gleichberechtigung in Bezug auf die Nutzung und das Lernen \u00fcber unsere Bildungsplattform vertritt.<\/p>\n<p><strong>Ziele der Richtlinie<\/strong><\/p>\n<p>Dieser Text beschreibt die Ziele von LearnLab in Bezug auf Barrierefreiheit, ohne rechtlich bindend zu sein. Dieses Dokument stellt keine technische oder funktionale Spezifikation f\u00fcr irgendeinen Teil des LearnLab-Produkts dar.<\/p>\n<p><strong>Grunds\u00e4tze zu Vielfalt und Inklusion<\/strong><\/p>\n<p>Wir glauben,<\/p>\n<ul>\n<li>dass tiefgreifendes Lernen und Wohlbefinden jeden einschlie\u00dfen sollte,<\/li>\n<li>dass wir die Messlatte h\u00f6her legen und die L\u00fccke in der Bildung schlie\u00dfen sollten,<\/li>\n<li>dass Vielfalt ein Vorteil ist, der es uns erm\u00f6glicht, voneinander zu lernen, und daher positiv gef\u00f6rdert werden sollte.<\/li>\n<\/ul>\n<p>Wir diskriminieren nicht und schlie\u00dfen niemanden aufgrund individueller Merkmale oder Umst\u00e4nde aus, einschlie\u00dflich, aber nicht beschr\u00e4nkt auf, Alter, Behinderung, Geschlecht, Geschlechtsidentit\u00e4t, sexuelle Orientierung, Familienstand, politische Meinung, Schwangerschaft\/Mutterschaft\/Vaterschaft, Ethnie, Hautfarbe, Kaste, Nationalit\u00e4t, ethnische oder nationale Herkunft, Religion oder Weltanschauung, sozio\u00f6konomischer Hintergrund, Gewerkschaftszugeh\u00f6rigkeit oder Bildungsniveau &#8211; in \u00dcbereinstimmung mit, aber nicht beschr\u00e4nkt auf, den Geltungsbereich des Gesetzes.<\/p>\n<p><strong>Ziele der Barrierefreiheit<\/strong><\/p>\n<p>Wir streben die Einhaltung der Zug\u00e4nglichkeitsrichtlinien f\u00fcr Web-Inhalte (WCAG) Version 2.0 (http:\/\/www.w3.org\/TR\/WCAG20\/) mit einem Konformit\u00e4tsgrad von AA an. Wir m\u00f6chten die besten Praktiken der LearnLab-Gemeinschaft im Bereich der Barrierefreiheit \u00fcber unsere redaktionellen und sozialen Kan\u00e4le bekannt machen.<\/p>\n","protected":false},"excerpt":{"rendered":"<p>Diese Richtlinie stellt die Ansichten dar, die LearnLab AS (im Folgenden als &#8220;wir&#8221; bezeichnet) in Bezug auf Vielfalt, Barrierefreiheit, Inklusion und Gleichberechtigung in Bezug auf die Nutzung und das Lernen \u00fcber unsere Bildungsplattform vertritt. Ziele der Richtlinie Dieser Text beschreibt die Ziele von LearnLab in Bezug auf Barrierefreiheit, ohne rechtlich bindend zu sein. Dieses Dokument [&hellip;]<\/p>\n","protected":false},"author":1,"featured_media":0,"parent":0,"menu_order":0,"comment_status":"closed","ping_status":"closed","template":"page-templates\/text.php","meta":{"_acf_changed":false,"footnotes":""},"class_list":["post-27","page","type-page","status-publish","hentry"],"acf":[],"yoast_head":"<!-- This site is optimized with the Yoast SEO plugin v24.9 - https:\/\/yoast.com\/wordpress\/plugins\/seo\/ -->\n<title>Inklusion und Barrierefreiheit - Learnlab DE<\/title>\n<meta name=\"robots\" content=\"index, follow, max-snippet:-1, max-image-preview:large, max-video-preview:-1\" \/>\n<link rel=\"canonical\" href=\"https:\/\/info.learnlab.net\/de\/inclusion-accessibility-policy\/\" \/>\n<meta property=\"og:locale\" content=\"en_US\" \/>\n<meta property=\"og:type\" content=\"article\" \/>\n<meta property=\"og:title\" content=\"Inklusion und Barrierefreiheit - Learnlab DE\" \/>\n<meta property=\"og:description\" content=\"Diese Richtlinie stellt die Ansichten dar, die LearnLab AS (im Folgenden als &#8220;wir&#8221; bezeichnet) in Bezug auf Vielfalt, Barrierefreiheit, Inklusion und Gleichberechtigung in Bezug auf die Nutzung und das Lernen \u00fcber unsere Bildungsplattform vertritt. Ziele der Richtlinie Dieser Text beschreibt die Ziele von LearnLab in Bezug auf Barrierefreiheit, ohne rechtlich bindend zu sein. Dieses Dokument [&hellip;]\" \/>\n<meta property=\"og:url\" content=\"https:\/\/info.learnlab.net\/de\/inclusion-accessibility-policy\/\" \/>\n<meta property=\"og:site_name\" content=\"Learnlab DE\" \/>\n<meta property=\"article:modified_time\" content=\"2024-09-28T15:34:29+00:00\" \/>\n<meta name=\"twitter:card\" content=\"summary_large_image\" \/>\n<meta name=\"twitter:label1\" content=\"Est. reading time\" \/>\n\t<meta name=\"twitter:data1\" content=\"1 minute\" \/>\n<script type=\"application\/ld+json\" class=\"yoast-schema-graph\">{\"@context\":\"https:\/\/schema.org\",\"@graph\":[{\"@type\":\"WebPage\",\"@id\":\"https:\/\/info.learnlab.net\/de\/inclusion-accessibility-policy\/\",\"url\":\"https:\/\/info.learnlab.net\/de\/inclusion-accessibility-policy\/\",\"name\":\"Inklusion und Barrierefreiheit - Learnlab DE\",\"isPartOf\":{\"@id\":\"https:\/\/info.learnlab.net\/de\/#website\"},\"datePublished\":\"2024-07-09T12:51:07+00:00\",\"dateModified\":\"2024-09-28T15:34:29+00:00\",\"breadcrumb\":{\"@id\":\"https:\/\/info.learnlab.net\/de\/inclusion-accessibility-policy\/#breadcrumb\"},\"inLanguage\":\"en-US\",\"potentialAction\":[{\"@type\":\"ReadAction\",\"target\":[\"https:\/\/info.learnlab.net\/de\/inclusion-accessibility-policy\/\"]}]},{\"@type\":\"BreadcrumbList\",\"@id\":\"https:\/\/info.learnlab.net\/de\/inclusion-accessibility-policy\/#breadcrumb\",\"itemListElement\":[{\"@type\":\"ListItem\",\"position\":1,\"name\":\"Home\",\"item\":\"https:\/\/info.learnlab.net\/de\/\"},{\"@type\":\"ListItem\",\"position\":2,\"name\":\"Inklusion und Barrierefreiheit\"}]},{\"@type\":\"WebSite\",\"@id\":\"https:\/\/info.learnlab.net\/de\/#website\",\"url\":\"https:\/\/info.learnlab.net\/de\/\",\"name\":\"Learnlab DE\",\"description\":\"Digital Werkzeuge f\u00fcr Lehrpersonen, Sch\u00fcler &amp; Sch\u00fclerinnen\",\"publisher\":{\"@id\":\"https:\/\/info.learnlab.net\/de\/#organization\"},\"potentialAction\":[{\"@type\":\"SearchAction\",\"target\":{\"@type\":\"EntryPoint\",\"urlTemplate\":\"https:\/\/info.learnlab.net\/de\/?s={search_term_string}\"},\"query-input\":{\"@type\":\"PropertyValueSpecification\",\"valueRequired\":true,\"valueName\":\"search_term_string\"}}],\"inLanguage\":\"en-US\"},{\"@type\":\"Organization\",\"@id\":\"https:\/\/info.learnlab.net\/de\/#organization\",\"name\":\"Learnlab DE\",\"url\":\"https:\/\/info.learnlab.net\/de\/\",\"logo\":{\"@type\":\"ImageObject\",\"inLanguage\":\"en-US\",\"@id\":\"https:\/\/info.learnlab.net\/de\/#\/schema\/logo\/image\/\",\"url\":\"https:\/\/info.learnlab.net\/de\/wp-content\/uploads\/sites\/5\/2024\/07\/learnlab-logo.svg\",\"contentUrl\":\"https:\/\/info.learnlab.net\/de\/wp-content\/uploads\/sites\/5\/2024\/07\/learnlab-logo.svg\",\"caption\":\"Learnlab DE\"},\"image\":{\"@id\":\"https:\/\/info.learnlab.net\/de\/#\/schema\/logo\/image\/\"}}]}<\/script>\n<!-- \/ Yoast SEO plugin. -->","yoast_head_json":{"title":"Inklusion und Barrierefreiheit - Learnlab DE","robots":{"index":"index","follow":"follow","max-snippet":"max-snippet:-1","max-image-preview":"max-image-preview:large","max-video-preview":"max-video-preview:-1"},"canonical":"https:\/\/info.learnlab.net\/de\/inclusion-accessibility-policy\/","og_locale":"en_US","og_type":"article","og_title":"Inklusion und Barrierefreiheit - Learnlab DE","og_description":"Diese Richtlinie stellt die Ansichten dar, die LearnLab AS (im Folgenden als &#8220;wir&#8221; bezeichnet) in Bezug auf Vielfalt, Barrierefreiheit, Inklusion und Gleichberechtigung in Bezug auf die Nutzung und das Lernen \u00fcber unsere Bildungsplattform vertritt. Ziele der Richtlinie Dieser Text beschreibt die Ziele von LearnLab in Bezug auf Barrierefreiheit, ohne rechtlich bindend zu sein. Dieses Dokument [&hellip;]","og_url":"https:\/\/info.learnlab.net\/de\/inclusion-accessibility-policy\/","og_site_name":"Learnlab DE","article_modified_time":"2024-09-28T15:34:29+00:00","twitter_card":"summary_large_image","twitter_misc":{"Est. reading time":"1 minute"},"schema":{"@context":"https:\/\/schema.org","@graph":[{"@type":"WebPage","@id":"https:\/\/info.learnlab.net\/de\/inclusion-accessibility-policy\/","url":"https:\/\/info.learnlab.net\/de\/inclusion-accessibility-policy\/","name":"Inklusion und Barrierefreiheit - Learnlab DE","isPartOf":{"@id":"https:\/\/info.learnlab.net\/de\/#website"},"datePublished":"2024-07-09T12:51:07+00:00","dateModified":"2024-09-28T15:34:29+00:00","breadcrumb":{"@id":"https:\/\/info.learnlab.net\/de\/inclusion-accessibility-policy\/#breadcrumb"},"inLanguage":"en-US","potentialAction":[{"@type":"ReadAction","target":["https:\/\/info.learnlab.net\/de\/inclusion-accessibility-policy\/"]}]},{"@type":"BreadcrumbList","@id":"https:\/\/info.learnlab.net\/de\/inclusion-accessibility-policy\/#breadcrumb","itemListElement":[{"@type":"ListItem","position":1,"name":"Home","item":"https:\/\/info.learnlab.net\/de\/"},{"@type":"ListItem","position":2,"name":"Inklusion und Barrierefreiheit"}]},{"@type":"WebSite","@id":"https:\/\/info.learnlab.net\/de\/#website","url":"https:\/\/info.learnlab.net\/de\/","name":"Learnlab DE","description":"Digital Werkzeuge f\u00fcr Lehrpersonen, Sch\u00fcler &amp; Sch\u00fclerinnen","publisher":{"@id":"https:\/\/info.learnlab.net\/de\/#organization"},"potentialAction":[{"@type":"SearchAction","target":{"@type":"EntryPoint","urlTemplate":"https:\/\/info.learnlab.net\/de\/?s={search_term_string}"},"query-input":{"@type":"PropertyValueSpecification","valueRequired":true,"valueName":"search_term_string"}}],"inLanguage":"en-US"},{"@type":"Organization","@id":"https:\/\/info.learnlab.net\/de\/#organization","name":"Learnlab DE","url":"https:\/\/info.learnlab.net\/de\/","logo":{"@type":"ImageObject","inLanguage":"en-US","@id":"https:\/\/info.learnlab.net\/de\/#\/schema\/logo\/image\/","url":"https:\/\/info.learnlab.net\/de\/wp-content\/uploads\/sites\/5\/2024\/07\/learnlab-logo.svg","contentUrl":"https:\/\/info.learnlab.net\/de\/wp-content\/uploads\/sites\/5\/2024\/07\/learnlab-logo.svg","caption":"Learnlab DE"},"image":{"@id":"https:\/\/info.learnlab.net\/de\/#\/schema\/logo\/image\/"}}]}},"_links":{"self":[{"href":"https:\/\/info.learnlab.net\/de\/wp-json\/wp\/v2\/pages\/27","targetHints":{"allow":["GET"]}}],"collection":[{"href":"https:\/\/info.learnlab.net\/de\/wp-json\/wp\/v2\/pages"}],"about":[{"href":"https:\/\/info.learnlab.net\/de\/wp-json\/wp\/v2\/types\/page"}],"author":[{"embeddable":true,"href":"https:\/\/info.learnlab.net\/de\/wp-json\/wp\/v2\/users\/1"}],"replies":[{"embeddable":true,"href":"https:\/\/info.learnlab.net\/de\/wp-json\/wp\/v2\/comments?post=27"}],"version-history":[{"count":5,"href":"https:\/\/info.learnlab.net\/de\/wp-json\/wp\/v2\/pages\/27\/revisions"}],"predecessor-version":[{"id":693,"href":"https:\/\/info.learnlab.net\/de\/wp-json\/wp\/v2\/pages\/27\/revisions\/693"}],"wp:attachment":[{"href":"https:\/\/info.learnlab.net\/de\/wp-json\/wp\/v2\/media?parent=27"}],"curies":[{"name":"wp","href":"https:\/\/api.w.org\/{rel}","templated":true}]}}