{"id":25,"date":"2024-07-09T12:50:11","date_gmt":"2024-07-09T12:50:11","guid":{"rendered":"https:\/\/info.learnlab.net\/de\/?page_id=25"},"modified":"2024-09-21T14:47:10","modified_gmt":"2024-09-21T14:47:10","slug":"terms-conditions","status":"publish","type":"page","link":"https:\/\/info.learnlab.net\/de\/terms-conditions\/","title":{"rendered":"Allgemeine Gesch\u00e4ftsbedingungen"},"content":{"rendered":"<section class=\"section section-terms\">\n<div class=\"container editor\">\n<h2>ALLGEMEINE GESCH\u00c4FTSBEDINGUNGEN F\u00dcR LIZENZNEHMER<\/h2>\n<p>Zuletzt aktualisiert: 02\/11\/22.<\/p>\n<p>Die Datenspeicherung f\u00fcr Lizenznehmer erfolgt in \u00dcbereinstimmung mit der <b>Datenschutz-Grundverordnung <\/b>(DSGVO) (Englisch: General Data Protection Regulation (GDPR)) in der EU und dem Europ\u00e4ischen Wirtschaftsraum (EWR). Die Allgemeinen Gesch\u00e4ftsbedingungen f\u00fcr Lizenznehmer werden in einer separaten und unterzeichneten Vereinbarung zwischen Learnlab und dem Kunden geregelt. Alle lizenzierten Nutzer sind verpflichtet, ein DBA zu unterzeichnen, das den Gesetzen des jeweiligen Landes entspricht. Kontaktieren Sie den Vertrieb f\u00fcr weitere Informationen. Die Highlights dieser Vereinbarung sind im Folgenden kurz beschrieben. F\u00fcr Lizenznehmer wird ein separater Vertrag zwischen Learnlab und dem Kunden geschlossen. Die wichtigsten Punkte dieser Vereinbarung werden im Folgenden kurz beschrieben. F\u00fcr Lizenznehmer bietet Learnlab eine 100% DSGVO-konforme L\u00f6sung mit Datenspeicherung in der EU und starkem Datenschutz. Alle pers\u00f6nlichen Informationen sind nur \u00fcber eine Zwei-Faktor-Authentifizierung f\u00fcr deutsche Nutzer verf\u00fcgbar und zus\u00e4tzlich zum besten technischen Datenschutz, den der Markt bieten kann. Wir verschl\u00fcsseln auch alle pers\u00f6nlichen Informationen auf unseren Servern.<\/p>\n<p>Learnlab verwendet die Verschl\u00fcsselung von Daten im Ruhezustand, was bedeutet, dass alle gespeicherten Daten verschl\u00fcsselt sein m\u00fcssen. Technisch gesehen werden bei einer Datenbankinstanz, die mit RDS-Verschl\u00fcsselung l\u00e4uft, die im zugrunde liegenden Speicher gespeicherten Daten im Ruhezustand verschl\u00fcsselt, ebenso wie die automatischen Backups, Read Replicas und Snapshots. Bei der RDS-Verschl\u00fcsselung wird der branchen\u00fcbliche Verschl\u00fcsselungsalgorithmus AES-256 verwendet, um Daten auf dem Server zu verschl\u00fcsseln, der eine RDS-Instanz hostet.<\/p>\n<p>Verschl\u00fcsselung von Daten bei der \u00dcbertragung bedeutet, dass die gesamte Kommunikation zwischen den Learnlab-Ressourcen mit SSL\/TLS verschl\u00fcsselt wird. RDS erstellt ein SSL-Zertifikat und installiert das Zertifikat auf der DB-Instanz, wenn die Instanz bereitgestellt wird. Daher sind alle Learnlab-RDS-Instanzen, einschlie\u00dflich derjenigen, die personenbezogene Daten speichert, f\u00fcr die Verwendung von SLL\/TLS-Kommunikation konfiguriert.<\/p>\n<p>Learnlab hat die folgenden technischen und organisatorischen Ma\u00dfnahmen ergriffen, um den Schutz und die Sicherheit personenbezogener Daten zu gew\u00e4hrleisten:<\/p>\n<ol>\n<li>Pers\u00f6nliche Daten in Learnlab-Anwendungen sind nur f\u00fcr Super-Admin-Benutzer (Learnlab-Mitarbeiter) zug\u00e4nglich, und diese verf\u00fcgen \u00fcber eine obligatorische Zwei-Faktor-Authentifizierung bei ihrem Login<\/li>\n<li>Pers\u00f6nliche Daten werden auf einer speziellen RDS-Instanz (Learnlab SSO Database) mit aktivierter Datenverschl\u00fcsselung gespeichert. Wenn andere SSO verwendet werden (bspw. FEIDE in Norwegen oder Unilogin in D\u00e4nemark), wird f\u00fcr diese Gruppe kein Passwort gespeichert.<\/li>\n<li>Learnlab SSO Database kann nur \u00fcber SSL\/TLS kommuniziert werden.<\/li>\n<li>Die Learnlab SSO-Datenbank ist Teil der Learnlab-Organisationseinheit, und Benutzer aus anderen Organisationseinheiten k\u00f6nnen nicht auf sie zugreifen.<\/li>\n<li>Die Mitglieder der Learnlab-Organisationseinheit m\u00fcssen sich mit einer Zwei-Faktor-Authentifizierung anmelden.<\/li>\n<li>Die Learnlab-Organisationseinheit kontrolliert den VPN-Zugang zur Learnlab SSO-Datenbank; in der Standardkonfiguration ist VPN deaktiviert.<\/li>\n<li>Die Konfiguration der Learnlab SSO-Datenbank wird \u00fcberwacht.<\/li>\n<li>Die Aktivit\u00e4ten der Learnlab-Organisationseinheit werden \u00fcberwacht.<\/li>\n<\/ol>\n<h2>ALLGEMEINE GESCH\u00c4FTSBEDINGUNGEN F\u00dcR KOSTENLOSE NUTZER VON COLAB<\/h2>\n<p>Zuletzt aktualisiert: 02\/11\/22.<\/p>\n<p><strong>Einf\u00fchrung<\/strong><\/p>\n<p>Willkommen bei den Allgemeinen Gesch\u00e4ftsbedingungen von LearnLab.<\/p>\n<p>Dies gilt f\u00fcr unsere Website und Softwareanwendung (learnlab.net), die Eigentum von LearnLab AS ist und von dieser betrieben wird. Wir bezeichnen diese Website und Anwendung in dieser Vereinbarung als die &#8220;Dienste&#8221;. Indem Sie die Dienste besuchen und auf die von uns bereitgestellten Informationen, Ressourcen, Dienste, Produkte und Tools zugreifen, erkl\u00e4ren Sie sich mit den folgenden Bedingungen einverstanden, die in dieser Richtlinie (im Folgenden als &#8220;Nutzungsvereinbarung&#8221; bezeichnet) aufgef\u00fchrt sind, und stimmen diesen zu.<\/p>\n<p>Diese Vereinbarung ist seit dem 20\/09\/17 in Kraft.<\/p>\n<p>Wir behalten uns das Recht vor, diese Nutzungsvereinbarung von Zeit zu Zeit ohne Vorank\u00fcndigung zu \u00e4ndern. Sie erkennen an und stimmen zu, dass es in Ihrer Verantwortung liegt, diese Nutzungsvereinbarung regelm\u00e4\u00dfig zu \u00fcberpr\u00fcfen, um sich mit etwaigen \u00c4nderungen vertraut zu machen. Ihre fortgesetzte Nutzung der Dienste nach solchen \u00c4nderungen stellt eine Anerkennung und Zustimmung zu den ge\u00e4nderten Bedingungen dar.<\/p>\n<p>Wir bem\u00fchen uns, die Richtlinien f\u00fcr barrierefreie Webinhalte (WCAG) Version 2.0 (http:\/\/www.w3.org\/TR\/WCAG20\/) bis zur Konformit\u00e4tsstufe AA zu erf\u00fcllen.<\/p>\n<p><strong>Verantwortungsvolle Nutzung und Verhalten<\/strong><br \/>\nIndem Sie unsere Dienste besuchen und auf die Informationen, Ressourcen, Dienste, Produkte und Tools zugreifen, die wir Ihnen entweder direkt oder indirekt zur Verf\u00fcgung stellen (im Folgenden als &#8220;Ressourcen&#8221; bezeichnet), erkl\u00e4ren Sie sich damit einverstanden, diese Ressourcen nur f\u00fcr die Zwecke zu nutzen, die gem\u00e4\u00df (a) den Bedingungen dieser Nutzungsvereinbarung und (b) den geltenden Gesetzen, Vorschriften und allgemein anerkannten Online-Praktiken oder Richtlinien zul\u00e4ssig sind.<\/p>\n<p>Sie verstehen, dass:<\/p>\n<ol>\n<li>Um auf unsere Ressourcen zugreifen zu k\u00f6nnen, m\u00fcssen Sie m\u00f6glicherweise bestimmte Informationen \u00fcber sich selbst (wie z.B. Identifikation, Kontaktdaten usw.) als Teil des Registrierungsprozesses oder als Teil Ihrer F\u00e4higkeit, die Ressourcen zu nutzen, angeben. Sie erkl\u00e4ren sich damit einverstanden, dass alle von Ihnen bereitgestellten Informationen immer genau, korrekt und aktuell sind.<\/li>\n<li>Sie sind f\u00fcr die Wahrung der Vertraulichkeit aller Anmeldeinformationen verantwortlich, die mit einem Konto verbunden sind, das Sie f\u00fcr den Zugriff auf unsere Ressourcen verwenden. Dementsprechend sind Sie f\u00fcr alle Aktivit\u00e4ten verantwortlich, die unter Ihrem Konto\/Ihren Konten stattfinden.<\/li>\n<li>Der Zugriff (oder der Versuch des Zugriffs) auf unsere Ressourcen \u00fcber andere als die von uns bereitgestellten Mittel ist streng verboten. Sie erkl\u00e4ren sich insbesondere damit einverstanden, nicht \u00fcber automatisierte, unethische oder unkonventionelle Mittel auf unsere Ressourcen zuzugreifen (oder zu versuchen, darauf zuzugreifen).<\/li>\n<li>Jegliche Aktivit\u00e4ten, die unsere Ressourcen, einschlie\u00dflich der Server und\/oder Netzwerke, mit denen unsere Ressourcen verbunden sind, unterbrechen oder st\u00f6ren, sind strengstens untersagt.<\/li>\n<li>Der Versuch, unsere Ressourcen zu kopieren, zu vervielf\u00e4ltigen, zu reproduzieren, zu verkaufen, zu tauschen oder weiterzuverkaufen, ist strengstens untersagt, mit Ausnahme der Vervielf\u00e4ltigung und des Kopierens des Inhalts (d.h. der &#8220;Labs&#8221;) zum Zweck der Ver\u00f6ffentlichung auf LearnLab.<\/li>\n<li>Sie tragen die alleinige Verantwortung f\u00fcr alle Folgen, Verluste oder Sch\u00e4den, die uns direkt oder indirekt durch Ihre nicht autorisierten Aktivit\u00e4ten entstehen, wie oben erl\u00e4utert, und k\u00f6nnen straf- oder zivilrechtlich haftbar gemacht werden.<\/li>\n<li>Wir k\u00f6nnen in unseren Diensten verschiedene offene Kommunikationstools anbieten, wie Blog-Kommentare, Blog-Posts, \u00f6ffentliche Chats, Foren, Messageboards, Newsgroups, Produktbewertungen und -rezensionen, verschiedene Social-Media-Dienste usw.<\/li>\n<li>Sie sind sich bewusst, dass wir im Allgemeinen die von den Nutzern dieser verschiedenen Kommunikationstools geposteten Inhalte nicht im Voraus pr\u00fcfen oder \u00fcberwachen, was bedeutet, dass Sie, wenn Sie sich daf\u00fcr entscheiden, diese Tools zu nutzen, um Inhalte jeglicher Art an unsere Dienste zu \u00fcbermitteln, selbst daf\u00fcr verantwortlich sind, diese Tools auf verantwortungsvolle und ethische Weise zu nutzen.<\/li>\n<li>Durch das Einstellen von Informationen oder die anderweitige Nutzung der genannten offenen Kommunikationstools erkl\u00e4ren Sie sich damit einverstanden, keine Inhalte hochzuladen, einzustellen, zu teilen oder anderweitig zu verbreiten, die:\n<ol>\n<li>Illegal, bedrohlich, verleumderisch, missbr\u00e4uchlich, bel\u00e4stigend, erniedrigend, einsch\u00fcchternd, betr\u00fcgerisch, irref\u00fchrend, invasiv, rassistisch ist oder irgendeine Art von suggestiver, unangemessener oder expliziter Sprache enth\u00e4lt;<\/li>\n<li>Marken, Patente, Gesch\u00e4ftsgeheimnisse, Urheberrechte oder andere Eigentumsrechte einer Partei verletzen;<\/li>\n<li>Unerlaubte oder unaufgeforderte Werbung jeglicher Art enth\u00e4lt;<\/li>\n<li>sich als eine nat\u00fcrliche oder juristische Person ausgibt, einschlie\u00dflich der Mitarbeiter oder Vertreter von LearnLab AS.<\/li>\n<\/ol>\n<\/li>\n<li>Wir haben das Recht, nach eigenem Ermessen Inhalte zu entfernen, die nach unserem Ermessen nicht mit dieser Nutzungsvereinbarung \u00fcbereinstimmen, ebenso wie Inhalte, die nach unserem Ermessen beleidigend, sch\u00e4dlich, anst\u00f6\u00dfig oder ungenau sind oder die Urheberrechte oder Warenzeichen Dritter verletzen. Wir sind nicht verantwortlich f\u00fcr Verz\u00f6gerungen oder Fehler bei der Entfernung solcher Inhalte. Wenn Sie Inhalte einstellen, die wir entfernen m\u00f6chten, stimmen Sie hiermit der Entfernung zu und verzichten auf jegliche Anspr\u00fcche gegen uns.<\/li>\n<li>Wir \u00fcbernehmen keine Haftung f\u00fcr Inhalte, die von Ihnen oder anderen Nutzern unserer Dienste ver\u00f6ffentlicht werden. Inhalte, die Sie \u00fcber die offenen Kommunikationsmittel unserer Dienste ver\u00f6ffentlichen, gehen jedoch in das Eigentum von LearnLab AS \u00fcber, sofern sie keine Urheberrechte oder Marken Dritter verletzen, und geben uns eine unbefristete, unwiderrufliche, weltweite, geb\u00fchrenfreie und ausschlie\u00dfliche Lizenz, diese zu vervielf\u00e4ltigen, zu \u00e4ndern, anzupassen, zu \u00fcbersetzen, zu ver\u00f6ffentlichen, \u00f6ffentlich auszustellen und\/oder zu verbreiten, wie wir es f\u00fcr richtig halten. Dies bezieht sich nur auf Inhalte, die \u00fcber offene Kommunikationsmittel wie beschrieben ver\u00f6ffentlicht werden, und gilt nicht f\u00fcr Informationen, die als Teil des Registrierungsprozesses zur Verf\u00fcgung gestellt werden, der f\u00fcr die Nutzung unserer Ressourcen erforderlich ist.<\/li>\n<li>Sie erkl\u00e4ren sich damit einverstanden, LearnLab AS und seine Muttergesellschaft und verbundenen Unternehmen sowie deren Direktoren, leitende Angestellte, Manager, Mitarbeiter, Geber, Vertreter und Lizenzgeber von allen Verlusten, Ausgaben, Sch\u00e4den und Kosten, einschlie\u00dflich angemessener Anwaltskosten, die durch eine Verletzung dieser Nutzungsvereinbarung oder die Nichterf\u00fcllung von Verpflichtungen in Bezug auf Ihr Konto durch Sie oder eine andere Person, die Ihr Konto nutzt, entstehen, freizustellen und schadlos zu halten. Wir behalten uns das Recht vor, die ausschlie\u00dfliche Verteidigung von Anspr\u00fcchen zu \u00fcbernehmen, f\u00fcr die wir gem\u00e4\u00df dieser Nutzungsvereinbarung zur Entsch\u00e4digung berechtigt sind. In einem solchen Fall sind Sie verpflichtet, uns in dem von uns angemessenerweise geforderten Umfang zu unterst\u00fctzen.<\/li>\n<\/ol>\n<p><strong>Einschr\u00e4nkung der Garantien<\/strong><\/p>\n<p>Mit der Nutzung unserer Dienste erkl\u00e4ren Sie sich damit einverstanden, dass alle von uns zur Verf\u00fcgung gestellten Ressourcen &#8220;wie besehen&#8221; und &#8220;wie verf\u00fcgbar&#8221; sind. Das bedeutet, dass wir Ihnen gegen\u00fcber nicht zusichern oder garantieren, dass:<\/p>\n<ol>\n<li>die Nutzung unserer Ressourcen Ihren Bed\u00fcrfnissen oder Anforderungen entspricht.<\/li>\n<li>die Nutzung unserer Ressourcen ununterbrochen, zeitgerecht, sicher oder fehlerfrei erfolgt.<\/li>\n<li>die durch die Nutzung unserer Ressourcen erhaltenen Informationen genau oder zuverl\u00e4ssig sind und<\/li>\n<li>iv) etwaige M\u00e4ngel im Betrieb oder in der Funktionalit\u00e4t der von uns bereitgestellten Ressourcen repariert oder korrigiert werden.<\/li>\n<\/ol>\n<p>Dar\u00fcber hinaus sind Sie sich dar\u00fcber im Klaren und stimmen zu, dass:<\/p>\n<ol>\n<li>jeglicher Inhalt, der heruntergeladen oder anderweitig \u00fcber unsere Ressourcen bezogen wird, nach Ihrem eigenen Ermessen und auf Ihr eigenes Risiko erfolgt und dass Sie allein f\u00fcr jegliche Sch\u00e4den an Ihrem Computer oder anderen Ger\u00e4ten sowie f\u00fcr jeglichen Datenverlust verantwortlich sind, der aus dem Herunterladen eines solchen Inhalts resultieren kann.<\/li>\n<li>keine Informationen oder Ratschl\u00e4ge, ob ausdr\u00fccklich, stillschweigend, m\u00fcndlich oder schriftlich, die Sie von LearnLab AS oder \u00fcber von uns bereitgestellte Ressourcen erhalten, eine Garantie, Gew\u00e4hrleistung oder Bedingungen jeglicher Art begr\u00fcnden, mit Ausnahme derer, die ausdr\u00fccklich in dieser Nutzungsvereinbarung aufgef\u00fchrt sind.<\/li>\n<\/ol>\n<p><strong>Haftungsbeschr\u00e4nkung<\/strong><\/p>\n<p>In Verbindung mit der oben erl\u00e4uterten Beschr\u00e4nkung der Gew\u00e4hrleistung erkl\u00e4ren Sie sich ausdr\u00fccklich damit einverstanden, dass jeder Anspruch gegen uns auf den Betrag beschr\u00e4nkt ist, den Sie gegebenenfalls f\u00fcr die Nutzung von Produkten und\/oder Dienstleistungen bezahlt haben. LearnLab AS haftet nicht f\u00fcr direkte, indirekte, beil\u00e4ufige, Folge- oder exemplarische Verluste oder Sch\u00e4den, die Ihnen aufgrund der Nutzung unserer Ressourcen oder aufgrund von \u00c4nderungen, Datenverlusten oder -besch\u00e4digungen, Stornierungen, Zugangsverlusten oder Ausfallzeiten entstehen, soweit die geltenden Haftungsbeschr\u00e4nkungsgesetze Anwendung finden.<\/p>\n<p><strong>Urheberrechte\/Marken<\/strong><\/p>\n<p>Alle Inhalte und Materialien, die auf den Diensten verf\u00fcgbar sind, einschlie\u00dflich, aber nicht beschr\u00e4nkt auf Texte, Grafiken, Website-Namen, Code, Bilder und Logos, sind das geistige Eigentum von LearnLab AS und den Urhebern der Inhalte und sind durch das geltende Urheber- und Markenrecht gesch\u00fctzt. Jegliche unangemessene Nutzung, einschlie\u00dflich, aber nicht beschr\u00e4nkt auf die Vervielf\u00e4ltigung, den Vertrieb, die Anzeige oder die \u00dcbertragung von Inhalten auf den Diensten ist strengstens untersagt, es sei denn, LearnLab AS hat dies ausdr\u00fccklich genehmigt.<\/p>\n<p><strong>Beendigung der Nutzung<\/strong><\/p>\n<p>Sie erkl\u00e4ren sich damit einverstanden, dass wir nach eigenem Ermessen Ihren Zugang zu allen oder einem Teil unserer Dienste und Ressourcen mit oder ohne Vorank\u00fcndigung und aus beliebigem Grund, einschlie\u00dflich, aber nicht beschr\u00e4nkt auf einen Versto\u00df gegen diese Nutzungsvereinbarung, aussetzen oder beenden k\u00f6nnen. Jeder Verdacht auf illegale, betr\u00fcgerische oder missbr\u00e4uchliche Aktivit\u00e4ten kann ein Grund f\u00fcr die Beendigung Ihrer Beziehung sein und kann an die zust\u00e4ndigen Strafverfolgungsbeh\u00f6rden weitergeleitet werden. Bei einer Aussetzung oder Beendigung erlischt Ihr Recht zur Nutzung der von uns bereitgestellten Ressourcen sofort, und wir behalten uns das Recht vor, alle von Ihnen bei uns gespeicherten Informationen zu entfernen oder zu l\u00f6schen, einschlie\u00dflich aller Konto- oder Anmeldeinformationen.<\/p>\n<p><strong>Geltendes Recht<\/strong><\/p>\n<p>Die Dienste werden von LearnLab AS von unseren B\u00fcros in Oslo, Norwegen aus gesteuert. Auf sie kann von den meisten L\u00e4ndern der Welt aus zugegriffen werden. Da die Gesetze jedes Landes von den norwegischen Gesetzen abweichen k\u00f6nnen, erkl\u00e4ren Sie sich durch den Zugriff auf unsere Dienste damit einverstanden, dass die Statuten und Gesetze Norwegens, unter Ausschluss des Kollisionsrechts und des \u00dcbereinkommens der Vereinten Nationen \u00fcber den internationalen Warenkauf, f\u00fcr alle Angelegenheiten im Zusammenhang mit der Nutzung der Dienste und dem Kauf von Produkten oder Dienstleistungen \u00fcber die Dienste gelten. Dar\u00fcber hinaus wird jede Klage zur Durchsetzung dieser Nutzungsvereinbarung vor den Gerichten in Oslo, Norwegen, erhoben. Sie erkl\u00e4ren sich hiermit mit der pers\u00f6nlichen Zust\u00e4ndigkeit dieser Gerichte einverstanden und verzichten auf jegliche Einw\u00e4nde bez\u00fcglich der Zust\u00e4ndigkeit, des Gerichtsstandes oder des unpassenden Gerichtsstandes gegen\u00fcber diesen Gerichten.<\/p>\n<p><strong>GEW\u00c4HRLEISTUNG<\/strong><\/p>\n<p>SOFERN NICHT ANDERS ANGEGEBEN, LEHNT LEARNLAB AS AUSDR\u00dcCKLICH ALLE GEW\u00c4HRLEISTUNGEN UND BEDINGUNGEN JEGLICHER ART AB, OB AUSDR\u00dcCKLICH ODER STILLSCHWEIGEND, EINSCHLIESSLICH, ABER NICHT BESCHR\u00c4NKT AUF DIE STILLSCHWEIGENDEN GEW\u00c4HRLEISTUNGEN UND BEDINGUNGEN DER HANDELS\u00dcBLICHKEIT, DER EIGNUNG F\u00dcR EINEN ZWECK UND DER NICHTVERLETZUNG.<\/p>\n<p><strong>Kontaktaufnahme mit uns<\/strong><\/p>\n<p>Wenn Sie Fragen zu den Allgemeinen Gesch\u00e4ftsbedingungen haben, wenden Sie sich bitte an support@learnlab.net oder LearnLab AS, Kristian IVs gate 13, 0164 Oslo, Norwegen.<\/p>\n<p>Da Kommunikation per E-Mail nicht immer sicher ist, bitten wir Sie, keine vertraulichen Informationen in Ihre E-Mails an uns aufzunehmen.<\/p>\n<\/div>\n<\/section>\n","protected":false},"excerpt":{"rendered":"<p>ALLGEMEINE GESCH\u00c4FTSBEDINGUNGEN F\u00dcR LIZENZNEHMER Zuletzt aktualisiert: 02\/11\/22. Die Datenspeicherung f\u00fcr Lizenznehmer erfolgt in \u00dcbereinstimmung mit der Datenschutz-Grundverordnung (DSGVO) (Englisch: General Data Protection Regulation (GDPR)) in der EU und dem Europ\u00e4ischen Wirtschaftsraum (EWR). Die Allgemeinen Gesch\u00e4ftsbedingungen f\u00fcr Lizenznehmer werden in einer separaten und unterzeichneten Vereinbarung zwischen Learnlab und dem Kunden geregelt. Alle lizenzierten Nutzer sind verpflichtet, [&hellip;]<\/p>\n","protected":false},"author":1,"featured_media":0,"parent":0,"menu_order":0,"comment_status":"closed","ping_status":"closed","template":"page-templates\/text.php","meta":{"_acf_changed":false,"footnotes":""},"class_list":["post-25","page","type-page","status-publish","hentry"],"acf":[],"yoast_head":"<!-- This site is optimized with the Yoast SEO plugin v24.9 - https:\/\/yoast.com\/wordpress\/plugins\/seo\/ -->\n<title>Allgemeine Gesch\u00e4ftsbedingungen - Learnlab DE<\/title>\n<meta name=\"robots\" content=\"index, follow, max-snippet:-1, max-image-preview:large, max-video-preview:-1\" \/>\n<link rel=\"canonical\" href=\"https:\/\/info.learnlab.net\/de\/terms-conditions\/\" \/>\n<meta property=\"og:locale\" content=\"en_US\" \/>\n<meta property=\"og:type\" content=\"article\" \/>\n<meta property=\"og:title\" content=\"Allgemeine Gesch\u00e4ftsbedingungen - Learnlab DE\" \/>\n<meta property=\"og:description\" content=\"ALLGEMEINE GESCH\u00c4FTSBEDINGUNGEN F\u00dcR LIZENZNEHMER Zuletzt aktualisiert: 02\/11\/22. Die Datenspeicherung f\u00fcr Lizenznehmer erfolgt in \u00dcbereinstimmung mit der Datenschutz-Grundverordnung (DSGVO) (Englisch: General Data Protection Regulation (GDPR)) in der EU und dem Europ\u00e4ischen Wirtschaftsraum (EWR). Die Allgemeinen Gesch\u00e4ftsbedingungen f\u00fcr Lizenznehmer werden in einer separaten und unterzeichneten Vereinbarung zwischen Learnlab und dem Kunden geregelt. Alle lizenzierten Nutzer sind verpflichtet, [&hellip;]\" \/>\n<meta property=\"og:url\" content=\"https:\/\/info.learnlab.net\/de\/terms-conditions\/\" \/>\n<meta property=\"og:site_name\" content=\"Learnlab DE\" \/>\n<meta property=\"article:modified_time\" content=\"2024-09-21T14:47:10+00:00\" \/>\n<meta name=\"twitter:card\" content=\"summary_large_image\" \/>\n<meta name=\"twitter:label1\" content=\"Est. reading time\" \/>\n\t<meta name=\"twitter:data1\" content=\"9 minutes\" \/>\n<script type=\"application\/ld+json\" class=\"yoast-schema-graph\">{\"@context\":\"https:\/\/schema.org\",\"@graph\":[{\"@type\":\"WebPage\",\"@id\":\"https:\/\/info.learnlab.net\/de\/terms-conditions\/\",\"url\":\"https:\/\/info.learnlab.net\/de\/terms-conditions\/\",\"name\":\"Allgemeine Gesch\u00e4ftsbedingungen - Learnlab DE\",\"isPartOf\":{\"@id\":\"https:\/\/info.learnlab.net\/de\/#website\"},\"datePublished\":\"2024-07-09T12:50:11+00:00\",\"dateModified\":\"2024-09-21T14:47:10+00:00\",\"breadcrumb\":{\"@id\":\"https:\/\/info.learnlab.net\/de\/terms-conditions\/#breadcrumb\"},\"inLanguage\":\"en-US\",\"potentialAction\":[{\"@type\":\"ReadAction\",\"target\":[\"https:\/\/info.learnlab.net\/de\/terms-conditions\/\"]}]},{\"@type\":\"BreadcrumbList\",\"@id\":\"https:\/\/info.learnlab.net\/de\/terms-conditions\/#breadcrumb\",\"itemListElement\":[{\"@type\":\"ListItem\",\"position\":1,\"name\":\"Home\",\"item\":\"https:\/\/info.learnlab.net\/de\/\"},{\"@type\":\"ListItem\",\"position\":2,\"name\":\"Allgemeine Gesch\u00e4ftsbedingungen\"}]},{\"@type\":\"WebSite\",\"@id\":\"https:\/\/info.learnlab.net\/de\/#website\",\"url\":\"https:\/\/info.learnlab.net\/de\/\",\"name\":\"Learnlab DE\",\"description\":\"Digital Werkzeuge f\u00fcr Lehrpersonen, Sch\u00fcler &amp; Sch\u00fclerinnen\",\"publisher\":{\"@id\":\"https:\/\/info.learnlab.net\/de\/#organization\"},\"potentialAction\":[{\"@type\":\"SearchAction\",\"target\":{\"@type\":\"EntryPoint\",\"urlTemplate\":\"https:\/\/info.learnlab.net\/de\/?s={search_term_string}\"},\"query-input\":{\"@type\":\"PropertyValueSpecification\",\"valueRequired\":true,\"valueName\":\"search_term_string\"}}],\"inLanguage\":\"en-US\"},{\"@type\":\"Organization\",\"@id\":\"https:\/\/info.learnlab.net\/de\/#organization\",\"name\":\"Learnlab DE\",\"url\":\"https:\/\/info.learnlab.net\/de\/\",\"logo\":{\"@type\":\"ImageObject\",\"inLanguage\":\"en-US\",\"@id\":\"https:\/\/info.learnlab.net\/de\/#\/schema\/logo\/image\/\",\"url\":\"https:\/\/info.learnlab.net\/de\/wp-content\/uploads\/sites\/5\/2024\/07\/learnlab-logo.svg\",\"contentUrl\":\"https:\/\/info.learnlab.net\/de\/wp-content\/uploads\/sites\/5\/2024\/07\/learnlab-logo.svg\",\"caption\":\"Learnlab DE\"},\"image\":{\"@id\":\"https:\/\/info.learnlab.net\/de\/#\/schema\/logo\/image\/\"}}]}<\/script>\n<!-- \/ Yoast SEO plugin. -->","yoast_head_json":{"title":"Allgemeine Gesch\u00e4ftsbedingungen - Learnlab DE","robots":{"index":"index","follow":"follow","max-snippet":"max-snippet:-1","max-image-preview":"max-image-preview:large","max-video-preview":"max-video-preview:-1"},"canonical":"https:\/\/info.learnlab.net\/de\/terms-conditions\/","og_locale":"en_US","og_type":"article","og_title":"Allgemeine Gesch\u00e4ftsbedingungen - Learnlab DE","og_description":"ALLGEMEINE GESCH\u00c4FTSBEDINGUNGEN F\u00dcR LIZENZNEHMER Zuletzt aktualisiert: 02\/11\/22. Die Datenspeicherung f\u00fcr Lizenznehmer erfolgt in \u00dcbereinstimmung mit der Datenschutz-Grundverordnung (DSGVO) (Englisch: General Data Protection Regulation (GDPR)) in der EU und dem Europ\u00e4ischen Wirtschaftsraum (EWR). Die Allgemeinen Gesch\u00e4ftsbedingungen f\u00fcr Lizenznehmer werden in einer separaten und unterzeichneten Vereinbarung zwischen Learnlab und dem Kunden geregelt. Alle lizenzierten Nutzer sind verpflichtet, [&hellip;]","og_url":"https:\/\/info.learnlab.net\/de\/terms-conditions\/","og_site_name":"Learnlab DE","article_modified_time":"2024-09-21T14:47:10+00:00","twitter_card":"summary_large_image","twitter_misc":{"Est. reading time":"9 minutes"},"schema":{"@context":"https:\/\/schema.org","@graph":[{"@type":"WebPage","@id":"https:\/\/info.learnlab.net\/de\/terms-conditions\/","url":"https:\/\/info.learnlab.net\/de\/terms-conditions\/","name":"Allgemeine Gesch\u00e4ftsbedingungen - Learnlab DE","isPartOf":{"@id":"https:\/\/info.learnlab.net\/de\/#website"},"datePublished":"2024-07-09T12:50:11+00:00","dateModified":"2024-09-21T14:47:10+00:00","breadcrumb":{"@id":"https:\/\/info.learnlab.net\/de\/terms-conditions\/#breadcrumb"},"inLanguage":"en-US","potentialAction":[{"@type":"ReadAction","target":["https:\/\/info.learnlab.net\/de\/terms-conditions\/"]}]},{"@type":"BreadcrumbList","@id":"https:\/\/info.learnlab.net\/de\/terms-conditions\/#breadcrumb","itemListElement":[{"@type":"ListItem","position":1,"name":"Home","item":"https:\/\/info.learnlab.net\/de\/"},{"@type":"ListItem","position":2,"name":"Allgemeine Gesch\u00e4ftsbedingungen"}]},{"@type":"WebSite","@id":"https:\/\/info.learnlab.net\/de\/#website","url":"https:\/\/info.learnlab.net\/de\/","name":"Learnlab DE","description":"Digital Werkzeuge f\u00fcr Lehrpersonen, Sch\u00fcler &amp; Sch\u00fclerinnen","publisher":{"@id":"https:\/\/info.learnlab.net\/de\/#organization"},"potentialAction":[{"@type":"SearchAction","target":{"@type":"EntryPoint","urlTemplate":"https:\/\/info.learnlab.net\/de\/?s={search_term_string}"},"query-input":{"@type":"PropertyValueSpecification","valueRequired":true,"valueName":"search_term_string"}}],"inLanguage":"en-US"},{"@type":"Organization","@id":"https:\/\/info.learnlab.net\/de\/#organization","name":"Learnlab DE","url":"https:\/\/info.learnlab.net\/de\/","logo":{"@type":"ImageObject","inLanguage":"en-US","@id":"https:\/\/info.learnlab.net\/de\/#\/schema\/logo\/image\/","url":"https:\/\/info.learnlab.net\/de\/wp-content\/uploads\/sites\/5\/2024\/07\/learnlab-logo.svg","contentUrl":"https:\/\/info.learnlab.net\/de\/wp-content\/uploads\/sites\/5\/2024\/07\/learnlab-logo.svg","caption":"Learnlab DE"},"image":{"@id":"https:\/\/info.learnlab.net\/de\/#\/schema\/logo\/image\/"}}]}},"_links":{"self":[{"href":"https:\/\/info.learnlab.net\/de\/wp-json\/wp\/v2\/pages\/25","targetHints":{"allow":["GET"]}}],"collection":[{"href":"https:\/\/info.learnlab.net\/de\/wp-json\/wp\/v2\/pages"}],"about":[{"href":"https:\/\/info.learnlab.net\/de\/wp-json\/wp\/v2\/types\/page"}],"author":[{"embeddable":true,"href":"https:\/\/info.learnlab.net\/de\/wp-json\/wp\/v2\/users\/1"}],"replies":[{"embeddable":true,"href":"https:\/\/info.learnlab.net\/de\/wp-json\/wp\/v2\/comments?post=25"}],"version-history":[{"count":5,"href":"https:\/\/info.learnlab.net\/de\/wp-json\/wp\/v2\/pages\/25\/revisions"}],"predecessor-version":[{"id":770,"href":"https:\/\/info.learnlab.net\/de\/wp-json\/wp\/v2\/pages\/25\/revisions\/770"}],"wp:attachment":[{"href":"https:\/\/info.learnlab.net\/de\/wp-json\/wp\/v2\/media?parent=25"}],"curies":[{"name":"wp","href":"https:\/\/api.w.org\/{rel}","templated":true}]}}