{"id":1135,"date":"2025-08-20T11:27:34","date_gmt":"2025-08-20T11:27:34","guid":{"rendered":"https:\/\/info.learnlab.net\/de\/?page_id=1135"},"modified":"2026-04-10T08:36:17","modified_gmt":"2026-04-10T08:36:17","slug":"progressionseinblick","status":"publish","type":"page","link":"https:\/\/info.learnlab.net\/de\/progressionseinblick\/","title":{"rendered":"Progressionseinblick"},"content":{"rendered":"<h2 class=\"p1\">Eine h\u00e4ufige Sorge in der Schule ist heute, dass Sch\u00fclerinnen und Sch\u00fcler k\u00fcnstliche Intelligenz nutzen, um Aufgaben zu erledigen, ohne dabei wirklich etwas zu lernen. Learnlab l\u00f6st dieses Problem mit einem Werkzeug, das Progressionseinblick hei\u00dft.<\/h2>\n","protected":false},"excerpt":{"rendered":"<p>Eine h\u00e4ufige Sorge in der Schule ist heute, dass Sch\u00fclerinnen und Sch\u00fcler k\u00fcnstliche Intelligenz nutzen, um Aufgaben zu erledigen, ohne dabei wirklich etwas zu lernen. Learnlab l\u00f6st dieses Problem mit einem Werkzeug, das Progressionseinblick hei\u00dft.<\/p>\n","protected":false},"author":13,"featured_media":0,"parent":0,"menu_order":0,"comment_status":"closed","ping_status":"closed","template":"","meta":{"_acf_changed":false,"footnotes":""},"class_list":["post-1135","page","type-page","status-publish","hentry"],"acf":[],"yoast_head":"<!-- This site is optimized with the Yoast SEO plugin v24.9 - https:\/\/yoast.com\/wordpress\/plugins\/seo\/ -->\n<title>Progressionseinblick - Learnlab DE<\/title>\n<meta name=\"robots\" content=\"index, follow, max-snippet:-1, max-image-preview:large, max-video-preview:-1\" \/>\n<link rel=\"canonical\" href=\"https:\/\/info.learnlab.net\/de\/progressionseinblick\/\" \/>\n<meta property=\"og:locale\" content=\"en_US\" \/>\n<meta property=\"og:type\" content=\"article\" \/>\n<meta property=\"og:title\" content=\"Progressionseinblick - Learnlab DE\" \/>\n<meta property=\"og:description\" content=\"Eine h\u00e4ufige Sorge in der Schule ist heute, dass Sch\u00fclerinnen und Sch\u00fcler k\u00fcnstliche Intelligenz nutzen, um Aufgaben zu erledigen, ohne dabei wirklich etwas zu lernen. Learnlab l\u00f6st dieses Problem mit einem Werkzeug, das Progressionseinblick hei\u00dft.\" \/>\n<meta property=\"og:url\" content=\"https:\/\/info.learnlab.net\/de\/progressionseinblick\/\" \/>\n<meta property=\"og:site_name\" content=\"Learnlab DE\" \/>\n<meta property=\"article:modified_time\" content=\"2026-04-10T08:36:17+00:00\" \/>\n<meta name=\"twitter:card\" content=\"summary_large_image\" \/>\n<meta name=\"twitter:label1\" content=\"Est. reading time\" \/>\n\t<meta name=\"twitter:data1\" content=\"1 minute\" \/>\n<script type=\"application\/ld+json\" class=\"yoast-schema-graph\">{\"@context\":\"https:\/\/schema.org\",\"@graph\":[{\"@type\":\"WebPage\",\"@id\":\"https:\/\/info.learnlab.net\/de\/progressionseinblick\/\",\"url\":\"https:\/\/info.learnlab.net\/de\/progressionseinblick\/\",\"name\":\"Progressionseinblick - Learnlab DE\",\"isPartOf\":{\"@id\":\"https:\/\/info.learnlab.net\/de\/#website\"},\"datePublished\":\"2025-08-20T11:27:34+00:00\",\"dateModified\":\"2026-04-10T08:36:17+00:00\",\"breadcrumb\":{\"@id\":\"https:\/\/info.learnlab.net\/de\/progressionseinblick\/#breadcrumb\"},\"inLanguage\":\"en-US\",\"potentialAction\":[{\"@type\":\"ReadAction\",\"target\":[\"https:\/\/info.learnlab.net\/de\/progressionseinblick\/\"]}]},{\"@type\":\"BreadcrumbList\",\"@id\":\"https:\/\/info.learnlab.net\/de\/progressionseinblick\/#breadcrumb\",\"itemListElement\":[{\"@type\":\"ListItem\",\"position\":1,\"name\":\"Home\",\"item\":\"https:\/\/info.learnlab.net\/de\/\"},{\"@type\":\"ListItem\",\"position\":2,\"name\":\"Progressionseinblick\"}]},{\"@type\":\"WebSite\",\"@id\":\"https:\/\/info.learnlab.net\/de\/#website\",\"url\":\"https:\/\/info.learnlab.net\/de\/\",\"name\":\"Learnlab DE\",\"description\":\"Digital Werkzeuge f\u00fcr Lehrpersonen, Sch\u00fcler &amp; Sch\u00fclerinnen\",\"publisher\":{\"@id\":\"https:\/\/info.learnlab.net\/de\/#organization\"},\"potentialAction\":[{\"@type\":\"SearchAction\",\"target\":{\"@type\":\"EntryPoint\",\"urlTemplate\":\"https:\/\/info.learnlab.net\/de\/?s={search_term_string}\"},\"query-input\":{\"@type\":\"PropertyValueSpecification\",\"valueRequired\":true,\"valueName\":\"search_term_string\"}}],\"inLanguage\":\"en-US\"},{\"@type\":\"Organization\",\"@id\":\"https:\/\/info.learnlab.net\/de\/#organization\",\"name\":\"Learnlab DE\",\"url\":\"https:\/\/info.learnlab.net\/de\/\",\"logo\":{\"@type\":\"ImageObject\",\"inLanguage\":\"en-US\",\"@id\":\"https:\/\/info.learnlab.net\/de\/#\/schema\/logo\/image\/\",\"url\":\"https:\/\/info.learnlab.net\/de\/wp-content\/uploads\/sites\/5\/2024\/07\/learnlab-logo.svg\",\"contentUrl\":\"https:\/\/info.learnlab.net\/de\/wp-content\/uploads\/sites\/5\/2024\/07\/learnlab-logo.svg\",\"caption\":\"Learnlab DE\"},\"image\":{\"@id\":\"https:\/\/info.learnlab.net\/de\/#\/schema\/logo\/image\/\"}}]}<\/script>\n<!-- \/ Yoast SEO plugin. -->","yoast_head_json":{"title":"Progressionseinblick - Learnlab DE","robots":{"index":"index","follow":"follow","max-snippet":"max-snippet:-1","max-image-preview":"max-image-preview:large","max-video-preview":"max-video-preview:-1"},"canonical":"https:\/\/info.learnlab.net\/de\/progressionseinblick\/","og_locale":"en_US","og_type":"article","og_title":"Progressionseinblick - Learnlab DE","og_description":"Eine h\u00e4ufige Sorge in der Schule ist heute, dass Sch\u00fclerinnen und Sch\u00fcler k\u00fcnstliche Intelligenz nutzen, um Aufgaben zu erledigen, ohne dabei wirklich etwas zu lernen. Learnlab l\u00f6st dieses Problem mit einem Werkzeug, das Progressionseinblick hei\u00dft.","og_url":"https:\/\/info.learnlab.net\/de\/progressionseinblick\/","og_site_name":"Learnlab DE","article_modified_time":"2026-04-10T08:36:17+00:00","twitter_card":"summary_large_image","twitter_misc":{"Est. reading time":"1 minute"},"schema":{"@context":"https:\/\/schema.org","@graph":[{"@type":"WebPage","@id":"https:\/\/info.learnlab.net\/de\/progressionseinblick\/","url":"https:\/\/info.learnlab.net\/de\/progressionseinblick\/","name":"Progressionseinblick - Learnlab DE","isPartOf":{"@id":"https:\/\/info.learnlab.net\/de\/#website"},"datePublished":"2025-08-20T11:27:34+00:00","dateModified":"2026-04-10T08:36:17+00:00","breadcrumb":{"@id":"https:\/\/info.learnlab.net\/de\/progressionseinblick\/#breadcrumb"},"inLanguage":"en-US","potentialAction":[{"@type":"ReadAction","target":["https:\/\/info.learnlab.net\/de\/progressionseinblick\/"]}]},{"@type":"BreadcrumbList","@id":"https:\/\/info.learnlab.net\/de\/progressionseinblick\/#breadcrumb","itemListElement":[{"@type":"ListItem","position":1,"name":"Home","item":"https:\/\/info.learnlab.net\/de\/"},{"@type":"ListItem","position":2,"name":"Progressionseinblick"}]},{"@type":"WebSite","@id":"https:\/\/info.learnlab.net\/de\/#website","url":"https:\/\/info.learnlab.net\/de\/","name":"Learnlab DE","description":"Digital Werkzeuge f\u00fcr Lehrpersonen, Sch\u00fcler &amp; Sch\u00fclerinnen","publisher":{"@id":"https:\/\/info.learnlab.net\/de\/#organization"},"potentialAction":[{"@type":"SearchAction","target":{"@type":"EntryPoint","urlTemplate":"https:\/\/info.learnlab.net\/de\/?s={search_term_string}"},"query-input":{"@type":"PropertyValueSpecification","valueRequired":true,"valueName":"search_term_string"}}],"inLanguage":"en-US"},{"@type":"Organization","@id":"https:\/\/info.learnlab.net\/de\/#organization","name":"Learnlab DE","url":"https:\/\/info.learnlab.net\/de\/","logo":{"@type":"ImageObject","inLanguage":"en-US","@id":"https:\/\/info.learnlab.net\/de\/#\/schema\/logo\/image\/","url":"https:\/\/info.learnlab.net\/de\/wp-content\/uploads\/sites\/5\/2024\/07\/learnlab-logo.svg","contentUrl":"https:\/\/info.learnlab.net\/de\/wp-content\/uploads\/sites\/5\/2024\/07\/learnlab-logo.svg","caption":"Learnlab DE"},"image":{"@id":"https:\/\/info.learnlab.net\/de\/#\/schema\/logo\/image\/"}}]}},"_links":{"self":[{"href":"https:\/\/info.learnlab.net\/de\/wp-json\/wp\/v2\/pages\/1135","targetHints":{"allow":["GET"]}}],"collection":[{"href":"https:\/\/info.learnlab.net\/de\/wp-json\/wp\/v2\/pages"}],"about":[{"href":"https:\/\/info.learnlab.net\/de\/wp-json\/wp\/v2\/types\/page"}],"author":[{"embeddable":true,"href":"https:\/\/info.learnlab.net\/de\/wp-json\/wp\/v2\/users\/13"}],"replies":[{"embeddable":true,"href":"https:\/\/info.learnlab.net\/de\/wp-json\/wp\/v2\/comments?post=1135"}],"version-history":[{"count":4,"href":"https:\/\/info.learnlab.net\/de\/wp-json\/wp\/v2\/pages\/1135\/revisions"}],"predecessor-version":[{"id":1206,"href":"https:\/\/info.learnlab.net\/de\/wp-json\/wp\/v2\/pages\/1135\/revisions\/1206"}],"wp:attachment":[{"href":"https:\/\/info.learnlab.net\/de\/wp-json\/wp\/v2\/media?parent=1135"}],"curies":[{"name":"wp","href":"https:\/\/api.w.org\/{rel}","templated":true}]}}